{"id":1644,"date":"2026-03-02T11:00:00","date_gmt":"2026-03-02T10:00:00","guid":{"rendered":"https:\/\/staegerag.ch\/bang-olufsen\/?post_type=product&#038;p=1644"},"modified":"2026-03-02T11:20:57","modified_gmt":"2026-03-02T10:20:57","slug":"beosound-a1-2-gen-green","status":"publish","type":"product","link":"https:\/\/staegerag.ch\/bang-olufsen\/produkt\/beosound-a1-2-gen-green\/","title":{"rendered":"Beosound A1 2.Gen Green"},"content":{"rendered":"<p>Egal, wohin Sie gehen, wen Sie treffen oder was Sie vorhaben, bringen Sie Sch\u00f6nheit in den Moment. Der verbesserte Beosound A1 ist eine raffinierte Handvoll musikalischer Gl\u00fcckseligkeit. Entwickelt, um von allen geteilt zu werden &#8211; stundenlang.<\/p>\n","protected":false},"excerpt":{"rendered":"<p>Egal, wohin Sie gehen, wen Sie treffen oder was Sie vorhaben, bringen Sie Sch\u00f6nheit in den Moment. Der verbesserte Beosound A1 ist eine raffinierte Handvoll musikalischer Gl\u00fcckseligkeit. Entwickelt, um von allen geteilt zu werden &#8211; stundenlang.<\/p>\n","protected":false},"featured_media":1651,"comment_status":"open","ping_status":"closed","template":"","meta":[],"product_brand":[22],"product_cat":[24],"product_tag":[30],"class_list":{"0":"post-1644","1":"product","2":"type-product","3":"status-publish","4":"has-post-thumbnail","6":"product_brand-bang-olufsen","7":"product_cat-auslaufmodelle","8":"product_tag-auslaufmodell","10":"first","11":"instock","12":"sale","13":"shipping-taxable","14":"purchasable","15":"product-type-simple"},"yoast_head":"<!-- This site is optimized with the Yoast SEO Premium plugin v27.4 (Yoast SEO v27.4) - https:\/\/yoast.com\/product\/yoast-seo-premium-wordpress\/ -->\n<title>Beosound A1 2.Gen Green - Bang &amp; Olufsen STAEGER AG Thalwil - St\u00e4fa<\/title>\n<meta name=\"robots\" content=\"index, follow, max-snippet:-1, max-image-preview:large, max-video-preview:-1\" \/>\n<link rel=\"canonical\" href=\"https:\/\/staegerag.ch\/bang-olufsen\/produkt\/beosound-a1-2-gen-green\/\" \/>\n<meta property=\"og:locale\" content=\"de_DE\" \/>\n<meta property=\"og:type\" content=\"article\" \/>\n<meta property=\"og:title\" content=\"Beosound A1 2.Gen Green\" \/>\n<meta property=\"og:description\" content=\"Egal, wohin Sie gehen, wen Sie treffen oder was Sie vorhaben, bringen Sie Sch\u00f6nheit in den Moment. Der verbesserte Beosound A1 ist eine raffinierte Handvoll musikalischer Gl\u00fcckseligkeit. Entwickelt, um von allen geteilt zu werden - stundenlang.\" \/>\n<meta property=\"og:url\" content=\"https:\/\/staegerag.ch\/bang-olufsen\/produkt\/beosound-a1-2-gen-green\/\" \/>\n<meta property=\"og:site_name\" content=\"Bang &amp; Olufsen STAEGER AG Thalwil - St\u00e4fa\" \/>\n<meta property=\"article:modified_time\" content=\"2026-03-02T10:20:57+00:00\" \/>\n<meta property=\"og:image\" content=\"http:\/\/staegerag.ch\/bang-olufsen\/wp-content\/uploads\/sites\/2\/2025\/12\/beosound_a1_2gen_green_01.webp\" \/>\n\t<meta property=\"og:image:width\" content=\"1000\" \/>\n\t<meta property=\"og:image:height\" content=\"1000\" \/>\n\t<meta property=\"og:image:type\" content=\"image\/webp\" \/>\n<script type=\"application\/ld+json\" class=\"yoast-schema-graph\">{\"@context\":\"https:\\\/\\\/schema.org\",\"@graph\":[{\"@type\":\"WebPage\",\"@id\":\"https:\\\/\\\/staegerag.ch\\\/bang-olufsen\\\/produkt\\\/beosound-a1-2-gen-green\\\/\",\"url\":\"https:\\\/\\\/staegerag.ch\\\/bang-olufsen\\\/produkt\\\/beosound-a1-2-gen-green\\\/\",\"name\":\"Beosound A1 2.Gen Green - Bang &amp; Olufsen STAEGER AG Thalwil - St\u00e4fa\",\"isPartOf\":{\"@id\":\"https:\\\/\\\/staegerag.ch\\\/bang-olufsen\\\/#website\"},\"primaryImageOfPage\":{\"@id\":\"https:\\\/\\\/staegerag.ch\\\/bang-olufsen\\\/produkt\\\/beosound-a1-2-gen-green\\\/#primaryimage\"},\"image\":{\"@id\":\"https:\\\/\\\/staegerag.ch\\\/bang-olufsen\\\/produkt\\\/beosound-a1-2-gen-green\\\/#primaryimage\"},\"thumbnailUrl\":\"https:\\\/\\\/staegerag.ch\\\/bang-olufsen\\\/wp-content\\\/uploads\\\/sites\\\/2\\\/2025\\\/12\\\/beosound_a1_2gen_green_01.webp\",\"datePublished\":\"2026-03-02T10:00:00+00:00\",\"dateModified\":\"2026-03-02T10:20:57+00:00\",\"breadcrumb\":{\"@id\":\"https:\\\/\\\/staegerag.ch\\\/bang-olufsen\\\/produkt\\\/beosound-a1-2-gen-green\\\/#breadcrumb\"},\"inLanguage\":\"de\",\"potentialAction\":[{\"@type\":\"ReadAction\",\"target\":[\"https:\\\/\\\/staegerag.ch\\\/bang-olufsen\\\/produkt\\\/beosound-a1-2-gen-green\\\/\"]}]},{\"@type\":\"ImageObject\",\"inLanguage\":\"de\",\"@id\":\"https:\\\/\\\/staegerag.ch\\\/bang-olufsen\\\/produkt\\\/beosound-a1-2-gen-green\\\/#primaryimage\",\"url\":\"https:\\\/\\\/staegerag.ch\\\/bang-olufsen\\\/wp-content\\\/uploads\\\/sites\\\/2\\\/2025\\\/12\\\/beosound_a1_2gen_green_01.webp\",\"contentUrl\":\"https:\\\/\\\/staegerag.ch\\\/bang-olufsen\\\/wp-content\\\/uploads\\\/sites\\\/2\\\/2025\\\/12\\\/beosound_a1_2gen_green_01.webp\",\"width\":1000,\"height\":1000},{\"@type\":\"BreadcrumbList\",\"@id\":\"https:\\\/\\\/staegerag.ch\\\/bang-olufsen\\\/produkt\\\/beosound-a1-2-gen-green\\\/#breadcrumb\",\"itemListElement\":[{\"@type\":\"ListItem\",\"position\":1,\"name\":\"Startseite\",\"item\":\"https:\\\/\\\/staegerag.ch\\\/bang-olufsen\\\/\"},{\"@type\":\"ListItem\",\"position\":2,\"name\":\"Shop\",\"item\":\"https:\\\/\\\/staegerag.ch\\\/bang-olufsen\\\/shop\\\/\"},{\"@type\":\"ListItem\",\"position\":3,\"name\":\"Beosound A1 2.Gen Green\"}]},{\"@type\":\"WebSite\",\"@id\":\"https:\\\/\\\/staegerag.ch\\\/bang-olufsen\\\/#website\",\"url\":\"https:\\\/\\\/staegerag.ch\\\/bang-olufsen\\\/\",\"name\":\"Bang & Olufsen STAEGER AG Thalwil - St\u00e4fa\",\"description\":\"sehen - h\u00f6ren - f\u00fchlen - erleben\",\"publisher\":{\"@id\":\"https:\\\/\\\/staegerag.ch\\\/bang-olufsen\\\/#organization\"},\"alternateName\":\"Bang & Olufsen Partner der Schweiz\",\"potentialAction\":[{\"@type\":\"SearchAction\",\"target\":{\"@type\":\"EntryPoint\",\"urlTemplate\":\"https:\\\/\\\/staegerag.ch\\\/bang-olufsen\\\/?s={search_term_string}\"},\"query-input\":{\"@type\":\"PropertyValueSpecification\",\"valueRequired\":true,\"valueName\":\"search_term_string\"}}],\"inLanguage\":\"de\"},{\"@type\":\"Organization\",\"@id\":\"https:\\\/\\\/staegerag.ch\\\/bang-olufsen\\\/#organization\",\"name\":\"Bang & Olufsen STAEGER AG Thalwil - St\u00e4fa\",\"alternateName\":\"Ihr Bang & Olufsen Partner der Schweiz\",\"url\":\"https:\\\/\\\/staegerag.ch\\\/bang-olufsen\\\/\",\"logo\":{\"@type\":\"ImageObject\",\"inLanguage\":\"de\",\"@id\":\"https:\\\/\\\/staegerag.ch\\\/bang-olufsen\\\/#\\\/schema\\\/logo\\\/image\\\/\",\"url\":\"https:\\\/\\\/staegerag.ch\\\/bang-olufsen\\\/wp-content\\\/uploads\\\/sites\\\/2\\\/2025\\\/09\\\/bo1925-bl-staegerag-scaled.png\",\"contentUrl\":\"https:\\\/\\\/staegerag.ch\\\/bang-olufsen\\\/wp-content\\\/uploads\\\/sites\\\/2\\\/2025\\\/09\\\/bo1925-bl-staegerag-scaled.png\",\"width\":2560,\"height\":857,\"caption\":\"Bang & Olufsen STAEGER AG Thalwil - St\u00e4fa\"},\"image\":{\"@id\":\"https:\\\/\\\/staegerag.ch\\\/bang-olufsen\\\/#\\\/schema\\\/logo\\\/image\\\/\"},\"sameAs\":[\"https:\\\/\\\/www.instagram.com\\\/bangolufsen_thalwil\\\/\"],\"description\":\"Die Bang & Olufsen STAEGER AG ist der anerkannte Multimedia-Spezialist und Flaggschiff-Partner von Bang & Olufsen am Z\u00fcrichsee, der High-End-Audio- und Video-L\u00f6sungen mit umfassender Beratung und Installation f\u00fcr Smart Homes anbietet.\",\"legalName\":\"Radio-Televisoin STAEGER AG\",\"foundingDate\":\"1955-12-24\",\"numberOfEmployees\":{\"@type\":\"QuantitativeValue\",\"minValue\":\"11\",\"maxValue\":\"50\"}}]}<\/script>\n<meta property=\"product:price:amount\" content=\"150.00\" \/>\n<meta property=\"product:price:currency\" content=\"CHF\" \/>\n<meta property=\"og:availability\" content=\"instock\" \/>\n<meta property=\"product:availability\" content=\"instock\" \/>\n<meta property=\"product:condition\" content=\"new\" \/>\n<!-- \/ Yoast SEO Premium plugin. -->","yoast_head_json":{"title":"Beosound A1 2.Gen Green - Bang &amp; Olufsen STAEGER AG Thalwil - St\u00e4fa","robots":{"index":"index","follow":"follow","max-snippet":"max-snippet:-1","max-image-preview":"max-image-preview:large","max-video-preview":"max-video-preview:-1"},"canonical":"https:\/\/staegerag.ch\/bang-olufsen\/produkt\/beosound-a1-2-gen-green\/","og_locale":"de_DE","og_type":"article","og_title":"Beosound A1 2.Gen Green","og_description":"Egal, wohin Sie gehen, wen Sie treffen oder was Sie vorhaben, bringen Sie Sch\u00f6nheit in den Moment. Der verbesserte Beosound A1 ist eine raffinierte Handvoll musikalischer Gl\u00fcckseligkeit. Entwickelt, um von allen geteilt zu werden - stundenlang.","og_url":"https:\/\/staegerag.ch\/bang-olufsen\/produkt\/beosound-a1-2-gen-green\/","og_site_name":"Bang &amp; Olufsen STAEGER AG Thalwil - St\u00e4fa","article_modified_time":"2026-03-02T10:20:57+00:00","og_image":[{"width":1000,"height":1000,"url":"http:\/\/staegerag.ch\/bang-olufsen\/wp-content\/uploads\/sites\/2\/2025\/12\/beosound_a1_2gen_green_01.webp","type":"image\/webp"}],"schema":{"@context":"https:\/\/schema.org","@graph":[{"@type":"WebPage","@id":"https:\/\/staegerag.ch\/bang-olufsen\/produkt\/beosound-a1-2-gen-green\/","url":"https:\/\/staegerag.ch\/bang-olufsen\/produkt\/beosound-a1-2-gen-green\/","name":"Beosound A1 2.Gen Green - Bang &amp; Olufsen STAEGER AG Thalwil - St\u00e4fa","isPartOf":{"@id":"https:\/\/staegerag.ch\/bang-olufsen\/#website"},"primaryImageOfPage":{"@id":"https:\/\/staegerag.ch\/bang-olufsen\/produkt\/beosound-a1-2-gen-green\/#primaryimage"},"image":{"@id":"https:\/\/staegerag.ch\/bang-olufsen\/produkt\/beosound-a1-2-gen-green\/#primaryimage"},"thumbnailUrl":"https:\/\/staegerag.ch\/bang-olufsen\/wp-content\/uploads\/sites\/2\/2025\/12\/beosound_a1_2gen_green_01.webp","datePublished":"2026-03-02T10:00:00+00:00","dateModified":"2026-03-02T10:20:57+00:00","breadcrumb":{"@id":"https:\/\/staegerag.ch\/bang-olufsen\/produkt\/beosound-a1-2-gen-green\/#breadcrumb"},"inLanguage":"de","potentialAction":[{"@type":"ReadAction","target":["https:\/\/staegerag.ch\/bang-olufsen\/produkt\/beosound-a1-2-gen-green\/"]}]},{"@type":"ImageObject","inLanguage":"de","@id":"https:\/\/staegerag.ch\/bang-olufsen\/produkt\/beosound-a1-2-gen-green\/#primaryimage","url":"https:\/\/staegerag.ch\/bang-olufsen\/wp-content\/uploads\/sites\/2\/2025\/12\/beosound_a1_2gen_green_01.webp","contentUrl":"https:\/\/staegerag.ch\/bang-olufsen\/wp-content\/uploads\/sites\/2\/2025\/12\/beosound_a1_2gen_green_01.webp","width":1000,"height":1000},{"@type":"BreadcrumbList","@id":"https:\/\/staegerag.ch\/bang-olufsen\/produkt\/beosound-a1-2-gen-green\/#breadcrumb","itemListElement":[{"@type":"ListItem","position":1,"name":"Startseite","item":"https:\/\/staegerag.ch\/bang-olufsen\/"},{"@type":"ListItem","position":2,"name":"Shop","item":"https:\/\/staegerag.ch\/bang-olufsen\/shop\/"},{"@type":"ListItem","position":3,"name":"Beosound A1 2.Gen Green"}]},{"@type":"WebSite","@id":"https:\/\/staegerag.ch\/bang-olufsen\/#website","url":"https:\/\/staegerag.ch\/bang-olufsen\/","name":"Bang & Olufsen STAEGER AG Thalwil - St\u00e4fa","description":"sehen - h\u00f6ren - f\u00fchlen - erleben","publisher":{"@id":"https:\/\/staegerag.ch\/bang-olufsen\/#organization"},"alternateName":"Bang & Olufsen Partner der Schweiz","potentialAction":[{"@type":"SearchAction","target":{"@type":"EntryPoint","urlTemplate":"https:\/\/staegerag.ch\/bang-olufsen\/?s={search_term_string}"},"query-input":{"@type":"PropertyValueSpecification","valueRequired":true,"valueName":"search_term_string"}}],"inLanguage":"de"},{"@type":"Organization","@id":"https:\/\/staegerag.ch\/bang-olufsen\/#organization","name":"Bang & Olufsen STAEGER AG Thalwil - St\u00e4fa","alternateName":"Ihr Bang & Olufsen Partner der Schweiz","url":"https:\/\/staegerag.ch\/bang-olufsen\/","logo":{"@type":"ImageObject","inLanguage":"de","@id":"https:\/\/staegerag.ch\/bang-olufsen\/#\/schema\/logo\/image\/","url":"https:\/\/staegerag.ch\/bang-olufsen\/wp-content\/uploads\/sites\/2\/2025\/09\/bo1925-bl-staegerag-scaled.png","contentUrl":"https:\/\/staegerag.ch\/bang-olufsen\/wp-content\/uploads\/sites\/2\/2025\/09\/bo1925-bl-staegerag-scaled.png","width":2560,"height":857,"caption":"Bang & Olufsen STAEGER AG Thalwil - St\u00e4fa"},"image":{"@id":"https:\/\/staegerag.ch\/bang-olufsen\/#\/schema\/logo\/image\/"},"sameAs":["https:\/\/www.instagram.com\/bangolufsen_thalwil\/"],"description":"Die Bang & Olufsen STAEGER AG ist der anerkannte Multimedia-Spezialist und Flaggschiff-Partner von Bang & Olufsen am Z\u00fcrichsee, der High-End-Audio- und Video-L\u00f6sungen mit umfassender Beratung und Installation f\u00fcr Smart Homes anbietet.","legalName":"Radio-Televisoin STAEGER AG","foundingDate":"1955-12-24","numberOfEmployees":{"@type":"QuantitativeValue","minValue":"11","maxValue":"50"}}]},"product_price_amount":"150.00","product_price_currency":"CHF","og_availability":"instock","product_availability":"instock","product_condition":"new"},"_links":{"self":[{"href":"https:\/\/staegerag.ch\/bang-olufsen\/wp-json\/wp\/v2\/product\/1644","targetHints":{"allow":["GET"]}}],"collection":[{"href":"https:\/\/staegerag.ch\/bang-olufsen\/wp-json\/wp\/v2\/product"}],"about":[{"href":"https:\/\/staegerag.ch\/bang-olufsen\/wp-json\/wp\/v2\/types\/product"}],"replies":[{"embeddable":true,"href":"https:\/\/staegerag.ch\/bang-olufsen\/wp-json\/wp\/v2\/comments?post=1644"}],"wp:featuredmedia":[{"embeddable":true,"href":"https:\/\/staegerag.ch\/bang-olufsen\/wp-json\/wp\/v2\/media\/1651"}],"wp:attachment":[{"href":"https:\/\/staegerag.ch\/bang-olufsen\/wp-json\/wp\/v2\/media?parent=1644"}],"wp:term":[{"taxonomy":"product_brand","embeddable":true,"href":"https:\/\/staegerag.ch\/bang-olufsen\/wp-json\/wp\/v2\/product_brand?post=1644"},{"taxonomy":"product_cat","embeddable":true,"href":"https:\/\/staegerag.ch\/bang-olufsen\/wp-json\/wp\/v2\/product_cat?post=1644"},{"taxonomy":"product_tag","embeddable":true,"href":"https:\/\/staegerag.ch\/bang-olufsen\/wp-json\/wp\/v2\/product_tag?post=1644"}],"curies":[{"name":"wp","href":"https:\/\/api.w.org\/{rel}","templated":true}]}}