{"id":1794,"date":"2026-02-26T10:10:58","date_gmt":"2026-02-26T09:10:58","guid":{"rendered":"https:\/\/staegerag.ch\/bang-olufsen\/?post_type=product&#038;p=1794"},"modified":"2026-02-26T10:18:46","modified_gmt":"2026-02-26T09:18:46","slug":"beosound-essence-mk2","status":"publish","type":"product","link":"https:\/\/staegerag.ch\/bang-olufsen\/produkt\/beosound-essence-mk2\/","title":{"rendered":"Beosound Essence MK2"},"content":{"rendered":"<div class=\"product__description rte quick-add-hidden\">\n<p data-path-to-node=\"8,0,0\"><b data-path-to-node=\"8,0,0\" data-index-in-node=\"0\">Grenzenloses Streaming:<\/b> Integriertes <b data-path-to-node=\"8,0,0\" data-index-in-node=\"37\">Spotify Connect<\/b>, <b data-path-to-node=\"8,0,0\" data-index-in-node=\"54\">Google Cast (Chromecast built-in)<\/b>, <b data-path-to-node=\"8,0,0\" data-index-in-node=\"89\">Apple AirPlay<\/b> und DLNA. Egal welches Ger\u00e4t Sie nutzen \u2013 Ihre Musik ist nur einen Klick entfernt.<\/p>\n<p data-path-to-node=\"8,1,0\"><b data-path-to-node=\"8,1,0\" data-index-in-node=\"0\">Multiroom-Erlebnis:<\/b> Integrieren Sie die Essence nahtlos in Ihr bestehendes Bang &amp; Olufsen Multiroom-System und lassen Sie die Musik durch das ganze Haus flie\u00dfen.<\/p>\n<p data-path-to-node=\"8,2,0\"><b data-path-to-node=\"8,2,0\" data-index-in-node=\"0\">Anschl\u00fcsse f\u00fcr Puristen:<\/b> Mit dem klassischen <b data-path-to-node=\"8,2,0\" data-index-in-node=\"45\">Power Link<\/b> Anschluss erwecken Sie Ihre Beolab-Lautsprecher zu neuem Leben. Zus\u00e4tzlich gibt es einen Line-In (Sense) und einen Ethernet-Port f\u00fcr maximale Stabilit\u00e4t.<\/p>\n<p data-path-to-node=\"8,3,0\"><b data-path-to-node=\"8,3,0\" data-index-in-node=\"0\">Intuitive Bedienung:<\/b> (Optional, falls Fernbedienung enthalten) Die ikonische Essence Remote aus geb\u00fcrstetem Aluminium ist ein Handschmeichler. Ein Dreh f\u00fcr die Lautst\u00e4rke, ein Fingertipp f\u00fcr Play\/Pause \u2013 purer Minimalismus.<\/p>\n<p data-path-to-node=\"8,3,0\"><b data-path-to-node=\"8,4,0\" data-index-in-node=\"0\">Internetradio:<\/b> Greifen Sie direkt \u00fcber TuneIn auf tausende Radiosender weltweit zu.<\/p>\n<\/div>\n","protected":false},"excerpt":{"rendered":"<p>Zum Verkauf steht ein Occ. Beosound Essence MK2<\/p>\n","protected":false},"featured_media":1796,"comment_status":"closed","ping_status":"closed","template":"","meta":[],"product_brand":[22],"product_cat":[23],"product_tag":[],"class_list":{"0":"post-1794","1":"product","2":"type-product","3":"status-publish","4":"has-post-thumbnail","6":"product_brand-bang-olufsen","7":"product_cat-anlagen","9":"first","10":"instock","11":"shipping-taxable","12":"purchasable","13":"product-type-simple"},"yoast_head":"<!-- This site is optimized with the Yoast SEO Premium plugin v27.2 (Yoast SEO v27.2) - https:\/\/yoast.com\/product\/yoast-seo-premium-wordpress\/ -->\n<title>Beosound Essence MK2 - Bang &amp; Olufsen STAEGER AG Thalwil - St\u00e4fa<\/title>\n<meta name=\"robots\" content=\"index, follow, max-snippet:-1, max-image-preview:large, max-video-preview:-1\" \/>\n<link rel=\"canonical\" href=\"https:\/\/staegerag.ch\/bang-olufsen\/produkt\/beosound-essence-mk2\/\" \/>\n<meta property=\"og:locale\" content=\"de_DE\" \/>\n<meta property=\"og:type\" content=\"article\" \/>\n<meta property=\"og:title\" content=\"Beosound Essence MK2\" \/>\n<meta property=\"og:description\" content=\"Zum Verkauf steht ein Occ. Beosound Essence MK2\" \/>\n<meta property=\"og:url\" content=\"https:\/\/staegerag.ch\/bang-olufsen\/produkt\/beosound-essence-mk2\/\" \/>\n<meta property=\"og:site_name\" content=\"Bang &amp; Olufsen STAEGER AG Thalwil - St\u00e4fa\" \/>\n<meta property=\"article:modified_time\" content=\"2026-02-26T09:18:46+00:00\" \/>\n<meta property=\"og:image\" content=\"http:\/\/staegerag.ch\/bang-olufsen\/wp-content\/uploads\/sites\/2\/2026\/02\/beosound-essence-mk2-1.png\" \/>\n\t<meta property=\"og:image:width\" content=\"1118\" \/>\n\t<meta property=\"og:image:height\" content=\"476\" \/>\n\t<meta property=\"og:image:type\" content=\"image\/png\" \/>\n<script type=\"application\/ld+json\" class=\"yoast-schema-graph\">{\"@context\":\"https:\/\/schema.org\",\"@graph\":[{\"@type\":\"WebPage\",\"@id\":\"https:\/\/staegerag.ch\/bang-olufsen\/produkt\/beosound-essence-mk2\/\",\"url\":\"https:\/\/staegerag.ch\/bang-olufsen\/produkt\/beosound-essence-mk2\/\",\"name\":\"Beosound Essence MK2 - Bang &amp; Olufsen STAEGER AG Thalwil - St\u00e4fa\",\"isPartOf\":{\"@id\":\"https:\/\/staegerag.ch\/bang-olufsen\/#website\"},\"primaryImageOfPage\":{\"@id\":\"https:\/\/staegerag.ch\/bang-olufsen\/produkt\/beosound-essence-mk2\/#primaryimage\"},\"image\":{\"@id\":\"https:\/\/staegerag.ch\/bang-olufsen\/produkt\/beosound-essence-mk2\/#primaryimage\"},\"thumbnailUrl\":\"https:\/\/staegerag.ch\/bang-olufsen\/wp-content\/uploads\/sites\/2\/2026\/02\/beosound-essence-mk2-1.png\",\"datePublished\":\"2026-02-26T09:10:58+00:00\",\"dateModified\":\"2026-02-26T09:18:46+00:00\",\"breadcrumb\":{\"@id\":\"https:\/\/staegerag.ch\/bang-olufsen\/produkt\/beosound-essence-mk2\/#breadcrumb\"},\"inLanguage\":\"de\",\"potentialAction\":[{\"@type\":\"ReadAction\",\"target\":[\"https:\/\/staegerag.ch\/bang-olufsen\/produkt\/beosound-essence-mk2\/\"]}]},{\"@type\":\"ImageObject\",\"inLanguage\":\"de\",\"@id\":\"https:\/\/staegerag.ch\/bang-olufsen\/produkt\/beosound-essence-mk2\/#primaryimage\",\"url\":\"https:\/\/staegerag.ch\/bang-olufsen\/wp-content\/uploads\/sites\/2\/2026\/02\/beosound-essence-mk2-1.png\",\"contentUrl\":\"https:\/\/staegerag.ch\/bang-olufsen\/wp-content\/uploads\/sites\/2\/2026\/02\/beosound-essence-mk2-1.png\",\"width\":1118,\"height\":476},{\"@type\":\"BreadcrumbList\",\"@id\":\"https:\/\/staegerag.ch\/bang-olufsen\/produkt\/beosound-essence-mk2\/#breadcrumb\",\"itemListElement\":[{\"@type\":\"ListItem\",\"position\":1,\"name\":\"Startseite\",\"item\":\"https:\/\/staegerag.ch\/bang-olufsen\/\"},{\"@type\":\"ListItem\",\"position\":2,\"name\":\"Shop\",\"item\":\"https:\/\/staegerag.ch\/bang-olufsen\/shop\/\"},{\"@type\":\"ListItem\",\"position\":3,\"name\":\"Beosound Essence MK2\"}]},{\"@type\":\"WebSite\",\"@id\":\"https:\/\/staegerag.ch\/bang-olufsen\/#website\",\"url\":\"https:\/\/staegerag.ch\/bang-olufsen\/\",\"name\":\"Bang & Olufsen STAEGER AG Thalwil - St\u00e4fa\",\"description\":\"sehen - h\u00f6ren - f\u00fchlen - erleben\",\"publisher\":{\"@id\":\"https:\/\/staegerag.ch\/bang-olufsen\/#organization\"},\"alternateName\":\"Bang & Olufsen Partner der Schweiz\",\"potentialAction\":[{\"@type\":\"SearchAction\",\"target\":{\"@type\":\"EntryPoint\",\"urlTemplate\":\"https:\/\/staegerag.ch\/bang-olufsen\/?s={search_term_string}\"},\"query-input\":{\"@type\":\"PropertyValueSpecification\",\"valueRequired\":true,\"valueName\":\"search_term_string\"}}],\"inLanguage\":\"de\"},{\"@type\":\"Organization\",\"@id\":\"https:\/\/staegerag.ch\/bang-olufsen\/#organization\",\"name\":\"Bang & Olufsen STAEGER AG Thalwil - St\u00e4fa\",\"alternateName\":\"Ihr Bang & Olufsen Partner der Schweiz\",\"url\":\"https:\/\/staegerag.ch\/bang-olufsen\/\",\"logo\":{\"@type\":\"ImageObject\",\"inLanguage\":\"de\",\"@id\":\"https:\/\/staegerag.ch\/bang-olufsen\/#\/schema\/logo\/image\/\",\"url\":\"https:\/\/staegerag.ch\/bang-olufsen\/wp-content\/uploads\/sites\/2\/2025\/09\/bo1925-bl-staegerag-scaled.png\",\"contentUrl\":\"https:\/\/staegerag.ch\/bang-olufsen\/wp-content\/uploads\/sites\/2\/2025\/09\/bo1925-bl-staegerag-scaled.png\",\"width\":2560,\"height\":857,\"caption\":\"Bang & Olufsen STAEGER AG Thalwil - St\u00e4fa\"},\"image\":{\"@id\":\"https:\/\/staegerag.ch\/bang-olufsen\/#\/schema\/logo\/image\/\"},\"sameAs\":[\"https:\/\/www.instagram.com\/bangolufsen_thalwil\/\"],\"description\":\"Die Bang & Olufsen STAEGER AG ist der anerkannte Multimedia-Spezialist und Flaggschiff-Partner von Bang & Olufsen am Z\u00fcrichsee, der High-End-Audio- und Video-L\u00f6sungen mit umfassender Beratung und Installation f\u00fcr Smart Homes anbietet.\",\"legalName\":\"Radio-Televisoin STAEGER AG\",\"foundingDate\":\"1955-12-24\",\"numberOfEmployees\":{\"@type\":\"QuantitativeValue\",\"minValue\":\"11\",\"maxValue\":\"50\"}}]}<\/script>\n<meta property=\"product:price:amount\" content=\"285.00\" \/>\n<meta property=\"product:price:currency\" content=\"CHF\" \/>\n<meta property=\"og:availability\" content=\"instock\" \/>\n<meta property=\"product:availability\" content=\"instock\" \/>\n<meta property=\"product:condition\" content=\"new\" \/>\n<!-- \/ Yoast SEO Premium plugin. -->","yoast_head_json":{"title":"Beosound Essence MK2 - Bang &amp; Olufsen STAEGER AG Thalwil - St\u00e4fa","robots":{"index":"index","follow":"follow","max-snippet":"max-snippet:-1","max-image-preview":"max-image-preview:large","max-video-preview":"max-video-preview:-1"},"canonical":"https:\/\/staegerag.ch\/bang-olufsen\/produkt\/beosound-essence-mk2\/","og_locale":"de_DE","og_type":"article","og_title":"Beosound Essence MK2","og_description":"Zum Verkauf steht ein Occ. Beosound Essence MK2","og_url":"https:\/\/staegerag.ch\/bang-olufsen\/produkt\/beosound-essence-mk2\/","og_site_name":"Bang &amp; Olufsen STAEGER AG Thalwil - St\u00e4fa","article_modified_time":"2026-02-26T09:18:46+00:00","og_image":[{"width":1118,"height":476,"url":"http:\/\/staegerag.ch\/bang-olufsen\/wp-content\/uploads\/sites\/2\/2026\/02\/beosound-essence-mk2-1.png","type":"image\/png"}],"schema":{"@context":"https:\/\/schema.org","@graph":[{"@type":"WebPage","@id":"https:\/\/staegerag.ch\/bang-olufsen\/produkt\/beosound-essence-mk2\/","url":"https:\/\/staegerag.ch\/bang-olufsen\/produkt\/beosound-essence-mk2\/","name":"Beosound Essence MK2 - Bang &amp; Olufsen STAEGER AG Thalwil - St\u00e4fa","isPartOf":{"@id":"https:\/\/staegerag.ch\/bang-olufsen\/#website"},"primaryImageOfPage":{"@id":"https:\/\/staegerag.ch\/bang-olufsen\/produkt\/beosound-essence-mk2\/#primaryimage"},"image":{"@id":"https:\/\/staegerag.ch\/bang-olufsen\/produkt\/beosound-essence-mk2\/#primaryimage"},"thumbnailUrl":"https:\/\/staegerag.ch\/bang-olufsen\/wp-content\/uploads\/sites\/2\/2026\/02\/beosound-essence-mk2-1.png","datePublished":"2026-02-26T09:10:58+00:00","dateModified":"2026-02-26T09:18:46+00:00","breadcrumb":{"@id":"https:\/\/staegerag.ch\/bang-olufsen\/produkt\/beosound-essence-mk2\/#breadcrumb"},"inLanguage":"de","potentialAction":[{"@type":"ReadAction","target":["https:\/\/staegerag.ch\/bang-olufsen\/produkt\/beosound-essence-mk2\/"]}]},{"@type":"ImageObject","inLanguage":"de","@id":"https:\/\/staegerag.ch\/bang-olufsen\/produkt\/beosound-essence-mk2\/#primaryimage","url":"https:\/\/staegerag.ch\/bang-olufsen\/wp-content\/uploads\/sites\/2\/2026\/02\/beosound-essence-mk2-1.png","contentUrl":"https:\/\/staegerag.ch\/bang-olufsen\/wp-content\/uploads\/sites\/2\/2026\/02\/beosound-essence-mk2-1.png","width":1118,"height":476},{"@type":"BreadcrumbList","@id":"https:\/\/staegerag.ch\/bang-olufsen\/produkt\/beosound-essence-mk2\/#breadcrumb","itemListElement":[{"@type":"ListItem","position":1,"name":"Startseite","item":"https:\/\/staegerag.ch\/bang-olufsen\/"},{"@type":"ListItem","position":2,"name":"Shop","item":"https:\/\/staegerag.ch\/bang-olufsen\/shop\/"},{"@type":"ListItem","position":3,"name":"Beosound Essence MK2"}]},{"@type":"WebSite","@id":"https:\/\/staegerag.ch\/bang-olufsen\/#website","url":"https:\/\/staegerag.ch\/bang-olufsen\/","name":"Bang & Olufsen STAEGER AG Thalwil - St\u00e4fa","description":"sehen - h\u00f6ren - f\u00fchlen - erleben","publisher":{"@id":"https:\/\/staegerag.ch\/bang-olufsen\/#organization"},"alternateName":"Bang & Olufsen Partner der Schweiz","potentialAction":[{"@type":"SearchAction","target":{"@type":"EntryPoint","urlTemplate":"https:\/\/staegerag.ch\/bang-olufsen\/?s={search_term_string}"},"query-input":{"@type":"PropertyValueSpecification","valueRequired":true,"valueName":"search_term_string"}}],"inLanguage":"de"},{"@type":"Organization","@id":"https:\/\/staegerag.ch\/bang-olufsen\/#organization","name":"Bang & Olufsen STAEGER AG Thalwil - St\u00e4fa","alternateName":"Ihr Bang & Olufsen Partner der Schweiz","url":"https:\/\/staegerag.ch\/bang-olufsen\/","logo":{"@type":"ImageObject","inLanguage":"de","@id":"https:\/\/staegerag.ch\/bang-olufsen\/#\/schema\/logo\/image\/","url":"https:\/\/staegerag.ch\/bang-olufsen\/wp-content\/uploads\/sites\/2\/2025\/09\/bo1925-bl-staegerag-scaled.png","contentUrl":"https:\/\/staegerag.ch\/bang-olufsen\/wp-content\/uploads\/sites\/2\/2025\/09\/bo1925-bl-staegerag-scaled.png","width":2560,"height":857,"caption":"Bang & Olufsen STAEGER AG Thalwil - St\u00e4fa"},"image":{"@id":"https:\/\/staegerag.ch\/bang-olufsen\/#\/schema\/logo\/image\/"},"sameAs":["https:\/\/www.instagram.com\/bangolufsen_thalwil\/"],"description":"Die Bang & Olufsen STAEGER AG ist der anerkannte Multimedia-Spezialist und Flaggschiff-Partner von Bang & Olufsen am Z\u00fcrichsee, der High-End-Audio- und Video-L\u00f6sungen mit umfassender Beratung und Installation f\u00fcr Smart Homes anbietet.","legalName":"Radio-Televisoin STAEGER AG","foundingDate":"1955-12-24","numberOfEmployees":{"@type":"QuantitativeValue","minValue":"11","maxValue":"50"}}]},"product_price_amount":"285.00","product_price_currency":"CHF","og_availability":"instock","product_availability":"instock","product_condition":"new"},"_links":{"self":[{"href":"https:\/\/staegerag.ch\/bang-olufsen\/wp-json\/wp\/v2\/product\/1794","targetHints":{"allow":["GET"]}}],"collection":[{"href":"https:\/\/staegerag.ch\/bang-olufsen\/wp-json\/wp\/v2\/product"}],"about":[{"href":"https:\/\/staegerag.ch\/bang-olufsen\/wp-json\/wp\/v2\/types\/product"}],"replies":[{"embeddable":true,"href":"https:\/\/staegerag.ch\/bang-olufsen\/wp-json\/wp\/v2\/comments?post=1794"}],"wp:featuredmedia":[{"embeddable":true,"href":"https:\/\/staegerag.ch\/bang-olufsen\/wp-json\/wp\/v2\/media\/1796"}],"wp:attachment":[{"href":"https:\/\/staegerag.ch\/bang-olufsen\/wp-json\/wp\/v2\/media?parent=1794"}],"wp:term":[{"taxonomy":"product_brand","embeddable":true,"href":"https:\/\/staegerag.ch\/bang-olufsen\/wp-json\/wp\/v2\/product_brand?post=1794"},{"taxonomy":"product_cat","embeddable":true,"href":"https:\/\/staegerag.ch\/bang-olufsen\/wp-json\/wp\/v2\/product_cat?post=1794"},{"taxonomy":"product_tag","embeddable":true,"href":"https:\/\/staegerag.ch\/bang-olufsen\/wp-json\/wp\/v2\/product_tag?post=1794"}],"curies":[{"name":"wp","href":"https:\/\/api.w.org\/{rel}","templated":true}]}}