{"id":1798,"date":"2026-03-02T11:34:05","date_gmt":"2026-03-02T10:34:05","guid":{"rendered":"https:\/\/staegerag.ch\/bang-olufsen\/?post_type=product&#038;p=1798"},"modified":"2026-03-02T11:45:37","modified_gmt":"2026-03-02T10:45:37","slug":"beolab-18-piano-black-walnuss","status":"publish","type":"product","link":"https:\/\/staegerag.ch\/bang-olufsen\/produkt\/beolab-18-piano-black-walnuss\/","title":{"rendered":"Beolab 18 piano black &#8211; walnuss"},"content":{"rendered":"<p>Der Beolab 18 in Piano Black mit Walnuss-Frontlamellen ist ein luxuri\u00f6ser S\u00e4ulenlautsprecher, der zeitloses d\u00e4nisches Design und erstklassige Akustik durch den edlen Kontrast von tiefgl\u00e4nzendem Lack und warmem Echtholz perfekt vereint.<\/p>\n<p>Der Lautsprecher ist in der Ausstellung in Thalwil zu besichtigen und vorf\u00fchrbereit.<\/p>\n","protected":false},"excerpt":{"rendered":"<p>Zum Verkauf stehen ein Paar Occasion Bang &amp; Olufsen Beolab 18 in der Farbe piano black mit dem Frontcover Walnuss<\/p>\n","protected":false},"featured_media":1799,"comment_status":"closed","ping_status":"closed","template":"","meta":[],"product_brand":[22],"product_cat":[24,25,26],"product_tag":[99],"class_list":{"0":"post-1798","1":"product","2":"type-product","3":"status-publish","4":"has-post-thumbnail","6":"product_brand-bang-olufsen","7":"product_cat-auslaufmodelle","8":"product_cat-lautsprecher","9":"product_cat-sonderangebote","10":"product_tag-austellungsmodell","12":"first","13":"instock","14":"sale","15":"shipping-taxable","16":"purchasable","17":"product-type-simple"},"yoast_head":"<!-- This site is optimized with the Yoast SEO Premium plugin v27.2 (Yoast SEO v27.2) - https:\/\/yoast.com\/product\/yoast-seo-premium-wordpress\/ -->\n<title>Beolab 18 piano black - walnuss - Bang &amp; Olufsen STAEGER AG Thalwil - St\u00e4fa<\/title>\n<meta name=\"robots\" content=\"index, follow, max-snippet:-1, max-image-preview:large, max-video-preview:-1\" \/>\n<link rel=\"canonical\" href=\"https:\/\/staegerag.ch\/bang-olufsen\/produkt\/beolab-18-piano-black-walnuss\/\" \/>\n<meta property=\"og:locale\" content=\"de_DE\" \/>\n<meta property=\"og:type\" content=\"article\" \/>\n<meta property=\"og:title\" content=\"Beolab 18 piano black - walnuss\" \/>\n<meta property=\"og:description\" content=\"Zum Verkauf stehen ein Paar Occasion Bang &amp; Olufsen Beolab 18 in der Farbe piano black mit dem Frontcover Walnuss\" \/>\n<meta property=\"og:url\" content=\"https:\/\/staegerag.ch\/bang-olufsen\/produkt\/beolab-18-piano-black-walnuss\/\" \/>\n<meta property=\"og:site_name\" content=\"Bang &amp; Olufsen STAEGER AG Thalwil - St\u00e4fa\" \/>\n<meta property=\"article:modified_time\" content=\"2026-03-02T10:45:37+00:00\" \/>\n<meta property=\"og:image\" content=\"http:\/\/staegerag.ch\/bang-olufsen\/wp-content\/uploads\/sites\/2\/2026\/03\/Beolab180100.webp\" \/>\n\t<meta property=\"og:image:width\" content=\"480\" \/>\n\t<meta property=\"og:image:height\" content=\"480\" \/>\n\t<meta property=\"og:image:type\" content=\"image\/webp\" \/>\n<script type=\"application\/ld+json\" class=\"yoast-schema-graph\">{\"@context\":\"https:\/\/schema.org\",\"@graph\":[{\"@type\":\"WebPage\",\"@id\":\"https:\/\/staegerag.ch\/bang-olufsen\/produkt\/beolab-18-piano-black-walnuss\/\",\"url\":\"https:\/\/staegerag.ch\/bang-olufsen\/produkt\/beolab-18-piano-black-walnuss\/\",\"name\":\"Beolab 18 piano black - walnuss - Bang &amp; Olufsen STAEGER AG Thalwil - St\u00e4fa\",\"isPartOf\":{\"@id\":\"https:\/\/staegerag.ch\/bang-olufsen\/#website\"},\"primaryImageOfPage\":{\"@id\":\"https:\/\/staegerag.ch\/bang-olufsen\/produkt\/beolab-18-piano-black-walnuss\/#primaryimage\"},\"image\":{\"@id\":\"https:\/\/staegerag.ch\/bang-olufsen\/produkt\/beolab-18-piano-black-walnuss\/#primaryimage\"},\"thumbnailUrl\":\"https:\/\/staegerag.ch\/bang-olufsen\/wp-content\/uploads\/sites\/2\/2026\/03\/Beolab180100.webp\",\"datePublished\":\"2026-03-02T10:34:05+00:00\",\"dateModified\":\"2026-03-02T10:45:37+00:00\",\"breadcrumb\":{\"@id\":\"https:\/\/staegerag.ch\/bang-olufsen\/produkt\/beolab-18-piano-black-walnuss\/#breadcrumb\"},\"inLanguage\":\"de\",\"potentialAction\":[{\"@type\":\"ReadAction\",\"target\":[\"https:\/\/staegerag.ch\/bang-olufsen\/produkt\/beolab-18-piano-black-walnuss\/\"]}]},{\"@type\":\"ImageObject\",\"inLanguage\":\"de\",\"@id\":\"https:\/\/staegerag.ch\/bang-olufsen\/produkt\/beolab-18-piano-black-walnuss\/#primaryimage\",\"url\":\"https:\/\/staegerag.ch\/bang-olufsen\/wp-content\/uploads\/sites\/2\/2026\/03\/Beolab180100.webp\",\"contentUrl\":\"https:\/\/staegerag.ch\/bang-olufsen\/wp-content\/uploads\/sites\/2\/2026\/03\/Beolab180100.webp\",\"width\":480,\"height\":480},{\"@type\":\"BreadcrumbList\",\"@id\":\"https:\/\/staegerag.ch\/bang-olufsen\/produkt\/beolab-18-piano-black-walnuss\/#breadcrumb\",\"itemListElement\":[{\"@type\":\"ListItem\",\"position\":1,\"name\":\"Startseite\",\"item\":\"https:\/\/staegerag.ch\/bang-olufsen\/\"},{\"@type\":\"ListItem\",\"position\":2,\"name\":\"Shop\",\"item\":\"https:\/\/staegerag.ch\/bang-olufsen\/shop\/\"},{\"@type\":\"ListItem\",\"position\":3,\"name\":\"Beolab 18 piano black &#8211; walnuss\"}]},{\"@type\":\"WebSite\",\"@id\":\"https:\/\/staegerag.ch\/bang-olufsen\/#website\",\"url\":\"https:\/\/staegerag.ch\/bang-olufsen\/\",\"name\":\"Bang & Olufsen STAEGER AG Thalwil - St\u00e4fa\",\"description\":\"sehen - h\u00f6ren - f\u00fchlen - erleben\",\"publisher\":{\"@id\":\"https:\/\/staegerag.ch\/bang-olufsen\/#organization\"},\"alternateName\":\"Bang & Olufsen Partner der Schweiz\",\"potentialAction\":[{\"@type\":\"SearchAction\",\"target\":{\"@type\":\"EntryPoint\",\"urlTemplate\":\"https:\/\/staegerag.ch\/bang-olufsen\/?s={search_term_string}\"},\"query-input\":{\"@type\":\"PropertyValueSpecification\",\"valueRequired\":true,\"valueName\":\"search_term_string\"}}],\"inLanguage\":\"de\"},{\"@type\":\"Organization\",\"@id\":\"https:\/\/staegerag.ch\/bang-olufsen\/#organization\",\"name\":\"Bang & Olufsen STAEGER AG Thalwil - St\u00e4fa\",\"alternateName\":\"Ihr Bang & Olufsen Partner der Schweiz\",\"url\":\"https:\/\/staegerag.ch\/bang-olufsen\/\",\"logo\":{\"@type\":\"ImageObject\",\"inLanguage\":\"de\",\"@id\":\"https:\/\/staegerag.ch\/bang-olufsen\/#\/schema\/logo\/image\/\",\"url\":\"https:\/\/staegerag.ch\/bang-olufsen\/wp-content\/uploads\/sites\/2\/2025\/09\/bo1925-bl-staegerag-scaled.png\",\"contentUrl\":\"https:\/\/staegerag.ch\/bang-olufsen\/wp-content\/uploads\/sites\/2\/2025\/09\/bo1925-bl-staegerag-scaled.png\",\"width\":2560,\"height\":857,\"caption\":\"Bang & Olufsen STAEGER AG Thalwil - St\u00e4fa\"},\"image\":{\"@id\":\"https:\/\/staegerag.ch\/bang-olufsen\/#\/schema\/logo\/image\/\"},\"sameAs\":[\"https:\/\/www.instagram.com\/bangolufsen_thalwil\/\"],\"description\":\"Die Bang & Olufsen STAEGER AG ist der anerkannte Multimedia-Spezialist und Flaggschiff-Partner von Bang & Olufsen am Z\u00fcrichsee, der High-End-Audio- und Video-L\u00f6sungen mit umfassender Beratung und Installation f\u00fcr Smart Homes anbietet.\",\"legalName\":\"Radio-Televisoin STAEGER AG\",\"foundingDate\":\"1955-12-24\",\"numberOfEmployees\":{\"@type\":\"QuantitativeValue\",\"minValue\":\"11\",\"maxValue\":\"50\"}}]}<\/script>\n<meta property=\"product:price:amount\" content=\"5990.00\" \/>\n<meta property=\"product:price:currency\" content=\"CHF\" \/>\n<meta property=\"og:availability\" content=\"instock\" \/>\n<meta property=\"product:availability\" content=\"instock\" \/>\n<meta property=\"product:condition\" content=\"new\" \/>\n<!-- \/ Yoast SEO Premium plugin. -->","yoast_head_json":{"title":"Beolab 18 piano black - walnuss - Bang &amp; Olufsen STAEGER AG Thalwil - St\u00e4fa","robots":{"index":"index","follow":"follow","max-snippet":"max-snippet:-1","max-image-preview":"max-image-preview:large","max-video-preview":"max-video-preview:-1"},"canonical":"https:\/\/staegerag.ch\/bang-olufsen\/produkt\/beolab-18-piano-black-walnuss\/","og_locale":"de_DE","og_type":"article","og_title":"Beolab 18 piano black - walnuss","og_description":"Zum Verkauf stehen ein Paar Occasion Bang &amp; Olufsen Beolab 18 in der Farbe piano black mit dem Frontcover Walnuss","og_url":"https:\/\/staegerag.ch\/bang-olufsen\/produkt\/beolab-18-piano-black-walnuss\/","og_site_name":"Bang &amp; Olufsen STAEGER AG Thalwil - St\u00e4fa","article_modified_time":"2026-03-02T10:45:37+00:00","og_image":[{"width":480,"height":480,"url":"http:\/\/staegerag.ch\/bang-olufsen\/wp-content\/uploads\/sites\/2\/2026\/03\/Beolab180100.webp","type":"image\/webp"}],"schema":{"@context":"https:\/\/schema.org","@graph":[{"@type":"WebPage","@id":"https:\/\/staegerag.ch\/bang-olufsen\/produkt\/beolab-18-piano-black-walnuss\/","url":"https:\/\/staegerag.ch\/bang-olufsen\/produkt\/beolab-18-piano-black-walnuss\/","name":"Beolab 18 piano black - walnuss - Bang &amp; Olufsen STAEGER AG Thalwil - St\u00e4fa","isPartOf":{"@id":"https:\/\/staegerag.ch\/bang-olufsen\/#website"},"primaryImageOfPage":{"@id":"https:\/\/staegerag.ch\/bang-olufsen\/produkt\/beolab-18-piano-black-walnuss\/#primaryimage"},"image":{"@id":"https:\/\/staegerag.ch\/bang-olufsen\/produkt\/beolab-18-piano-black-walnuss\/#primaryimage"},"thumbnailUrl":"https:\/\/staegerag.ch\/bang-olufsen\/wp-content\/uploads\/sites\/2\/2026\/03\/Beolab180100.webp","datePublished":"2026-03-02T10:34:05+00:00","dateModified":"2026-03-02T10:45:37+00:00","breadcrumb":{"@id":"https:\/\/staegerag.ch\/bang-olufsen\/produkt\/beolab-18-piano-black-walnuss\/#breadcrumb"},"inLanguage":"de","potentialAction":[{"@type":"ReadAction","target":["https:\/\/staegerag.ch\/bang-olufsen\/produkt\/beolab-18-piano-black-walnuss\/"]}]},{"@type":"ImageObject","inLanguage":"de","@id":"https:\/\/staegerag.ch\/bang-olufsen\/produkt\/beolab-18-piano-black-walnuss\/#primaryimage","url":"https:\/\/staegerag.ch\/bang-olufsen\/wp-content\/uploads\/sites\/2\/2026\/03\/Beolab180100.webp","contentUrl":"https:\/\/staegerag.ch\/bang-olufsen\/wp-content\/uploads\/sites\/2\/2026\/03\/Beolab180100.webp","width":480,"height":480},{"@type":"BreadcrumbList","@id":"https:\/\/staegerag.ch\/bang-olufsen\/produkt\/beolab-18-piano-black-walnuss\/#breadcrumb","itemListElement":[{"@type":"ListItem","position":1,"name":"Startseite","item":"https:\/\/staegerag.ch\/bang-olufsen\/"},{"@type":"ListItem","position":2,"name":"Shop","item":"https:\/\/staegerag.ch\/bang-olufsen\/shop\/"},{"@type":"ListItem","position":3,"name":"Beolab 18 piano black &#8211; walnuss"}]},{"@type":"WebSite","@id":"https:\/\/staegerag.ch\/bang-olufsen\/#website","url":"https:\/\/staegerag.ch\/bang-olufsen\/","name":"Bang & Olufsen STAEGER AG Thalwil - St\u00e4fa","description":"sehen - h\u00f6ren - f\u00fchlen - erleben","publisher":{"@id":"https:\/\/staegerag.ch\/bang-olufsen\/#organization"},"alternateName":"Bang & Olufsen Partner der Schweiz","potentialAction":[{"@type":"SearchAction","target":{"@type":"EntryPoint","urlTemplate":"https:\/\/staegerag.ch\/bang-olufsen\/?s={search_term_string}"},"query-input":{"@type":"PropertyValueSpecification","valueRequired":true,"valueName":"search_term_string"}}],"inLanguage":"de"},{"@type":"Organization","@id":"https:\/\/staegerag.ch\/bang-olufsen\/#organization","name":"Bang & Olufsen STAEGER AG Thalwil - St\u00e4fa","alternateName":"Ihr Bang & Olufsen Partner der Schweiz","url":"https:\/\/staegerag.ch\/bang-olufsen\/","logo":{"@type":"ImageObject","inLanguage":"de","@id":"https:\/\/staegerag.ch\/bang-olufsen\/#\/schema\/logo\/image\/","url":"https:\/\/staegerag.ch\/bang-olufsen\/wp-content\/uploads\/sites\/2\/2025\/09\/bo1925-bl-staegerag-scaled.png","contentUrl":"https:\/\/staegerag.ch\/bang-olufsen\/wp-content\/uploads\/sites\/2\/2025\/09\/bo1925-bl-staegerag-scaled.png","width":2560,"height":857,"caption":"Bang & Olufsen STAEGER AG Thalwil - St\u00e4fa"},"image":{"@id":"https:\/\/staegerag.ch\/bang-olufsen\/#\/schema\/logo\/image\/"},"sameAs":["https:\/\/www.instagram.com\/bangolufsen_thalwil\/"],"description":"Die Bang & Olufsen STAEGER AG ist der anerkannte Multimedia-Spezialist und Flaggschiff-Partner von Bang & Olufsen am Z\u00fcrichsee, der High-End-Audio- und Video-L\u00f6sungen mit umfassender Beratung und Installation f\u00fcr Smart Homes anbietet.","legalName":"Radio-Televisoin STAEGER AG","foundingDate":"1955-12-24","numberOfEmployees":{"@type":"QuantitativeValue","minValue":"11","maxValue":"50"}}]},"product_price_amount":"5990.00","product_price_currency":"CHF","og_availability":"instock","product_availability":"instock","product_condition":"new"},"_links":{"self":[{"href":"https:\/\/staegerag.ch\/bang-olufsen\/wp-json\/wp\/v2\/product\/1798","targetHints":{"allow":["GET"]}}],"collection":[{"href":"https:\/\/staegerag.ch\/bang-olufsen\/wp-json\/wp\/v2\/product"}],"about":[{"href":"https:\/\/staegerag.ch\/bang-olufsen\/wp-json\/wp\/v2\/types\/product"}],"replies":[{"embeddable":true,"href":"https:\/\/staegerag.ch\/bang-olufsen\/wp-json\/wp\/v2\/comments?post=1798"}],"wp:featuredmedia":[{"embeddable":true,"href":"https:\/\/staegerag.ch\/bang-olufsen\/wp-json\/wp\/v2\/media\/1799"}],"wp:attachment":[{"href":"https:\/\/staegerag.ch\/bang-olufsen\/wp-json\/wp\/v2\/media?parent=1798"}],"wp:term":[{"taxonomy":"product_brand","embeddable":true,"href":"https:\/\/staegerag.ch\/bang-olufsen\/wp-json\/wp\/v2\/product_brand?post=1798"},{"taxonomy":"product_cat","embeddable":true,"href":"https:\/\/staegerag.ch\/bang-olufsen\/wp-json\/wp\/v2\/product_cat?post=1798"},{"taxonomy":"product_tag","embeddable":true,"href":"https:\/\/staegerag.ch\/bang-olufsen\/wp-json\/wp\/v2\/product_tag?post=1798"}],"curies":[{"name":"wp","href":"https:\/\/api.w.org\/{rel}","templated":true}]}}