{"id":180,"date":"2025-09-26T15:06:11","date_gmt":"2025-09-26T13:06:11","guid":{"rendered":"http:\/\/staegerag.ch\/bang-olufsen\/?post_type=product&#038;p=180"},"modified":"2025-09-26T15:06:29","modified_gmt":"2025-09-26T13:06:29","slug":"beolab-3-inkl-tablestand","status":"publish","type":"product","link":"https:\/\/staegerag.ch\/bang-olufsen\/produkt\/beolab-3-inkl-tablestand\/","title":{"rendered":"Beolab 3 inkl. Tablestand"},"content":{"rendered":"<p>Zum Verkauf stehen ein Paar Occasion Bang &amp; Olufsen Beolab 3 in der Farbe schwarz mit Tischstandfuss.<\/p>\n","protected":false},"excerpt":{"rendered":"<p>Zum Verkauf stehen ein Paar Occasion Bang &amp; Olufsen Beolab 3 in der Farbe schwarz mit Tischstandfuss.<\/p>\n","protected":false},"featured_media":203,"comment_status":"closed","ping_status":"closed","template":"","meta":[],"product_brand":[22],"product_cat":[25],"product_tag":[31],"class_list":{"0":"post-180","1":"product","2":"type-product","3":"status-publish","4":"has-post-thumbnail","6":"product_brand-bang-olufsen","7":"product_cat-lautsprecher","8":"product_tag-kundenauftrag","10":"first","11":"instock","12":"shipping-taxable","13":"purchasable","14":"product-type-simple"},"yoast_head":"<!-- This site is optimized with the Yoast SEO Premium plugin v27.4 (Yoast SEO v27.4) - https:\/\/yoast.com\/product\/yoast-seo-premium-wordpress\/ -->\n<title>Beolab 3 inkl. Tablestand - Bang &amp; Olufsen STAEGER AG Thalwil - St\u00e4fa<\/title>\n<meta name=\"robots\" content=\"index, follow, max-snippet:-1, max-image-preview:large, max-video-preview:-1\" \/>\n<link rel=\"canonical\" href=\"https:\/\/staegerag.ch\/bang-olufsen\/produkt\/beolab-3-inkl-tablestand\/\" \/>\n<meta property=\"og:locale\" content=\"de_DE\" \/>\n<meta property=\"og:type\" content=\"article\" \/>\n<meta property=\"og:title\" content=\"Beolab 3 inkl. Tablestand\" \/>\n<meta property=\"og:description\" content=\"Zum Verkauf stehen ein Paar Occasion Bang &amp; Olufsen Beolab 3 in der Farbe schwarz mit Tischstandfuss.\" \/>\n<meta property=\"og:url\" content=\"https:\/\/staegerag.ch\/bang-olufsen\/produkt\/beolab-3-inkl-tablestand\/\" \/>\n<meta property=\"og:site_name\" content=\"Bang &amp; Olufsen STAEGER AG Thalwil - St\u00e4fa\" \/>\n<meta property=\"article:modified_time\" content=\"2025-09-26T13:06:29+00:00\" \/>\n<meta property=\"og:image\" content=\"https:\/\/staegerag.ch\/bang-olufsen\/wp-content\/uploads\/sites\/2\/2025\/09\/beolab3-1.jpg\" \/>\n\t<meta property=\"og:image:width\" content=\"800\" \/>\n\t<meta property=\"og:image:height\" content=\"600\" \/>\n\t<meta property=\"og:image:type\" content=\"image\/jpeg\" \/>\n<script type=\"application\/ld+json\" class=\"yoast-schema-graph\">{\"@context\":\"https:\\\/\\\/schema.org\",\"@graph\":[{\"@type\":\"WebPage\",\"@id\":\"https:\\\/\\\/staegerag.ch\\\/bang-olufsen\\\/produkt\\\/beolab-3-inkl-tablestand\\\/\",\"url\":\"https:\\\/\\\/staegerag.ch\\\/bang-olufsen\\\/produkt\\\/beolab-3-inkl-tablestand\\\/\",\"name\":\"Beolab 3 inkl. Tablestand - Bang &amp; Olufsen STAEGER AG Thalwil - St\u00e4fa\",\"isPartOf\":{\"@id\":\"https:\\\/\\\/staegerag.ch\\\/bang-olufsen\\\/#website\"},\"primaryImageOfPage\":{\"@id\":\"https:\\\/\\\/staegerag.ch\\\/bang-olufsen\\\/produkt\\\/beolab-3-inkl-tablestand\\\/#primaryimage\"},\"image\":{\"@id\":\"https:\\\/\\\/staegerag.ch\\\/bang-olufsen\\\/produkt\\\/beolab-3-inkl-tablestand\\\/#primaryimage\"},\"thumbnailUrl\":\"https:\\\/\\\/staegerag.ch\\\/bang-olufsen\\\/wp-content\\\/uploads\\\/sites\\\/2\\\/2025\\\/09\\\/beolab3-1.jpg\",\"datePublished\":\"2025-09-26T13:06:11+00:00\",\"dateModified\":\"2025-09-26T13:06:29+00:00\",\"breadcrumb\":{\"@id\":\"https:\\\/\\\/staegerag.ch\\\/bang-olufsen\\\/produkt\\\/beolab-3-inkl-tablestand\\\/#breadcrumb\"},\"inLanguage\":\"de\",\"potentialAction\":[{\"@type\":\"ReadAction\",\"target\":[\"https:\\\/\\\/staegerag.ch\\\/bang-olufsen\\\/produkt\\\/beolab-3-inkl-tablestand\\\/\"]}]},{\"@type\":\"ImageObject\",\"inLanguage\":\"de\",\"@id\":\"https:\\\/\\\/staegerag.ch\\\/bang-olufsen\\\/produkt\\\/beolab-3-inkl-tablestand\\\/#primaryimage\",\"url\":\"https:\\\/\\\/staegerag.ch\\\/bang-olufsen\\\/wp-content\\\/uploads\\\/sites\\\/2\\\/2025\\\/09\\\/beolab3-1.jpg\",\"contentUrl\":\"https:\\\/\\\/staegerag.ch\\\/bang-olufsen\\\/wp-content\\\/uploads\\\/sites\\\/2\\\/2025\\\/09\\\/beolab3-1.jpg\",\"width\":800,\"height\":600},{\"@type\":\"BreadcrumbList\",\"@id\":\"https:\\\/\\\/staegerag.ch\\\/bang-olufsen\\\/produkt\\\/beolab-3-inkl-tablestand\\\/#breadcrumb\",\"itemListElement\":[{\"@type\":\"ListItem\",\"position\":1,\"name\":\"Startseite\",\"item\":\"https:\\\/\\\/staegerag.ch\\\/bang-olufsen\\\/\"},{\"@type\":\"ListItem\",\"position\":2,\"name\":\"Shop\",\"item\":\"https:\\\/\\\/staegerag.ch\\\/bang-olufsen\\\/shop\\\/\"},{\"@type\":\"ListItem\",\"position\":3,\"name\":\"Beolab 3 inkl. Tablestand\"}]},{\"@type\":\"WebSite\",\"@id\":\"https:\\\/\\\/staegerag.ch\\\/bang-olufsen\\\/#website\",\"url\":\"https:\\\/\\\/staegerag.ch\\\/bang-olufsen\\\/\",\"name\":\"Bang & Olufsen STAEGER AG Thalwil - St\u00e4fa\",\"description\":\"sehen - h\u00f6ren - f\u00fchlen - erleben\",\"publisher\":{\"@id\":\"https:\\\/\\\/staegerag.ch\\\/bang-olufsen\\\/#organization\"},\"alternateName\":\"Bang & Olufsen Partner der Schweiz\",\"potentialAction\":[{\"@type\":\"SearchAction\",\"target\":{\"@type\":\"EntryPoint\",\"urlTemplate\":\"https:\\\/\\\/staegerag.ch\\\/bang-olufsen\\\/?s={search_term_string}\"},\"query-input\":{\"@type\":\"PropertyValueSpecification\",\"valueRequired\":true,\"valueName\":\"search_term_string\"}}],\"inLanguage\":\"de\"},{\"@type\":\"Organization\",\"@id\":\"https:\\\/\\\/staegerag.ch\\\/bang-olufsen\\\/#organization\",\"name\":\"Bang & Olufsen STAEGER AG Thalwil - St\u00e4fa\",\"alternateName\":\"Ihr Bang & Olufsen Partner der Schweiz\",\"url\":\"https:\\\/\\\/staegerag.ch\\\/bang-olufsen\\\/\",\"logo\":{\"@type\":\"ImageObject\",\"inLanguage\":\"de\",\"@id\":\"https:\\\/\\\/staegerag.ch\\\/bang-olufsen\\\/#\\\/schema\\\/logo\\\/image\\\/\",\"url\":\"https:\\\/\\\/staegerag.ch\\\/bang-olufsen\\\/wp-content\\\/uploads\\\/sites\\\/2\\\/2025\\\/09\\\/bo1925-bl-staegerag-scaled.png\",\"contentUrl\":\"https:\\\/\\\/staegerag.ch\\\/bang-olufsen\\\/wp-content\\\/uploads\\\/sites\\\/2\\\/2025\\\/09\\\/bo1925-bl-staegerag-scaled.png\",\"width\":2560,\"height\":857,\"caption\":\"Bang & Olufsen STAEGER AG Thalwil - St\u00e4fa\"},\"image\":{\"@id\":\"https:\\\/\\\/staegerag.ch\\\/bang-olufsen\\\/#\\\/schema\\\/logo\\\/image\\\/\"},\"sameAs\":[\"https:\\\/\\\/www.instagram.com\\\/bangolufsen_thalwil\\\/\"],\"description\":\"Die Bang & Olufsen STAEGER AG ist der anerkannte Multimedia-Spezialist und Flaggschiff-Partner von Bang & Olufsen am Z\u00fcrichsee, der High-End-Audio- und Video-L\u00f6sungen mit umfassender Beratung und Installation f\u00fcr Smart Homes anbietet.\",\"legalName\":\"Radio-Televisoin STAEGER AG\",\"foundingDate\":\"1955-12-24\",\"numberOfEmployees\":{\"@type\":\"QuantitativeValue\",\"minValue\":\"11\",\"maxValue\":\"50\"}}]}<\/script>\n<meta property=\"product:price:amount\" content=\"850.00\" \/>\n<meta property=\"product:price:currency\" content=\"CHF\" \/>\n<meta property=\"og:availability\" content=\"instock\" \/>\n<meta property=\"product:availability\" content=\"instock\" \/>\n<meta property=\"product:retailer_item_id\" content=\"Kommissionsverkauf: 07999-1\" \/>\n<meta property=\"product:condition\" content=\"new\" \/>\n<!-- \/ Yoast SEO Premium plugin. -->","yoast_head_json":{"title":"Beolab 3 inkl. Tablestand - Bang &amp; Olufsen STAEGER AG Thalwil - St\u00e4fa","robots":{"index":"index","follow":"follow","max-snippet":"max-snippet:-1","max-image-preview":"max-image-preview:large","max-video-preview":"max-video-preview:-1"},"canonical":"https:\/\/staegerag.ch\/bang-olufsen\/produkt\/beolab-3-inkl-tablestand\/","og_locale":"de_DE","og_type":"article","og_title":"Beolab 3 inkl. Tablestand","og_description":"Zum Verkauf stehen ein Paar Occasion Bang &amp; Olufsen Beolab 3 in der Farbe schwarz mit Tischstandfuss.","og_url":"https:\/\/staegerag.ch\/bang-olufsen\/produkt\/beolab-3-inkl-tablestand\/","og_site_name":"Bang &amp; Olufsen STAEGER AG Thalwil - St\u00e4fa","article_modified_time":"2025-09-26T13:06:29+00:00","og_image":[{"width":800,"height":600,"url":"https:\/\/staegerag.ch\/bang-olufsen\/wp-content\/uploads\/sites\/2\/2025\/09\/beolab3-1.jpg","type":"image\/jpeg"}],"schema":{"@context":"https:\/\/schema.org","@graph":[{"@type":"WebPage","@id":"https:\/\/staegerag.ch\/bang-olufsen\/produkt\/beolab-3-inkl-tablestand\/","url":"https:\/\/staegerag.ch\/bang-olufsen\/produkt\/beolab-3-inkl-tablestand\/","name":"Beolab 3 inkl. Tablestand - Bang &amp; Olufsen STAEGER AG Thalwil - St\u00e4fa","isPartOf":{"@id":"https:\/\/staegerag.ch\/bang-olufsen\/#website"},"primaryImageOfPage":{"@id":"https:\/\/staegerag.ch\/bang-olufsen\/produkt\/beolab-3-inkl-tablestand\/#primaryimage"},"image":{"@id":"https:\/\/staegerag.ch\/bang-olufsen\/produkt\/beolab-3-inkl-tablestand\/#primaryimage"},"thumbnailUrl":"https:\/\/staegerag.ch\/bang-olufsen\/wp-content\/uploads\/sites\/2\/2025\/09\/beolab3-1.jpg","datePublished":"2025-09-26T13:06:11+00:00","dateModified":"2025-09-26T13:06:29+00:00","breadcrumb":{"@id":"https:\/\/staegerag.ch\/bang-olufsen\/produkt\/beolab-3-inkl-tablestand\/#breadcrumb"},"inLanguage":"de","potentialAction":[{"@type":"ReadAction","target":["https:\/\/staegerag.ch\/bang-olufsen\/produkt\/beolab-3-inkl-tablestand\/"]}]},{"@type":"ImageObject","inLanguage":"de","@id":"https:\/\/staegerag.ch\/bang-olufsen\/produkt\/beolab-3-inkl-tablestand\/#primaryimage","url":"https:\/\/staegerag.ch\/bang-olufsen\/wp-content\/uploads\/sites\/2\/2025\/09\/beolab3-1.jpg","contentUrl":"https:\/\/staegerag.ch\/bang-olufsen\/wp-content\/uploads\/sites\/2\/2025\/09\/beolab3-1.jpg","width":800,"height":600},{"@type":"BreadcrumbList","@id":"https:\/\/staegerag.ch\/bang-olufsen\/produkt\/beolab-3-inkl-tablestand\/#breadcrumb","itemListElement":[{"@type":"ListItem","position":1,"name":"Startseite","item":"https:\/\/staegerag.ch\/bang-olufsen\/"},{"@type":"ListItem","position":2,"name":"Shop","item":"https:\/\/staegerag.ch\/bang-olufsen\/shop\/"},{"@type":"ListItem","position":3,"name":"Beolab 3 inkl. Tablestand"}]},{"@type":"WebSite","@id":"https:\/\/staegerag.ch\/bang-olufsen\/#website","url":"https:\/\/staegerag.ch\/bang-olufsen\/","name":"Bang & Olufsen STAEGER AG Thalwil - St\u00e4fa","description":"sehen - h\u00f6ren - f\u00fchlen - erleben","publisher":{"@id":"https:\/\/staegerag.ch\/bang-olufsen\/#organization"},"alternateName":"Bang & Olufsen Partner der Schweiz","potentialAction":[{"@type":"SearchAction","target":{"@type":"EntryPoint","urlTemplate":"https:\/\/staegerag.ch\/bang-olufsen\/?s={search_term_string}"},"query-input":{"@type":"PropertyValueSpecification","valueRequired":true,"valueName":"search_term_string"}}],"inLanguage":"de"},{"@type":"Organization","@id":"https:\/\/staegerag.ch\/bang-olufsen\/#organization","name":"Bang & Olufsen STAEGER AG Thalwil - St\u00e4fa","alternateName":"Ihr Bang & Olufsen Partner der Schweiz","url":"https:\/\/staegerag.ch\/bang-olufsen\/","logo":{"@type":"ImageObject","inLanguage":"de","@id":"https:\/\/staegerag.ch\/bang-olufsen\/#\/schema\/logo\/image\/","url":"https:\/\/staegerag.ch\/bang-olufsen\/wp-content\/uploads\/sites\/2\/2025\/09\/bo1925-bl-staegerag-scaled.png","contentUrl":"https:\/\/staegerag.ch\/bang-olufsen\/wp-content\/uploads\/sites\/2\/2025\/09\/bo1925-bl-staegerag-scaled.png","width":2560,"height":857,"caption":"Bang & Olufsen STAEGER AG Thalwil - St\u00e4fa"},"image":{"@id":"https:\/\/staegerag.ch\/bang-olufsen\/#\/schema\/logo\/image\/"},"sameAs":["https:\/\/www.instagram.com\/bangolufsen_thalwil\/"],"description":"Die Bang & Olufsen STAEGER AG ist der anerkannte Multimedia-Spezialist und Flaggschiff-Partner von Bang & Olufsen am Z\u00fcrichsee, der High-End-Audio- und Video-L\u00f6sungen mit umfassender Beratung und Installation f\u00fcr Smart Homes anbietet.","legalName":"Radio-Televisoin STAEGER AG","foundingDate":"1955-12-24","numberOfEmployees":{"@type":"QuantitativeValue","minValue":"11","maxValue":"50"}}]},"product_price_amount":"850.00","product_price_currency":"CHF","og_availability":"instock","product_availability":"instock","product_retailer_item_id":"Kommissionsverkauf: 07999-1","product_condition":"new"},"_links":{"self":[{"href":"https:\/\/staegerag.ch\/bang-olufsen\/wp-json\/wp\/v2\/product\/180","targetHints":{"allow":["GET"]}}],"collection":[{"href":"https:\/\/staegerag.ch\/bang-olufsen\/wp-json\/wp\/v2\/product"}],"about":[{"href":"https:\/\/staegerag.ch\/bang-olufsen\/wp-json\/wp\/v2\/types\/product"}],"replies":[{"embeddable":true,"href":"https:\/\/staegerag.ch\/bang-olufsen\/wp-json\/wp\/v2\/comments?post=180"}],"wp:featuredmedia":[{"embeddable":true,"href":"https:\/\/staegerag.ch\/bang-olufsen\/wp-json\/wp\/v2\/media\/203"}],"wp:attachment":[{"href":"https:\/\/staegerag.ch\/bang-olufsen\/wp-json\/wp\/v2\/media?parent=180"}],"wp:term":[{"taxonomy":"product_brand","embeddable":true,"href":"https:\/\/staegerag.ch\/bang-olufsen\/wp-json\/wp\/v2\/product_brand?post=180"},{"taxonomy":"product_cat","embeddable":true,"href":"https:\/\/staegerag.ch\/bang-olufsen\/wp-json\/wp\/v2\/product_cat?post=180"},{"taxonomy":"product_tag","embeddable":true,"href":"https:\/\/staegerag.ch\/bang-olufsen\/wp-json\/wp\/v2\/product_tag?post=180"}],"curies":[{"name":"wp","href":"https:\/\/api.w.org\/{rel}","templated":true}]}}