{"id":1805,"date":"2026-03-10T12:04:49","date_gmt":"2026-03-10T11:04:49","guid":{"rendered":"https:\/\/staegerag.ch\/bang-olufsen\/?post_type=product&#038;p=1805"},"modified":"2026-03-10T13:51:19","modified_gmt":"2026-03-10T12:51:19","slug":"beosound-balance-black","status":"publish","type":"product","link":"https:\/\/staegerag.ch\/bang-olufsen\/produkt\/beosound-balance-black\/","title":{"rendered":"Beosound Balance black"},"content":{"rendered":"<p>Die Beosound Balance in zeitlosem Schwarz vereint skulpturale Eleganz mit einem raumf\u00fcllenden High-End-Klangerlebnis auf h\u00f6chstem Niveau.<\/p>\n","protected":false},"excerpt":{"rendered":"<p>Zum Verkauf steht ein Occ. Beosound Balance in schwarz. Zustand Neuwertig inkl. Originalverpackung<\/p>\n","protected":false},"featured_media":1810,"comment_status":"open","ping_status":"closed","template":"","meta":[],"product_brand":[22],"product_cat":[23],"product_tag":[31],"class_list":{"0":"post-1805","1":"product","2":"type-product","3":"status-publish","4":"has-post-thumbnail","6":"product_brand-bang-olufsen","7":"product_cat-anlagen","8":"product_tag-kundenauftrag","10":"first","11":"instock","12":"shipping-taxable","13":"purchasable","14":"product-type-simple"},"yoast_head":"<!-- This site is optimized with the Yoast SEO Premium plugin v27.2 (Yoast SEO v27.2) - https:\/\/yoast.com\/product\/yoast-seo-premium-wordpress\/ -->\n<title>Beosound Balance black - Bang &amp; Olufsen STAEGER AG Thalwil - St\u00e4fa<\/title>\n<meta name=\"description\" content=\"Zum Verkauf steht ein Occ. Beosound 2 NG. Beosound 2 NG verk\u00f6rpert die Verbindung von \u00c4sthetik und Klangleistung.Sein markantes Design.\" \/>\n<meta name=\"robots\" content=\"index, follow, max-snippet:-1, max-image-preview:large, max-video-preview:-1\" \/>\n<link rel=\"canonical\" href=\"https:\/\/staegerag.ch\/bang-olufsen\/produkt\/beosound-balance-black\/\" \/>\n<meta property=\"og:locale\" content=\"de_DE\" \/>\n<meta property=\"og:type\" content=\"article\" \/>\n<meta property=\"og:title\" content=\"Beosound Balance black\" \/>\n<meta property=\"og:description\" content=\"Zum Verkauf steht ein Occ. Beosound 2 NG. Beosound 2 NG verk\u00f6rpert die Verbindung von \u00c4sthetik und Klangleistung.Sein markantes Design.\" \/>\n<meta property=\"og:url\" content=\"https:\/\/staegerag.ch\/bang-olufsen\/produkt\/beosound-balance-black\/\" \/>\n<meta property=\"og:site_name\" content=\"Bang &amp; Olufsen STAEGER AG Thalwil - St\u00e4fa\" \/>\n<meta property=\"article:modified_time\" content=\"2026-03-10T12:51:19+00:00\" \/>\n<meta property=\"og:image\" content=\"http:\/\/staegerag.ch\/bang-olufsen\/wp-content\/uploads\/sites\/2\/2026\/03\/Packshot-Beosound-Balance-Black-Oak-0035-Front-1200x1200px.webp\" \/>\n\t<meta property=\"og:image:width\" content=\"1200\" \/>\n\t<meta property=\"og:image:height\" content=\"1200\" \/>\n\t<meta property=\"og:image:type\" content=\"image\/webp\" \/>\n<script type=\"application\/ld+json\" class=\"yoast-schema-graph\">{\"@context\":\"https:\/\/schema.org\",\"@graph\":[{\"@type\":\"WebPage\",\"@id\":\"https:\/\/staegerag.ch\/bang-olufsen\/produkt\/beosound-balance-black\/\",\"url\":\"https:\/\/staegerag.ch\/bang-olufsen\/produkt\/beosound-balance-black\/\",\"name\":\"Beosound Balance black - Bang &amp; Olufsen STAEGER AG Thalwil - St\u00e4fa\",\"isPartOf\":{\"@id\":\"https:\/\/staegerag.ch\/bang-olufsen\/#website\"},\"primaryImageOfPage\":{\"@id\":\"https:\/\/staegerag.ch\/bang-olufsen\/produkt\/beosound-balance-black\/#primaryimage\"},\"image\":{\"@id\":\"https:\/\/staegerag.ch\/bang-olufsen\/produkt\/beosound-balance-black\/#primaryimage\"},\"thumbnailUrl\":\"https:\/\/staegerag.ch\/bang-olufsen\/wp-content\/uploads\/sites\/2\/2026\/03\/Packshot-Beosound-Balance-Black-Oak-0035-Front-1200x1200px.webp\",\"datePublished\":\"2026-03-10T11:04:49+00:00\",\"dateModified\":\"2026-03-10T12:51:19+00:00\",\"description\":\"Zum Verkauf steht ein Occ. Beosound 2 NG. Beosound 2 NG verk\u00f6rpert die Verbindung von \u00c4sthetik und Klangleistung.Sein markantes Design.\",\"breadcrumb\":{\"@id\":\"https:\/\/staegerag.ch\/bang-olufsen\/produkt\/beosound-balance-black\/#breadcrumb\"},\"inLanguage\":\"de\",\"potentialAction\":[{\"@type\":\"ReadAction\",\"target\":[\"https:\/\/staegerag.ch\/bang-olufsen\/produkt\/beosound-balance-black\/\"]}]},{\"@type\":\"ImageObject\",\"inLanguage\":\"de\",\"@id\":\"https:\/\/staegerag.ch\/bang-olufsen\/produkt\/beosound-balance-black\/#primaryimage\",\"url\":\"https:\/\/staegerag.ch\/bang-olufsen\/wp-content\/uploads\/sites\/2\/2026\/03\/Packshot-Beosound-Balance-Black-Oak-0035-Front-1200x1200px.webp\",\"contentUrl\":\"https:\/\/staegerag.ch\/bang-olufsen\/wp-content\/uploads\/sites\/2\/2026\/03\/Packshot-Beosound-Balance-Black-Oak-0035-Front-1200x1200px.webp\",\"width\":1200,\"height\":1200},{\"@type\":\"BreadcrumbList\",\"@id\":\"https:\/\/staegerag.ch\/bang-olufsen\/produkt\/beosound-balance-black\/#breadcrumb\",\"itemListElement\":[{\"@type\":\"ListItem\",\"position\":1,\"name\":\"Startseite\",\"item\":\"https:\/\/staegerag.ch\/bang-olufsen\/\"},{\"@type\":\"ListItem\",\"position\":2,\"name\":\"Shop\",\"item\":\"https:\/\/staegerag.ch\/bang-olufsen\/shop\/\"},{\"@type\":\"ListItem\",\"position\":3,\"name\":\"Beosound Balance black\"}]},{\"@type\":\"WebSite\",\"@id\":\"https:\/\/staegerag.ch\/bang-olufsen\/#website\",\"url\":\"https:\/\/staegerag.ch\/bang-olufsen\/\",\"name\":\"Bang & Olufsen STAEGER AG Thalwil - St\u00e4fa\",\"description\":\"sehen - h\u00f6ren - f\u00fchlen - erleben\",\"publisher\":{\"@id\":\"https:\/\/staegerag.ch\/bang-olufsen\/#organization\"},\"alternateName\":\"Bang & Olufsen Partner der Schweiz\",\"potentialAction\":[{\"@type\":\"SearchAction\",\"target\":{\"@type\":\"EntryPoint\",\"urlTemplate\":\"https:\/\/staegerag.ch\/bang-olufsen\/?s={search_term_string}\"},\"query-input\":{\"@type\":\"PropertyValueSpecification\",\"valueRequired\":true,\"valueName\":\"search_term_string\"}}],\"inLanguage\":\"de\"},{\"@type\":\"Organization\",\"@id\":\"https:\/\/staegerag.ch\/bang-olufsen\/#organization\",\"name\":\"Bang & Olufsen STAEGER AG Thalwil - St\u00e4fa\",\"alternateName\":\"Ihr Bang & Olufsen Partner der Schweiz\",\"url\":\"https:\/\/staegerag.ch\/bang-olufsen\/\",\"logo\":{\"@type\":\"ImageObject\",\"inLanguage\":\"de\",\"@id\":\"https:\/\/staegerag.ch\/bang-olufsen\/#\/schema\/logo\/image\/\",\"url\":\"https:\/\/staegerag.ch\/bang-olufsen\/wp-content\/uploads\/sites\/2\/2025\/09\/bo1925-bl-staegerag-scaled.png\",\"contentUrl\":\"https:\/\/staegerag.ch\/bang-olufsen\/wp-content\/uploads\/sites\/2\/2025\/09\/bo1925-bl-staegerag-scaled.png\",\"width\":2560,\"height\":857,\"caption\":\"Bang & Olufsen STAEGER AG Thalwil - St\u00e4fa\"},\"image\":{\"@id\":\"https:\/\/staegerag.ch\/bang-olufsen\/#\/schema\/logo\/image\/\"},\"sameAs\":[\"https:\/\/www.instagram.com\/bangolufsen_thalwil\/\"],\"description\":\"Die Bang & Olufsen STAEGER AG ist der anerkannte Multimedia-Spezialist und Flaggschiff-Partner von Bang & Olufsen am Z\u00fcrichsee, der High-End-Audio- und Video-L\u00f6sungen mit umfassender Beratung und Installation f\u00fcr Smart Homes anbietet.\",\"legalName\":\"Radio-Televisoin STAEGER AG\",\"foundingDate\":\"1955-12-24\",\"numberOfEmployees\":{\"@type\":\"QuantitativeValue\",\"minValue\":\"11\",\"maxValue\":\"50\"}}]}<\/script>\n<meta property=\"product:price:amount\" content=\"1900.00\" \/>\n<meta property=\"product:price:currency\" content=\"CHF\" \/>\n<meta property=\"og:availability\" content=\"instock\" \/>\n<meta property=\"product:availability\" content=\"instock\" \/>\n<meta property=\"product:retailer_item_id\" content=\"Kommissionsverkauf: 29058\" \/>\n<meta property=\"product:condition\" content=\"new\" \/>\n<!-- \/ Yoast SEO Premium plugin. -->","yoast_head_json":{"title":"Beosound Balance black - Bang &amp; Olufsen STAEGER AG Thalwil - St\u00e4fa","description":"Zum Verkauf steht ein Occ. Beosound 2 NG. Beosound 2 NG verk\u00f6rpert die Verbindung von \u00c4sthetik und Klangleistung.Sein markantes Design.","robots":{"index":"index","follow":"follow","max-snippet":"max-snippet:-1","max-image-preview":"max-image-preview:large","max-video-preview":"max-video-preview:-1"},"canonical":"https:\/\/staegerag.ch\/bang-olufsen\/produkt\/beosound-balance-black\/","og_locale":"de_DE","og_type":"article","og_title":"Beosound Balance black","og_description":"Zum Verkauf steht ein Occ. Beosound 2 NG. Beosound 2 NG verk\u00f6rpert die Verbindung von \u00c4sthetik und Klangleistung.Sein markantes Design.","og_url":"https:\/\/staegerag.ch\/bang-olufsen\/produkt\/beosound-balance-black\/","og_site_name":"Bang &amp; Olufsen STAEGER AG Thalwil - St\u00e4fa","article_modified_time":"2026-03-10T12:51:19+00:00","og_image":[{"width":1200,"height":1200,"url":"http:\/\/staegerag.ch\/bang-olufsen\/wp-content\/uploads\/sites\/2\/2026\/03\/Packshot-Beosound-Balance-Black-Oak-0035-Front-1200x1200px.webp","type":"image\/webp"}],"schema":{"@context":"https:\/\/schema.org","@graph":[{"@type":"WebPage","@id":"https:\/\/staegerag.ch\/bang-olufsen\/produkt\/beosound-balance-black\/","url":"https:\/\/staegerag.ch\/bang-olufsen\/produkt\/beosound-balance-black\/","name":"Beosound Balance black - Bang &amp; Olufsen STAEGER AG Thalwil - St\u00e4fa","isPartOf":{"@id":"https:\/\/staegerag.ch\/bang-olufsen\/#website"},"primaryImageOfPage":{"@id":"https:\/\/staegerag.ch\/bang-olufsen\/produkt\/beosound-balance-black\/#primaryimage"},"image":{"@id":"https:\/\/staegerag.ch\/bang-olufsen\/produkt\/beosound-balance-black\/#primaryimage"},"thumbnailUrl":"https:\/\/staegerag.ch\/bang-olufsen\/wp-content\/uploads\/sites\/2\/2026\/03\/Packshot-Beosound-Balance-Black-Oak-0035-Front-1200x1200px.webp","datePublished":"2026-03-10T11:04:49+00:00","dateModified":"2026-03-10T12:51:19+00:00","description":"Zum Verkauf steht ein Occ. Beosound 2 NG. Beosound 2 NG verk\u00f6rpert die Verbindung von \u00c4sthetik und Klangleistung.Sein markantes Design.","breadcrumb":{"@id":"https:\/\/staegerag.ch\/bang-olufsen\/produkt\/beosound-balance-black\/#breadcrumb"},"inLanguage":"de","potentialAction":[{"@type":"ReadAction","target":["https:\/\/staegerag.ch\/bang-olufsen\/produkt\/beosound-balance-black\/"]}]},{"@type":"ImageObject","inLanguage":"de","@id":"https:\/\/staegerag.ch\/bang-olufsen\/produkt\/beosound-balance-black\/#primaryimage","url":"https:\/\/staegerag.ch\/bang-olufsen\/wp-content\/uploads\/sites\/2\/2026\/03\/Packshot-Beosound-Balance-Black-Oak-0035-Front-1200x1200px.webp","contentUrl":"https:\/\/staegerag.ch\/bang-olufsen\/wp-content\/uploads\/sites\/2\/2026\/03\/Packshot-Beosound-Balance-Black-Oak-0035-Front-1200x1200px.webp","width":1200,"height":1200},{"@type":"BreadcrumbList","@id":"https:\/\/staegerag.ch\/bang-olufsen\/produkt\/beosound-balance-black\/#breadcrumb","itemListElement":[{"@type":"ListItem","position":1,"name":"Startseite","item":"https:\/\/staegerag.ch\/bang-olufsen\/"},{"@type":"ListItem","position":2,"name":"Shop","item":"https:\/\/staegerag.ch\/bang-olufsen\/shop\/"},{"@type":"ListItem","position":3,"name":"Beosound Balance black"}]},{"@type":"WebSite","@id":"https:\/\/staegerag.ch\/bang-olufsen\/#website","url":"https:\/\/staegerag.ch\/bang-olufsen\/","name":"Bang & Olufsen STAEGER AG Thalwil - St\u00e4fa","description":"sehen - h\u00f6ren - f\u00fchlen - erleben","publisher":{"@id":"https:\/\/staegerag.ch\/bang-olufsen\/#organization"},"alternateName":"Bang & Olufsen Partner der Schweiz","potentialAction":[{"@type":"SearchAction","target":{"@type":"EntryPoint","urlTemplate":"https:\/\/staegerag.ch\/bang-olufsen\/?s={search_term_string}"},"query-input":{"@type":"PropertyValueSpecification","valueRequired":true,"valueName":"search_term_string"}}],"inLanguage":"de"},{"@type":"Organization","@id":"https:\/\/staegerag.ch\/bang-olufsen\/#organization","name":"Bang & Olufsen STAEGER AG Thalwil - St\u00e4fa","alternateName":"Ihr Bang & Olufsen Partner der Schweiz","url":"https:\/\/staegerag.ch\/bang-olufsen\/","logo":{"@type":"ImageObject","inLanguage":"de","@id":"https:\/\/staegerag.ch\/bang-olufsen\/#\/schema\/logo\/image\/","url":"https:\/\/staegerag.ch\/bang-olufsen\/wp-content\/uploads\/sites\/2\/2025\/09\/bo1925-bl-staegerag-scaled.png","contentUrl":"https:\/\/staegerag.ch\/bang-olufsen\/wp-content\/uploads\/sites\/2\/2025\/09\/bo1925-bl-staegerag-scaled.png","width":2560,"height":857,"caption":"Bang & Olufsen STAEGER AG Thalwil - St\u00e4fa"},"image":{"@id":"https:\/\/staegerag.ch\/bang-olufsen\/#\/schema\/logo\/image\/"},"sameAs":["https:\/\/www.instagram.com\/bangolufsen_thalwil\/"],"description":"Die Bang & Olufsen STAEGER AG ist der anerkannte Multimedia-Spezialist und Flaggschiff-Partner von Bang & Olufsen am Z\u00fcrichsee, der High-End-Audio- und Video-L\u00f6sungen mit umfassender Beratung und Installation f\u00fcr Smart Homes anbietet.","legalName":"Radio-Televisoin STAEGER AG","foundingDate":"1955-12-24","numberOfEmployees":{"@type":"QuantitativeValue","minValue":"11","maxValue":"50"}}]},"product_price_amount":"1900.00","product_price_currency":"CHF","og_availability":"instock","product_availability":"instock","product_retailer_item_id":"Kommissionsverkauf: 29058","product_condition":"new"},"_links":{"self":[{"href":"https:\/\/staegerag.ch\/bang-olufsen\/wp-json\/wp\/v2\/product\/1805","targetHints":{"allow":["GET"]}}],"collection":[{"href":"https:\/\/staegerag.ch\/bang-olufsen\/wp-json\/wp\/v2\/product"}],"about":[{"href":"https:\/\/staegerag.ch\/bang-olufsen\/wp-json\/wp\/v2\/types\/product"}],"replies":[{"embeddable":true,"href":"https:\/\/staegerag.ch\/bang-olufsen\/wp-json\/wp\/v2\/comments?post=1805"}],"wp:featuredmedia":[{"embeddable":true,"href":"https:\/\/staegerag.ch\/bang-olufsen\/wp-json\/wp\/v2\/media\/1810"}],"wp:attachment":[{"href":"https:\/\/staegerag.ch\/bang-olufsen\/wp-json\/wp\/v2\/media?parent=1805"}],"wp:term":[{"taxonomy":"product_brand","embeddable":true,"href":"https:\/\/staegerag.ch\/bang-olufsen\/wp-json\/wp\/v2\/product_brand?post=1805"},{"taxonomy":"product_cat","embeddable":true,"href":"https:\/\/staegerag.ch\/bang-olufsen\/wp-json\/wp\/v2\/product_cat?post=1805"},{"taxonomy":"product_tag","embeddable":true,"href":"https:\/\/staegerag.ch\/bang-olufsen\/wp-json\/wp\/v2\/product_tag?post=1805"}],"curies":[{"name":"wp","href":"https:\/\/api.w.org\/{rel}","templated":true}]}}