{"id":127,"date":"2025-10-07T15:39:24","date_gmt":"2025-10-07T13:39:24","guid":{"rendered":"https:\/\/staegerag.ch\/baobabcollection\/?post_type=product&#038;p=127"},"modified":"2025-12-29T15:22:23","modified_gmt":"2025-12-29T14:22:23","slug":"duftkerze-les-exclusives-cyprium","status":"publish","type":"product","link":"https:\/\/staegerag.ch\/baobabcollection\/produkt\/duftkerze-les-exclusives-cyprium\/","title":{"rendered":"DUFTKERZE LES EXCLUSIVES CYPRIUM"},"content":{"rendered":"<p>Die Duftkerze Cyprium in verspiegelter Kupfer-Optik erlaubt durch die hauchd\u00fcnne Beschichtung einen Blick auf die schimmernde Flamme und macht die Kerze zu einem edlen und dekorativen Blickfang.<\/p>\n\n\n<p><\/p>\n","protected":false},"excerpt":{"rendered":"<p data-path-to-node=\"1\">Die Baobab Collection <b>Les Exclusives Cyprium<\/b> Kerze ist eine kraftvolle und markante Kreation, deren kupferfarbenes, metallisches Glasdesign von geschmolzenem Erz inspiriert ist, w\u00e4hrend sie einen komplexen, holzig-w\u00fcrzigen Duft aus <b>Sandelholz<\/b>, <b>Vetiver<\/b> und <b>Bergamotte<\/b> verstr\u00f6mt, der f\u00fcr eine warme und charismatische Atmosph\u00e4re sorgt.<\/p>\n","protected":false},"featured_media":128,"template":"","meta":[],"product_brand":[19],"product_cat":[35,50],"product_tag":[143,144,63],"class_list":{"0":"post-127","1":"product","2":"type-product","3":"status-publish","4":"has-post-thumbnail","6":"product_brand-baobab","7":"product_cat-duftkerzen","8":"product_cat-les-exclusives","9":"product_tag-iris","10":"product_tag-papyrus","11":"product_tag-sandelholz","13":"first","14":"onbackorder","15":"featured","16":"taxable","17":"shipping-taxable","18":"purchasable","19":"product-type-variable"},"yoast_head":"<!-- This site is optimized with the Yoast SEO Premium plugin v27.4 (Yoast SEO v27.4) - https:\/\/yoast.com\/product\/yoast-seo-premium-wordpress\/ -->\n<title>DUFTKERZE LES EXCLUSIVES CYPRIUM - Baobab Collection - Luxuriose Duftkerzen<\/title>\n<meta name=\"robots\" content=\"index, follow, max-snippet:-1, max-image-preview:large, max-video-preview:-1\" \/>\n<link rel=\"canonical\" href=\"https:\/\/staegerag.ch\/baobabcollection\/produkt\/duftkerze-les-exclusives-cyprium\/\" \/>\n<meta property=\"og:locale\" content=\"de_DE\" \/>\n<meta property=\"og:type\" content=\"article\" \/>\n<meta property=\"og:title\" content=\"DUFTKERZE LES EXCLUSIVES CYPRIUM\" \/>\n<meta property=\"og:description\" content=\"Die Baobab Collection Les Exclusives Cyprium Kerze ist eine kraftvolle und markante Kreation, deren kupferfarbenes, metallisches Glasdesign von geschmolzenem Erz inspiriert ist, w\u00e4hrend sie einen komplexen, holzig-w\u00fcrzigen Duft aus Sandelholz, Vetiver und Bergamotte verstr\u00f6mt, der f\u00fcr eine warme und charismatische Atmosph\u00e4re sorgt.\" \/>\n<meta property=\"og:url\" content=\"https:\/\/staegerag.ch\/baobabcollection\/produkt\/duftkerze-les-exclusives-cyprium\/\" \/>\n<meta property=\"og:site_name\" content=\"Baobab Collection - Luxuriose Duftkerzen\" \/>\n<meta property=\"article:publisher\" content=\"https:\/\/facebook.com\/staegerag\" \/>\n<meta property=\"article:modified_time\" content=\"2025-12-29T14:22:23+00:00\" \/>\n<meta property=\"og:image\" content=\"https:\/\/staegerag.ch\/baobabcollection\/wp-content\/uploads\/sites\/3\/2025\/10\/5415198483767_scentedcandles_cyprium_grappe.webp\" \/>\n\t<meta property=\"og:image:width\" content=\"1050\" \/>\n\t<meta property=\"og:image:height\" content=\"1200\" \/>\n\t<meta property=\"og:image:type\" content=\"image\/webp\" \/>\n<meta name=\"twitter:card\" content=\"summary_large_image\" \/>\n<meta name=\"twitter:label1\" content=\"Verf\u00fcgbarkeit\" \/>\n\t<meta name=\"twitter:data1\" content=\"bei Nachbestellung\" \/>\n<script type=\"application\/ld+json\" class=\"yoast-schema-graph\">{\"@context\":\"https:\\\/\\\/schema.org\",\"@graph\":[{\"@type\":\"WebPage\",\"@id\":\"https:\\\/\\\/staegerag.ch\\\/baobabcollection\\\/produkt\\\/duftkerze-les-exclusives-cyprium\\\/\",\"url\":\"https:\\\/\\\/staegerag.ch\\\/baobabcollection\\\/produkt\\\/duftkerze-les-exclusives-cyprium\\\/\",\"name\":\"DUFTKERZE LES EXCLUSIVES CYPRIUM - Baobab Collection - Luxuriose Duftkerzen\",\"isPartOf\":{\"@id\":\"https:\\\/\\\/staegerag.ch\\\/baobabcollection\\\/#website\"},\"primaryImageOfPage\":{\"@id\":\"https:\\\/\\\/staegerag.ch\\\/baobabcollection\\\/produkt\\\/duftkerze-les-exclusives-cyprium\\\/#primaryimage\"},\"image\":{\"@id\":\"https:\\\/\\\/staegerag.ch\\\/baobabcollection\\\/produkt\\\/duftkerze-les-exclusives-cyprium\\\/#primaryimage\"},\"thumbnailUrl\":\"https:\\\/\\\/staegerag.ch\\\/baobabcollection\\\/wp-content\\\/uploads\\\/sites\\\/3\\\/2025\\\/10\\\/5415198483767_scentedcandles_cyprium_grappe.webp\",\"datePublished\":\"2025-10-07T13:39:24+00:00\",\"dateModified\":\"2025-12-29T14:22:23+00:00\",\"breadcrumb\":{\"@id\":\"https:\\\/\\\/staegerag.ch\\\/baobabcollection\\\/produkt\\\/duftkerze-les-exclusives-cyprium\\\/#breadcrumb\"},\"inLanguage\":\"de\",\"potentialAction\":[{\"@type\":\"ReadAction\",\"target\":[\"https:\\\/\\\/staegerag.ch\\\/baobabcollection\\\/produkt\\\/duftkerze-les-exclusives-cyprium\\\/\"]}]},{\"@type\":\"ImageObject\",\"inLanguage\":\"de\",\"@id\":\"https:\\\/\\\/staegerag.ch\\\/baobabcollection\\\/produkt\\\/duftkerze-les-exclusives-cyprium\\\/#primaryimage\",\"url\":\"https:\\\/\\\/staegerag.ch\\\/baobabcollection\\\/wp-content\\\/uploads\\\/sites\\\/3\\\/2025\\\/10\\\/5415198483767_scentedcandles_cyprium_grappe.webp\",\"contentUrl\":\"https:\\\/\\\/staegerag.ch\\\/baobabcollection\\\/wp-content\\\/uploads\\\/sites\\\/3\\\/2025\\\/10\\\/5415198483767_scentedcandles_cyprium_grappe.webp\",\"width\":1050,\"height\":1200},{\"@type\":\"BreadcrumbList\",\"@id\":\"https:\\\/\\\/staegerag.ch\\\/baobabcollection\\\/produkt\\\/duftkerze-les-exclusives-cyprium\\\/#breadcrumb\",\"itemListElement\":[{\"@type\":\"ListItem\",\"position\":1,\"name\":\"Startseite\",\"item\":\"https:\\\/\\\/staegerag.ch\\\/baobabcollection\\\/\"},{\"@type\":\"ListItem\",\"position\":2,\"name\":\"Produkte\",\"item\":\"https:\\\/\\\/staegerag.ch\\\/baobabcollection\\\/shop__trashed\\\/\"},{\"@type\":\"ListItem\",\"position\":3,\"name\":\"DUFTKERZE LES EXCLUSIVES CYPRIUM\"}]},{\"@type\":\"WebSite\",\"@id\":\"https:\\\/\\\/staegerag.ch\\\/baobabcollection\\\/#website\",\"url\":\"https:\\\/\\\/staegerag.ch\\\/baobabcollection\\\/\",\"name\":\"Baobab Collection - Luxuriose Duftkerzen\",\"description\":\"\",\"publisher\":{\"@id\":\"https:\\\/\\\/staegerag.ch\\\/baobabcollection\\\/#organization\"},\"potentialAction\":[{\"@type\":\"SearchAction\",\"target\":{\"@type\":\"EntryPoint\",\"urlTemplate\":\"https:\\\/\\\/staegerag.ch\\\/baobabcollection\\\/?s={search_term_string}\"},\"query-input\":{\"@type\":\"PropertyValueSpecification\",\"valueRequired\":true,\"valueName\":\"search_term_string\"}}],\"inLanguage\":\"de\"},{\"@type\":\"Organization\",\"@id\":\"https:\\\/\\\/staegerag.ch\\\/baobabcollection\\\/#organization\",\"name\":\"STAEGER AG Thalwil\",\"url\":\"https:\\\/\\\/staegerag.ch\\\/baobabcollection\\\/\",\"logo\":{\"@type\":\"ImageObject\",\"inLanguage\":\"de\",\"@id\":\"https:\\\/\\\/staegerag.ch\\\/baobabcollection\\\/#\\\/schema\\\/logo\\\/image\\\/\",\"url\":\"https:\\\/\\\/staegerag.ch\\\/baobabcollection\\\/wp-content\\\/uploads\\\/sites\\\/3\\\/2025\\\/10\\\/staegerag-logo-300px-1.png\",\"contentUrl\":\"https:\\\/\\\/staegerag.ch\\\/baobabcollection\\\/wp-content\\\/uploads\\\/sites\\\/3\\\/2025\\\/10\\\/staegerag-logo-300px-1.png\",\"width\":1068,\"height\":300,\"caption\":\"STAEGER AG Thalwil\"},\"image\":{\"@id\":\"https:\\\/\\\/staegerag.ch\\\/baobabcollection\\\/#\\\/schema\\\/logo\\\/image\\\/\"},\"sameAs\":[\"https:\\\/\\\/facebook.com\\\/staegerag\"]}]}<\/script>\n<meta property=\"product:brand\" content=\"Baobab\" \/>\n<meta property=\"og:availability\" content=\"backorder\" \/>\n<meta property=\"product:availability\" content=\"available for order\" \/>\n<meta property=\"product:condition\" content=\"new\" \/>\n<!-- \/ Yoast SEO Premium plugin. -->","yoast_head_json":{"title":"DUFTKERZE LES EXCLUSIVES CYPRIUM - Baobab Collection - Luxuriose Duftkerzen","robots":{"index":"index","follow":"follow","max-snippet":"max-snippet:-1","max-image-preview":"max-image-preview:large","max-video-preview":"max-video-preview:-1"},"canonical":"https:\/\/staegerag.ch\/baobabcollection\/produkt\/duftkerze-les-exclusives-cyprium\/","og_locale":"de_DE","og_type":"article","og_title":"DUFTKERZE LES EXCLUSIVES CYPRIUM","og_description":"Die Baobab Collection Les Exclusives Cyprium Kerze ist eine kraftvolle und markante Kreation, deren kupferfarbenes, metallisches Glasdesign von geschmolzenem Erz inspiriert ist, w\u00e4hrend sie einen komplexen, holzig-w\u00fcrzigen Duft aus Sandelholz, Vetiver und Bergamotte verstr\u00f6mt, der f\u00fcr eine warme und charismatische Atmosph\u00e4re sorgt.","og_url":"https:\/\/staegerag.ch\/baobabcollection\/produkt\/duftkerze-les-exclusives-cyprium\/","og_site_name":"Baobab Collection - Luxuriose Duftkerzen","article_publisher":"https:\/\/facebook.com\/staegerag","article_modified_time":"2025-12-29T14:22:23+00:00","og_image":[{"width":1050,"height":1200,"url":"https:\/\/staegerag.ch\/baobabcollection\/wp-content\/uploads\/sites\/3\/2025\/10\/5415198483767_scentedcandles_cyprium_grappe.webp","type":"image\/webp"}],"twitter_card":"summary_large_image","twitter_misc":{"Verf\u00fcgbarkeit":"bei Nachbestellung"},"schema":{"@context":"https:\/\/schema.org","@graph":[{"@type":"WebPage","@id":"https:\/\/staegerag.ch\/baobabcollection\/produkt\/duftkerze-les-exclusives-cyprium\/","url":"https:\/\/staegerag.ch\/baobabcollection\/produkt\/duftkerze-les-exclusives-cyprium\/","name":"DUFTKERZE LES EXCLUSIVES CYPRIUM - Baobab Collection - Luxuriose Duftkerzen","isPartOf":{"@id":"https:\/\/staegerag.ch\/baobabcollection\/#website"},"primaryImageOfPage":{"@id":"https:\/\/staegerag.ch\/baobabcollection\/produkt\/duftkerze-les-exclusives-cyprium\/#primaryimage"},"image":{"@id":"https:\/\/staegerag.ch\/baobabcollection\/produkt\/duftkerze-les-exclusives-cyprium\/#primaryimage"},"thumbnailUrl":"https:\/\/staegerag.ch\/baobabcollection\/wp-content\/uploads\/sites\/3\/2025\/10\/5415198483767_scentedcandles_cyprium_grappe.webp","datePublished":"2025-10-07T13:39:24+00:00","dateModified":"2025-12-29T14:22:23+00:00","breadcrumb":{"@id":"https:\/\/staegerag.ch\/baobabcollection\/produkt\/duftkerze-les-exclusives-cyprium\/#breadcrumb"},"inLanguage":"de","potentialAction":[{"@type":"ReadAction","target":["https:\/\/staegerag.ch\/baobabcollection\/produkt\/duftkerze-les-exclusives-cyprium\/"]}]},{"@type":"ImageObject","inLanguage":"de","@id":"https:\/\/staegerag.ch\/baobabcollection\/produkt\/duftkerze-les-exclusives-cyprium\/#primaryimage","url":"https:\/\/staegerag.ch\/baobabcollection\/wp-content\/uploads\/sites\/3\/2025\/10\/5415198483767_scentedcandles_cyprium_grappe.webp","contentUrl":"https:\/\/staegerag.ch\/baobabcollection\/wp-content\/uploads\/sites\/3\/2025\/10\/5415198483767_scentedcandles_cyprium_grappe.webp","width":1050,"height":1200},{"@type":"BreadcrumbList","@id":"https:\/\/staegerag.ch\/baobabcollection\/produkt\/duftkerze-les-exclusives-cyprium\/#breadcrumb","itemListElement":[{"@type":"ListItem","position":1,"name":"Startseite","item":"https:\/\/staegerag.ch\/baobabcollection\/"},{"@type":"ListItem","position":2,"name":"Produkte","item":"https:\/\/staegerag.ch\/baobabcollection\/shop__trashed\/"},{"@type":"ListItem","position":3,"name":"DUFTKERZE LES EXCLUSIVES CYPRIUM"}]},{"@type":"WebSite","@id":"https:\/\/staegerag.ch\/baobabcollection\/#website","url":"https:\/\/staegerag.ch\/baobabcollection\/","name":"Baobab Collection - Luxuriose Duftkerzen","description":"","publisher":{"@id":"https:\/\/staegerag.ch\/baobabcollection\/#organization"},"potentialAction":[{"@type":"SearchAction","target":{"@type":"EntryPoint","urlTemplate":"https:\/\/staegerag.ch\/baobabcollection\/?s={search_term_string}"},"query-input":{"@type":"PropertyValueSpecification","valueRequired":true,"valueName":"search_term_string"}}],"inLanguage":"de"},{"@type":"Organization","@id":"https:\/\/staegerag.ch\/baobabcollection\/#organization","name":"STAEGER AG Thalwil","url":"https:\/\/staegerag.ch\/baobabcollection\/","logo":{"@type":"ImageObject","inLanguage":"de","@id":"https:\/\/staegerag.ch\/baobabcollection\/#\/schema\/logo\/image\/","url":"https:\/\/staegerag.ch\/baobabcollection\/wp-content\/uploads\/sites\/3\/2025\/10\/staegerag-logo-300px-1.png","contentUrl":"https:\/\/staegerag.ch\/baobabcollection\/wp-content\/uploads\/sites\/3\/2025\/10\/staegerag-logo-300px-1.png","width":1068,"height":300,"caption":"STAEGER AG Thalwil"},"image":{"@id":"https:\/\/staegerag.ch\/baobabcollection\/#\/schema\/logo\/image\/"},"sameAs":["https:\/\/facebook.com\/staegerag"]}]},"product_brand":"Baobab","og_availability":"backorder","product_availability":"available for order","product_condition":"new"},"jetpack_sharing_enabled":true,"_links":{"self":[{"href":"https:\/\/staegerag.ch\/baobabcollection\/wp-json\/wp\/v2\/product\/127","targetHints":{"allow":["GET"]}}],"collection":[{"href":"https:\/\/staegerag.ch\/baobabcollection\/wp-json\/wp\/v2\/product"}],"about":[{"href":"https:\/\/staegerag.ch\/baobabcollection\/wp-json\/wp\/v2\/types\/product"}],"version-history":[{"count":3,"href":"https:\/\/staegerag.ch\/baobabcollection\/wp-json\/wp\/v2\/product\/127\/revisions"}],"predecessor-version":[{"id":8304,"href":"https:\/\/staegerag.ch\/baobabcollection\/wp-json\/wp\/v2\/product\/127\/revisions\/8304"}],"wp:featuredmedia":[{"embeddable":true,"href":"https:\/\/staegerag.ch\/baobabcollection\/wp-json\/wp\/v2\/media\/128"}],"wp:attachment":[{"href":"https:\/\/staegerag.ch\/baobabcollection\/wp-json\/wp\/v2\/media?parent=127"}],"wp:term":[{"taxonomy":"product_brand","embeddable":true,"href":"https:\/\/staegerag.ch\/baobabcollection\/wp-json\/wp\/v2\/product_brand?post=127"},{"taxonomy":"product_cat","embeddable":true,"href":"https:\/\/staegerag.ch\/baobabcollection\/wp-json\/wp\/v2\/product_cat?post=127"},{"taxonomy":"product_tag","embeddable":true,"href":"https:\/\/staegerag.ch\/baobabcollection\/wp-json\/wp\/v2\/product_tag?post=127"}],"curies":[{"name":"wp","href":"https:\/\/api.w.org\/{rel}","templated":true}]}}