{"id":144,"date":"2025-10-07T15:51:10","date_gmt":"2025-10-07T13:51:10","guid":{"rendered":"https:\/\/staegerag.ch\/baobabcollection\/?post_type=product&#038;p=144"},"modified":"2025-12-29T15:22:16","modified_gmt":"2025-12-29T14:22:16","slug":"duftkerze-les-exclusives-roseum","status":"publish","type":"product","link":"https:\/\/staegerag.ch\/baobabcollection\/produkt\/duftkerze-les-exclusives-roseum\/","title":{"rendered":"DUFTKERZE LES EXCLUSIVES ROSEUM"},"content":{"rendered":"<p>Das Glas der rosarischen Duftkerze ist zart mit einer pulverrosa Metallisation bedeckt. Diese Kerze ist sowohl dekorativ als auch nerv\u00f6s und ist ein wirklich kostbares Designobjekt. Der florale und moschusartige Duft verleiht Ihren Innenr\u00e4umen eine feminine und raffinierte Note.<\/p>\n\n\n<p><\/p>\n","protected":false},"excerpt":{"rendered":"<p data-path-to-node=\"1\">Die Baobab Collection <b>Les Exclusives Roseum<\/b> Kerze ist eine luxuri\u00f6se Hommage an die K\u00f6nigin der Blumen und pr\u00e4sentiert sich in einem eleganten, zartrosa get\u00f6nten Glas, das mit einem 9-Karat-Golddruck veredelt ist, w\u00e4hrend sie einen raffinierten und pudrigen Duft von <b>Damaszener Rose<\/b>, <b>Wei\u00dfem Moschus<\/b> und einem Hauch von Gew\u00fcrzen verstr\u00f6mt, der pure Weiblichkeit und Eleganz ausstrahlt.<\/p>\n","protected":false},"featured_media":145,"template":"","meta":[],"product_brand":[19],"product_cat":[35,50],"product_tag":[61,62,63],"class_list":{"0":"post-144","1":"product","2":"type-product","3":"status-publish","4":"has-post-thumbnail","6":"product_brand-baobab","7":"product_cat-duftkerzen","8":"product_cat-les-exclusives","9":"product_tag-gras-schneiden","10":"product_tag-korianderblatt","11":"product_tag-sandelholz","13":"first","14":"onbackorder","15":"featured","16":"taxable","17":"shipping-taxable","18":"purchasable","19":"product-type-variable"},"yoast_head":"<!-- This site is optimized with the Yoast SEO Premium plugin v27.4 (Yoast SEO v27.4) - https:\/\/yoast.com\/product\/yoast-seo-premium-wordpress\/ -->\n<title>DUFTKERZE LES EXCLUSIVES ROSEUM - Baobab Collection - Luxuriose Duftkerzen<\/title>\n<meta name=\"robots\" content=\"index, follow, max-snippet:-1, max-image-preview:large, max-video-preview:-1\" \/>\n<link rel=\"canonical\" href=\"https:\/\/staegerag.ch\/baobabcollection\/produkt\/duftkerze-les-exclusives-roseum\/\" \/>\n<meta property=\"og:locale\" content=\"de_DE\" \/>\n<meta property=\"og:type\" content=\"article\" \/>\n<meta property=\"og:title\" content=\"DUFTKERZE LES EXCLUSIVES ROSEUM\" \/>\n<meta property=\"og:description\" content=\"Die Baobab Collection Les Exclusives Roseum Kerze ist eine luxuri\u00f6se Hommage an die K\u00f6nigin der Blumen und pr\u00e4sentiert sich in einem eleganten, zartrosa get\u00f6nten Glas, das mit einem 9-Karat-Golddruck veredelt ist, w\u00e4hrend sie einen raffinierten und pudrigen Duft von Damaszener Rose, Wei\u00dfem Moschus und einem Hauch von Gew\u00fcrzen verstr\u00f6mt, der pure Weiblichkeit und Eleganz ausstrahlt.\" \/>\n<meta property=\"og:url\" content=\"https:\/\/staegerag.ch\/baobabcollection\/produkt\/duftkerze-les-exclusives-roseum\/\" \/>\n<meta property=\"og:site_name\" content=\"Baobab Collection - Luxuriose Duftkerzen\" \/>\n<meta property=\"article:publisher\" content=\"https:\/\/facebook.com\/staegerag\" \/>\n<meta property=\"article:modified_time\" content=\"2025-12-29T14:22:16+00:00\" \/>\n<meta property=\"og:image\" content=\"https:\/\/staegerag.ch\/baobabcollection\/wp-content\/uploads\/sites\/3\/2025\/10\/5415198494978_scented_candles_roseum_grappe.webp\" \/>\n\t<meta property=\"og:image:width\" content=\"1050\" \/>\n\t<meta property=\"og:image:height\" content=\"1200\" \/>\n\t<meta property=\"og:image:type\" content=\"image\/webp\" \/>\n<meta name=\"twitter:card\" content=\"summary_large_image\" \/>\n<meta name=\"twitter:label1\" content=\"Verf\u00fcgbarkeit\" \/>\n\t<meta name=\"twitter:data1\" content=\"bei Nachbestellung\" \/>\n<script type=\"application\/ld+json\" class=\"yoast-schema-graph\">{\"@context\":\"https:\\\/\\\/schema.org\",\"@graph\":[{\"@type\":\"WebPage\",\"@id\":\"https:\\\/\\\/staegerag.ch\\\/baobabcollection\\\/produkt\\\/duftkerze-les-exclusives-roseum\\\/\",\"url\":\"https:\\\/\\\/staegerag.ch\\\/baobabcollection\\\/produkt\\\/duftkerze-les-exclusives-roseum\\\/\",\"name\":\"DUFTKERZE LES EXCLUSIVES ROSEUM - Baobab Collection - Luxuriose Duftkerzen\",\"isPartOf\":{\"@id\":\"https:\\\/\\\/staegerag.ch\\\/baobabcollection\\\/#website\"},\"primaryImageOfPage\":{\"@id\":\"https:\\\/\\\/staegerag.ch\\\/baobabcollection\\\/produkt\\\/duftkerze-les-exclusives-roseum\\\/#primaryimage\"},\"image\":{\"@id\":\"https:\\\/\\\/staegerag.ch\\\/baobabcollection\\\/produkt\\\/duftkerze-les-exclusives-roseum\\\/#primaryimage\"},\"thumbnailUrl\":\"https:\\\/\\\/staegerag.ch\\\/baobabcollection\\\/wp-content\\\/uploads\\\/sites\\\/3\\\/2025\\\/10\\\/5415198494978_scented_candles_roseum_grappe.webp\",\"datePublished\":\"2025-10-07T13:51:10+00:00\",\"dateModified\":\"2025-12-29T14:22:16+00:00\",\"breadcrumb\":{\"@id\":\"https:\\\/\\\/staegerag.ch\\\/baobabcollection\\\/produkt\\\/duftkerze-les-exclusives-roseum\\\/#breadcrumb\"},\"inLanguage\":\"de\",\"potentialAction\":[{\"@type\":\"ReadAction\",\"target\":[\"https:\\\/\\\/staegerag.ch\\\/baobabcollection\\\/produkt\\\/duftkerze-les-exclusives-roseum\\\/\"]}]},{\"@type\":\"ImageObject\",\"inLanguage\":\"de\",\"@id\":\"https:\\\/\\\/staegerag.ch\\\/baobabcollection\\\/produkt\\\/duftkerze-les-exclusives-roseum\\\/#primaryimage\",\"url\":\"https:\\\/\\\/staegerag.ch\\\/baobabcollection\\\/wp-content\\\/uploads\\\/sites\\\/3\\\/2025\\\/10\\\/5415198494978_scented_candles_roseum_grappe.webp\",\"contentUrl\":\"https:\\\/\\\/staegerag.ch\\\/baobabcollection\\\/wp-content\\\/uploads\\\/sites\\\/3\\\/2025\\\/10\\\/5415198494978_scented_candles_roseum_grappe.webp\",\"width\":1050,\"height\":1200},{\"@type\":\"BreadcrumbList\",\"@id\":\"https:\\\/\\\/staegerag.ch\\\/baobabcollection\\\/produkt\\\/duftkerze-les-exclusives-roseum\\\/#breadcrumb\",\"itemListElement\":[{\"@type\":\"ListItem\",\"position\":1,\"name\":\"Startseite\",\"item\":\"https:\\\/\\\/staegerag.ch\\\/baobabcollection\\\/\"},{\"@type\":\"ListItem\",\"position\":2,\"name\":\"Produkte\",\"item\":\"https:\\\/\\\/staegerag.ch\\\/baobabcollection\\\/shop__trashed\\\/\"},{\"@type\":\"ListItem\",\"position\":3,\"name\":\"DUFTKERZE LES EXCLUSIVES ROSEUM\"}]},{\"@type\":\"WebSite\",\"@id\":\"https:\\\/\\\/staegerag.ch\\\/baobabcollection\\\/#website\",\"url\":\"https:\\\/\\\/staegerag.ch\\\/baobabcollection\\\/\",\"name\":\"Baobab Collection - Luxuriose Duftkerzen\",\"description\":\"\",\"publisher\":{\"@id\":\"https:\\\/\\\/staegerag.ch\\\/baobabcollection\\\/#organization\"},\"potentialAction\":[{\"@type\":\"SearchAction\",\"target\":{\"@type\":\"EntryPoint\",\"urlTemplate\":\"https:\\\/\\\/staegerag.ch\\\/baobabcollection\\\/?s={search_term_string}\"},\"query-input\":{\"@type\":\"PropertyValueSpecification\",\"valueRequired\":true,\"valueName\":\"search_term_string\"}}],\"inLanguage\":\"de\"},{\"@type\":\"Organization\",\"@id\":\"https:\\\/\\\/staegerag.ch\\\/baobabcollection\\\/#organization\",\"name\":\"STAEGER AG Thalwil\",\"url\":\"https:\\\/\\\/staegerag.ch\\\/baobabcollection\\\/\",\"logo\":{\"@type\":\"ImageObject\",\"inLanguage\":\"de\",\"@id\":\"https:\\\/\\\/staegerag.ch\\\/baobabcollection\\\/#\\\/schema\\\/logo\\\/image\\\/\",\"url\":\"https:\\\/\\\/staegerag.ch\\\/baobabcollection\\\/wp-content\\\/uploads\\\/sites\\\/3\\\/2025\\\/10\\\/staegerag-logo-300px-1.png\",\"contentUrl\":\"https:\\\/\\\/staegerag.ch\\\/baobabcollection\\\/wp-content\\\/uploads\\\/sites\\\/3\\\/2025\\\/10\\\/staegerag-logo-300px-1.png\",\"width\":1068,\"height\":300,\"caption\":\"STAEGER AG Thalwil\"},\"image\":{\"@id\":\"https:\\\/\\\/staegerag.ch\\\/baobabcollection\\\/#\\\/schema\\\/logo\\\/image\\\/\"},\"sameAs\":[\"https:\\\/\\\/facebook.com\\\/staegerag\"]}]}<\/script>\n<meta property=\"product:brand\" content=\"Baobab\" \/>\n<meta property=\"og:availability\" content=\"backorder\" \/>\n<meta property=\"product:availability\" content=\"available for order\" \/>\n<meta property=\"product:condition\" content=\"new\" \/>\n<!-- \/ Yoast SEO Premium plugin. -->","yoast_head_json":{"title":"DUFTKERZE LES EXCLUSIVES ROSEUM - Baobab Collection - Luxuriose Duftkerzen","robots":{"index":"index","follow":"follow","max-snippet":"max-snippet:-1","max-image-preview":"max-image-preview:large","max-video-preview":"max-video-preview:-1"},"canonical":"https:\/\/staegerag.ch\/baobabcollection\/produkt\/duftkerze-les-exclusives-roseum\/","og_locale":"de_DE","og_type":"article","og_title":"DUFTKERZE LES EXCLUSIVES ROSEUM","og_description":"Die Baobab Collection Les Exclusives Roseum Kerze ist eine luxuri\u00f6se Hommage an die K\u00f6nigin der Blumen und pr\u00e4sentiert sich in einem eleganten, zartrosa get\u00f6nten Glas, das mit einem 9-Karat-Golddruck veredelt ist, w\u00e4hrend sie einen raffinierten und pudrigen Duft von Damaszener Rose, Wei\u00dfem Moschus und einem Hauch von Gew\u00fcrzen verstr\u00f6mt, der pure Weiblichkeit und Eleganz ausstrahlt.","og_url":"https:\/\/staegerag.ch\/baobabcollection\/produkt\/duftkerze-les-exclusives-roseum\/","og_site_name":"Baobab Collection - Luxuriose Duftkerzen","article_publisher":"https:\/\/facebook.com\/staegerag","article_modified_time":"2025-12-29T14:22:16+00:00","og_image":[{"width":1050,"height":1200,"url":"https:\/\/staegerag.ch\/baobabcollection\/wp-content\/uploads\/sites\/3\/2025\/10\/5415198494978_scented_candles_roseum_grappe.webp","type":"image\/webp"}],"twitter_card":"summary_large_image","twitter_misc":{"Verf\u00fcgbarkeit":"bei Nachbestellung"},"schema":{"@context":"https:\/\/schema.org","@graph":[{"@type":"WebPage","@id":"https:\/\/staegerag.ch\/baobabcollection\/produkt\/duftkerze-les-exclusives-roseum\/","url":"https:\/\/staegerag.ch\/baobabcollection\/produkt\/duftkerze-les-exclusives-roseum\/","name":"DUFTKERZE LES EXCLUSIVES ROSEUM - Baobab Collection - Luxuriose Duftkerzen","isPartOf":{"@id":"https:\/\/staegerag.ch\/baobabcollection\/#website"},"primaryImageOfPage":{"@id":"https:\/\/staegerag.ch\/baobabcollection\/produkt\/duftkerze-les-exclusives-roseum\/#primaryimage"},"image":{"@id":"https:\/\/staegerag.ch\/baobabcollection\/produkt\/duftkerze-les-exclusives-roseum\/#primaryimage"},"thumbnailUrl":"https:\/\/staegerag.ch\/baobabcollection\/wp-content\/uploads\/sites\/3\/2025\/10\/5415198494978_scented_candles_roseum_grappe.webp","datePublished":"2025-10-07T13:51:10+00:00","dateModified":"2025-12-29T14:22:16+00:00","breadcrumb":{"@id":"https:\/\/staegerag.ch\/baobabcollection\/produkt\/duftkerze-les-exclusives-roseum\/#breadcrumb"},"inLanguage":"de","potentialAction":[{"@type":"ReadAction","target":["https:\/\/staegerag.ch\/baobabcollection\/produkt\/duftkerze-les-exclusives-roseum\/"]}]},{"@type":"ImageObject","inLanguage":"de","@id":"https:\/\/staegerag.ch\/baobabcollection\/produkt\/duftkerze-les-exclusives-roseum\/#primaryimage","url":"https:\/\/staegerag.ch\/baobabcollection\/wp-content\/uploads\/sites\/3\/2025\/10\/5415198494978_scented_candles_roseum_grappe.webp","contentUrl":"https:\/\/staegerag.ch\/baobabcollection\/wp-content\/uploads\/sites\/3\/2025\/10\/5415198494978_scented_candles_roseum_grappe.webp","width":1050,"height":1200},{"@type":"BreadcrumbList","@id":"https:\/\/staegerag.ch\/baobabcollection\/produkt\/duftkerze-les-exclusives-roseum\/#breadcrumb","itemListElement":[{"@type":"ListItem","position":1,"name":"Startseite","item":"https:\/\/staegerag.ch\/baobabcollection\/"},{"@type":"ListItem","position":2,"name":"Produkte","item":"https:\/\/staegerag.ch\/baobabcollection\/shop__trashed\/"},{"@type":"ListItem","position":3,"name":"DUFTKERZE LES EXCLUSIVES ROSEUM"}]},{"@type":"WebSite","@id":"https:\/\/staegerag.ch\/baobabcollection\/#website","url":"https:\/\/staegerag.ch\/baobabcollection\/","name":"Baobab Collection - Luxuriose Duftkerzen","description":"","publisher":{"@id":"https:\/\/staegerag.ch\/baobabcollection\/#organization"},"potentialAction":[{"@type":"SearchAction","target":{"@type":"EntryPoint","urlTemplate":"https:\/\/staegerag.ch\/baobabcollection\/?s={search_term_string}"},"query-input":{"@type":"PropertyValueSpecification","valueRequired":true,"valueName":"search_term_string"}}],"inLanguage":"de"},{"@type":"Organization","@id":"https:\/\/staegerag.ch\/baobabcollection\/#organization","name":"STAEGER AG Thalwil","url":"https:\/\/staegerag.ch\/baobabcollection\/","logo":{"@type":"ImageObject","inLanguage":"de","@id":"https:\/\/staegerag.ch\/baobabcollection\/#\/schema\/logo\/image\/","url":"https:\/\/staegerag.ch\/baobabcollection\/wp-content\/uploads\/sites\/3\/2025\/10\/staegerag-logo-300px-1.png","contentUrl":"https:\/\/staegerag.ch\/baobabcollection\/wp-content\/uploads\/sites\/3\/2025\/10\/staegerag-logo-300px-1.png","width":1068,"height":300,"caption":"STAEGER AG Thalwil"},"image":{"@id":"https:\/\/staegerag.ch\/baobabcollection\/#\/schema\/logo\/image\/"},"sameAs":["https:\/\/facebook.com\/staegerag"]}]},"product_brand":"Baobab","og_availability":"backorder","product_availability":"available for order","product_condition":"new"},"jetpack_sharing_enabled":true,"_links":{"self":[{"href":"https:\/\/staegerag.ch\/baobabcollection\/wp-json\/wp\/v2\/product\/144","targetHints":{"allow":["GET"]}}],"collection":[{"href":"https:\/\/staegerag.ch\/baobabcollection\/wp-json\/wp\/v2\/product"}],"about":[{"href":"https:\/\/staegerag.ch\/baobabcollection\/wp-json\/wp\/v2\/types\/product"}],"version-history":[{"count":3,"href":"https:\/\/staegerag.ch\/baobabcollection\/wp-json\/wp\/v2\/product\/144\/revisions"}],"predecessor-version":[{"id":7776,"href":"https:\/\/staegerag.ch\/baobabcollection\/wp-json\/wp\/v2\/product\/144\/revisions\/7776"}],"wp:featuredmedia":[{"embeddable":true,"href":"https:\/\/staegerag.ch\/baobabcollection\/wp-json\/wp\/v2\/media\/145"}],"wp:attachment":[{"href":"https:\/\/staegerag.ch\/baobabcollection\/wp-json\/wp\/v2\/media?parent=144"}],"wp:term":[{"taxonomy":"product_brand","embeddable":true,"href":"https:\/\/staegerag.ch\/baobabcollection\/wp-json\/wp\/v2\/product_brand?post=144"},{"taxonomy":"product_cat","embeddable":true,"href":"https:\/\/staegerag.ch\/baobabcollection\/wp-json\/wp\/v2\/product_cat?post=144"},{"taxonomy":"product_tag","embeddable":true,"href":"https:\/\/staegerag.ch\/baobabcollection\/wp-json\/wp\/v2\/product_tag?post=144"}],"curies":[{"name":"wp","href":"https:\/\/api.w.org\/{rel}","templated":true}]}}