{"id":222,"date":"2025-10-07T16:50:54","date_gmt":"2025-10-07T14:50:54","guid":{"rendered":"https:\/\/staegerag.ch\/baobabcollection\/?post_type=product&#038;p=222"},"modified":"2025-12-29T18:24:11","modified_gmt":"2025-12-29T17:24:11","slug":"duftkerze-les-prestigieuses-encre-de-chine","status":"publish","type":"product","link":"https:\/\/staegerag.ch\/baobabcollection\/produkt\/duftkerze-les-prestigieuses-encre-de-chine\/","title":{"rendered":"DUFTKERZE LES PRESTIGIEUSES ENCRE DE CHINE"},"content":{"rendered":"<p>Chinesische Tinte ist seit langem ein prestigetr\u00e4chtiges und einzigartiges Material, das durch das Geheimnis, das sein Stammrezept umgibt, w\u00fcnschenswerter gemacht wurde. Von K\u00fcnstlern und Philosophen bewundert, ist es ein Material, das h\u00e4ufig der Kalligraphie zugeschrieben wird, da seine intensive Schwarze seine Oberfl\u00e4che dauerhaft markiert.<\/p>\n","protected":false},"excerpt":{"rendered":"<p data-path-to-node=\"1\">Die Baobab Collection <b>Les Prestigieuses Encre de Chine<\/b> Kerze ist eine luxuri\u00f6se, tiefgr\u00fcndige Kreation, die in einem rauchgrau-transparenten Glas mit feinen, von Tinte inspirierten Einschl\u00fcssen pr\u00e4sentiert wird und einen komplexen, holzigen Duft aus <b>Vetiver<\/b>, <b>Zedernholz<\/b> und <b>Moschus<\/b> verstr\u00f6mt, der an kostbare Tusche und Eleganz erinnert.<\/p>\n","protected":false},"featured_media":223,"template":"","meta":[],"product_brand":[19],"product_cat":[35,182],"product_tag":[51,65,80],"class_list":{"0":"post-222","1":"product","2":"type-product","3":"status-publish","4":"has-post-thumbnail","6":"product_brand-baobab","7":"product_cat-duftkerzen","8":"product_cat-les-prestigieuses","9":"product_tag-bernstein","10":"product_tag-leder","11":"product_tag-mammutbaum","13":"first","14":"instock","15":"taxable","16":"shipping-taxable","17":"purchasable","18":"product-type-variable"},"yoast_head":"<!-- This site is optimized with the Yoast SEO Premium plugin v27.4 (Yoast SEO v27.4) - https:\/\/yoast.com\/product\/yoast-seo-premium-wordpress\/ -->\n<title>DUFTKERZE LES PRESTIGIEUSES ENCRE DE CHINE - Baobab Collection - Luxuriose Duftkerzen<\/title>\n<meta name=\"description\" content=\"Die Baobab Collection Les Prestigieuses Encre de Chine Kerze ist eine luxuri\u00f6se, tiefgr\u00fcndige Kreation, die in einem rauchgrau-transparenten Glas mit feinen, von Tinte inspirierten Einschl\u00fcssen pr\u00e4sentiert wird und einen komplexen, holzigen Duft aus Vetiver, Zedernholz und Moschus verstr\u00f6mt, der an kostbare Tusche und Eleganz erinnert.\" \/>\n<meta name=\"robots\" content=\"index, follow, max-snippet:-1, max-image-preview:large, max-video-preview:-1\" \/>\n<link rel=\"canonical\" href=\"https:\/\/staegerag.ch\/baobabcollection\/produkt\/duftkerze-les-prestigieuses-encre-de-chine\/\" \/>\n<meta property=\"og:locale\" content=\"de_DE\" \/>\n<meta property=\"og:type\" content=\"article\" \/>\n<meta property=\"og:title\" content=\"DUFTKERZE LES PRESTIGIEUSES ENCRE DE CHINE\" \/>\n<meta property=\"og:description\" content=\"Die Baobab Collection Les Prestigieuses Encre de Chine Kerze ist eine luxuri\u00f6se, tiefgr\u00fcndige Kreation, die in einem rauchgrau-transparenten Glas mit feinen, von Tinte inspirierten Einschl\u00fcssen pr\u00e4sentiert wird und einen komplexen, holzigen Duft aus Vetiver, Zedernholz und Moschus verstr\u00f6mt, der an kostbare Tusche und Eleganz erinnert.\" \/>\n<meta property=\"og:url\" content=\"https:\/\/staegerag.ch\/baobabcollection\/produkt\/duftkerze-les-prestigieuses-encre-de-chine\/\" \/>\n<meta property=\"og:site_name\" content=\"Baobab Collection - Luxuriose Duftkerzen\" \/>\n<meta property=\"article:publisher\" content=\"https:\/\/facebook.com\/staegerag\" \/>\n<meta property=\"article:modified_time\" content=\"2025-12-29T17:24:11+00:00\" \/>\n<meta property=\"og:image\" content=\"https:\/\/staegerag.ch\/baobabcollection\/wp-content\/uploads\/sites\/3\/2025\/10\/5415198110328_scentedcandles_encredechine_grappe.webp\" \/>\n\t<meta property=\"og:image:width\" content=\"1050\" \/>\n\t<meta property=\"og:image:height\" content=\"1200\" \/>\n\t<meta property=\"og:image:type\" content=\"image\/webp\" \/>\n<meta name=\"twitter:card\" content=\"summary_large_image\" \/>\n<meta name=\"twitter:label1\" content=\"Verf\u00fcgbarkeit\" \/>\n\t<meta name=\"twitter:data1\" content=\"Auf Lager\" \/>\n<script type=\"application\/ld+json\" class=\"yoast-schema-graph\">{\"@context\":\"https:\\\/\\\/schema.org\",\"@graph\":[{\"@type\":\"WebPage\",\"@id\":\"https:\\\/\\\/staegerag.ch\\\/baobabcollection\\\/produkt\\\/duftkerze-les-prestigieuses-encre-de-chine\\\/\",\"url\":\"https:\\\/\\\/staegerag.ch\\\/baobabcollection\\\/produkt\\\/duftkerze-les-prestigieuses-encre-de-chine\\\/\",\"name\":\"DUFTKERZE LES PRESTIGIEUSES ENCRE DE CHINE - Baobab Collection - Luxuriose Duftkerzen\",\"isPartOf\":{\"@id\":\"https:\\\/\\\/staegerag.ch\\\/baobabcollection\\\/#website\"},\"primaryImageOfPage\":{\"@id\":\"https:\\\/\\\/staegerag.ch\\\/baobabcollection\\\/produkt\\\/duftkerze-les-prestigieuses-encre-de-chine\\\/#primaryimage\"},\"image\":{\"@id\":\"https:\\\/\\\/staegerag.ch\\\/baobabcollection\\\/produkt\\\/duftkerze-les-prestigieuses-encre-de-chine\\\/#primaryimage\"},\"thumbnailUrl\":\"https:\\\/\\\/staegerag.ch\\\/baobabcollection\\\/wp-content\\\/uploads\\\/sites\\\/3\\\/2025\\\/10\\\/5415198110328_scentedcandles_encredechine_grappe.webp\",\"datePublished\":\"2025-10-07T14:50:54+00:00\",\"dateModified\":\"2025-12-29T17:24:11+00:00\",\"description\":\"Die Baobab Collection Les Prestigieuses Encre de Chine Kerze ist eine luxuri\u00f6se, tiefgr\u00fcndige Kreation, die in einem rauchgrau-transparenten Glas mit feinen, von Tinte inspirierten Einschl\u00fcssen pr\u00e4sentiert wird und einen komplexen, holzigen Duft aus Vetiver, Zedernholz und Moschus verstr\u00f6mt, der an kostbare Tusche und Eleganz erinnert.\",\"breadcrumb\":{\"@id\":\"https:\\\/\\\/staegerag.ch\\\/baobabcollection\\\/produkt\\\/duftkerze-les-prestigieuses-encre-de-chine\\\/#breadcrumb\"},\"inLanguage\":\"de\",\"potentialAction\":[{\"@type\":\"ReadAction\",\"target\":[\"https:\\\/\\\/staegerag.ch\\\/baobabcollection\\\/produkt\\\/duftkerze-les-prestigieuses-encre-de-chine\\\/\"]}]},{\"@type\":\"ImageObject\",\"inLanguage\":\"de\",\"@id\":\"https:\\\/\\\/staegerag.ch\\\/baobabcollection\\\/produkt\\\/duftkerze-les-prestigieuses-encre-de-chine\\\/#primaryimage\",\"url\":\"https:\\\/\\\/staegerag.ch\\\/baobabcollection\\\/wp-content\\\/uploads\\\/sites\\\/3\\\/2025\\\/10\\\/5415198110328_scentedcandles_encredechine_grappe.webp\",\"contentUrl\":\"https:\\\/\\\/staegerag.ch\\\/baobabcollection\\\/wp-content\\\/uploads\\\/sites\\\/3\\\/2025\\\/10\\\/5415198110328_scentedcandles_encredechine_grappe.webp\",\"width\":1050,\"height\":1200},{\"@type\":\"BreadcrumbList\",\"@id\":\"https:\\\/\\\/staegerag.ch\\\/baobabcollection\\\/produkt\\\/duftkerze-les-prestigieuses-encre-de-chine\\\/#breadcrumb\",\"itemListElement\":[{\"@type\":\"ListItem\",\"position\":1,\"name\":\"Startseite\",\"item\":\"https:\\\/\\\/staegerag.ch\\\/baobabcollection\\\/\"},{\"@type\":\"ListItem\",\"position\":2,\"name\":\"Produkte\",\"item\":\"https:\\\/\\\/staegerag.ch\\\/baobabcollection\\\/shop__trashed\\\/\"},{\"@type\":\"ListItem\",\"position\":3,\"name\":\"DUFTKERZE LES PRESTIGIEUSES ENCRE DE CHINE\"}]},{\"@type\":\"WebSite\",\"@id\":\"https:\\\/\\\/staegerag.ch\\\/baobabcollection\\\/#website\",\"url\":\"https:\\\/\\\/staegerag.ch\\\/baobabcollection\\\/\",\"name\":\"Baobab Collection - Luxuriose Duftkerzen\",\"description\":\"\",\"publisher\":{\"@id\":\"https:\\\/\\\/staegerag.ch\\\/baobabcollection\\\/#organization\"},\"potentialAction\":[{\"@type\":\"SearchAction\",\"target\":{\"@type\":\"EntryPoint\",\"urlTemplate\":\"https:\\\/\\\/staegerag.ch\\\/baobabcollection\\\/?s={search_term_string}\"},\"query-input\":{\"@type\":\"PropertyValueSpecification\",\"valueRequired\":true,\"valueName\":\"search_term_string\"}}],\"inLanguage\":\"de\"},{\"@type\":\"Organization\",\"@id\":\"https:\\\/\\\/staegerag.ch\\\/baobabcollection\\\/#organization\",\"name\":\"STAEGER AG Thalwil\",\"url\":\"https:\\\/\\\/staegerag.ch\\\/baobabcollection\\\/\",\"logo\":{\"@type\":\"ImageObject\",\"inLanguage\":\"de\",\"@id\":\"https:\\\/\\\/staegerag.ch\\\/baobabcollection\\\/#\\\/schema\\\/logo\\\/image\\\/\",\"url\":\"https:\\\/\\\/staegerag.ch\\\/baobabcollection\\\/wp-content\\\/uploads\\\/sites\\\/3\\\/2025\\\/10\\\/staegerag-logo-300px-1.png\",\"contentUrl\":\"https:\\\/\\\/staegerag.ch\\\/baobabcollection\\\/wp-content\\\/uploads\\\/sites\\\/3\\\/2025\\\/10\\\/staegerag-logo-300px-1.png\",\"width\":1068,\"height\":300,\"caption\":\"STAEGER AG Thalwil\"},\"image\":{\"@id\":\"https:\\\/\\\/staegerag.ch\\\/baobabcollection\\\/#\\\/schema\\\/logo\\\/image\\\/\"},\"sameAs\":[\"https:\\\/\\\/facebook.com\\\/staegerag\"]}]}<\/script>\n<meta property=\"product:brand\" content=\"Baobab\" \/>\n<meta property=\"og:availability\" content=\"instock\" \/>\n<meta property=\"product:availability\" content=\"instock\" \/>\n<meta property=\"product:condition\" content=\"new\" \/>\n<!-- \/ Yoast SEO Premium plugin. -->","yoast_head_json":{"title":"DUFTKERZE LES PRESTIGIEUSES ENCRE DE CHINE - Baobab Collection - Luxuriose Duftkerzen","description":"Die Baobab Collection Les Prestigieuses Encre de Chine Kerze ist eine luxuri\u00f6se, tiefgr\u00fcndige Kreation, die in einem rauchgrau-transparenten Glas mit feinen, von Tinte inspirierten Einschl\u00fcssen pr\u00e4sentiert wird und einen komplexen, holzigen Duft aus Vetiver, Zedernholz und Moschus verstr\u00f6mt, der an kostbare Tusche und Eleganz erinnert.","robots":{"index":"index","follow":"follow","max-snippet":"max-snippet:-1","max-image-preview":"max-image-preview:large","max-video-preview":"max-video-preview:-1"},"canonical":"https:\/\/staegerag.ch\/baobabcollection\/produkt\/duftkerze-les-prestigieuses-encre-de-chine\/","og_locale":"de_DE","og_type":"article","og_title":"DUFTKERZE LES PRESTIGIEUSES ENCRE DE CHINE","og_description":"Die Baobab Collection Les Prestigieuses Encre de Chine Kerze ist eine luxuri\u00f6se, tiefgr\u00fcndige Kreation, die in einem rauchgrau-transparenten Glas mit feinen, von Tinte inspirierten Einschl\u00fcssen pr\u00e4sentiert wird und einen komplexen, holzigen Duft aus Vetiver, Zedernholz und Moschus verstr\u00f6mt, der an kostbare Tusche und Eleganz erinnert.","og_url":"https:\/\/staegerag.ch\/baobabcollection\/produkt\/duftkerze-les-prestigieuses-encre-de-chine\/","og_site_name":"Baobab Collection - Luxuriose Duftkerzen","article_publisher":"https:\/\/facebook.com\/staegerag","article_modified_time":"2025-12-29T17:24:11+00:00","og_image":[{"width":1050,"height":1200,"url":"https:\/\/staegerag.ch\/baobabcollection\/wp-content\/uploads\/sites\/3\/2025\/10\/5415198110328_scentedcandles_encredechine_grappe.webp","type":"image\/webp"}],"twitter_card":"summary_large_image","twitter_misc":{"Verf\u00fcgbarkeit":"Auf Lager"},"schema":{"@context":"https:\/\/schema.org","@graph":[{"@type":"WebPage","@id":"https:\/\/staegerag.ch\/baobabcollection\/produkt\/duftkerze-les-prestigieuses-encre-de-chine\/","url":"https:\/\/staegerag.ch\/baobabcollection\/produkt\/duftkerze-les-prestigieuses-encre-de-chine\/","name":"DUFTKERZE LES PRESTIGIEUSES ENCRE DE CHINE - Baobab Collection - Luxuriose Duftkerzen","isPartOf":{"@id":"https:\/\/staegerag.ch\/baobabcollection\/#website"},"primaryImageOfPage":{"@id":"https:\/\/staegerag.ch\/baobabcollection\/produkt\/duftkerze-les-prestigieuses-encre-de-chine\/#primaryimage"},"image":{"@id":"https:\/\/staegerag.ch\/baobabcollection\/produkt\/duftkerze-les-prestigieuses-encre-de-chine\/#primaryimage"},"thumbnailUrl":"https:\/\/staegerag.ch\/baobabcollection\/wp-content\/uploads\/sites\/3\/2025\/10\/5415198110328_scentedcandles_encredechine_grappe.webp","datePublished":"2025-10-07T14:50:54+00:00","dateModified":"2025-12-29T17:24:11+00:00","description":"Die Baobab Collection Les Prestigieuses Encre de Chine Kerze ist eine luxuri\u00f6se, tiefgr\u00fcndige Kreation, die in einem rauchgrau-transparenten Glas mit feinen, von Tinte inspirierten Einschl\u00fcssen pr\u00e4sentiert wird und einen komplexen, holzigen Duft aus Vetiver, Zedernholz und Moschus verstr\u00f6mt, der an kostbare Tusche und Eleganz erinnert.","breadcrumb":{"@id":"https:\/\/staegerag.ch\/baobabcollection\/produkt\/duftkerze-les-prestigieuses-encre-de-chine\/#breadcrumb"},"inLanguage":"de","potentialAction":[{"@type":"ReadAction","target":["https:\/\/staegerag.ch\/baobabcollection\/produkt\/duftkerze-les-prestigieuses-encre-de-chine\/"]}]},{"@type":"ImageObject","inLanguage":"de","@id":"https:\/\/staegerag.ch\/baobabcollection\/produkt\/duftkerze-les-prestigieuses-encre-de-chine\/#primaryimage","url":"https:\/\/staegerag.ch\/baobabcollection\/wp-content\/uploads\/sites\/3\/2025\/10\/5415198110328_scentedcandles_encredechine_grappe.webp","contentUrl":"https:\/\/staegerag.ch\/baobabcollection\/wp-content\/uploads\/sites\/3\/2025\/10\/5415198110328_scentedcandles_encredechine_grappe.webp","width":1050,"height":1200},{"@type":"BreadcrumbList","@id":"https:\/\/staegerag.ch\/baobabcollection\/produkt\/duftkerze-les-prestigieuses-encre-de-chine\/#breadcrumb","itemListElement":[{"@type":"ListItem","position":1,"name":"Startseite","item":"https:\/\/staegerag.ch\/baobabcollection\/"},{"@type":"ListItem","position":2,"name":"Produkte","item":"https:\/\/staegerag.ch\/baobabcollection\/shop__trashed\/"},{"@type":"ListItem","position":3,"name":"DUFTKERZE LES PRESTIGIEUSES ENCRE DE CHINE"}]},{"@type":"WebSite","@id":"https:\/\/staegerag.ch\/baobabcollection\/#website","url":"https:\/\/staegerag.ch\/baobabcollection\/","name":"Baobab Collection - Luxuriose Duftkerzen","description":"","publisher":{"@id":"https:\/\/staegerag.ch\/baobabcollection\/#organization"},"potentialAction":[{"@type":"SearchAction","target":{"@type":"EntryPoint","urlTemplate":"https:\/\/staegerag.ch\/baobabcollection\/?s={search_term_string}"},"query-input":{"@type":"PropertyValueSpecification","valueRequired":true,"valueName":"search_term_string"}}],"inLanguage":"de"},{"@type":"Organization","@id":"https:\/\/staegerag.ch\/baobabcollection\/#organization","name":"STAEGER AG Thalwil","url":"https:\/\/staegerag.ch\/baobabcollection\/","logo":{"@type":"ImageObject","inLanguage":"de","@id":"https:\/\/staegerag.ch\/baobabcollection\/#\/schema\/logo\/image\/","url":"https:\/\/staegerag.ch\/baobabcollection\/wp-content\/uploads\/sites\/3\/2025\/10\/staegerag-logo-300px-1.png","contentUrl":"https:\/\/staegerag.ch\/baobabcollection\/wp-content\/uploads\/sites\/3\/2025\/10\/staegerag-logo-300px-1.png","width":1068,"height":300,"caption":"STAEGER AG Thalwil"},"image":{"@id":"https:\/\/staegerag.ch\/baobabcollection\/#\/schema\/logo\/image\/"},"sameAs":["https:\/\/facebook.com\/staegerag"]}]},"product_brand":"Baobab","og_availability":"instock","product_availability":"instock","product_condition":"new"},"jetpack_sharing_enabled":true,"_links":{"self":[{"href":"https:\/\/staegerag.ch\/baobabcollection\/wp-json\/wp\/v2\/product\/222","targetHints":{"allow":["GET"]}}],"collection":[{"href":"https:\/\/staegerag.ch\/baobabcollection\/wp-json\/wp\/v2\/product"}],"about":[{"href":"https:\/\/staegerag.ch\/baobabcollection\/wp-json\/wp\/v2\/types\/product"}],"version-history":[{"count":2,"href":"https:\/\/staegerag.ch\/baobabcollection\/wp-json\/wp\/v2\/product\/222\/revisions"}],"predecessor-version":[{"id":7628,"href":"https:\/\/staegerag.ch\/baobabcollection\/wp-json\/wp\/v2\/product\/222\/revisions\/7628"}],"wp:featuredmedia":[{"embeddable":true,"href":"https:\/\/staegerag.ch\/baobabcollection\/wp-json\/wp\/v2\/media\/223"}],"wp:attachment":[{"href":"https:\/\/staegerag.ch\/baobabcollection\/wp-json\/wp\/v2\/media?parent=222"}],"wp:term":[{"taxonomy":"product_brand","embeddable":true,"href":"https:\/\/staegerag.ch\/baobabcollection\/wp-json\/wp\/v2\/product_brand?post=222"},{"taxonomy":"product_cat","embeddable":true,"href":"https:\/\/staegerag.ch\/baobabcollection\/wp-json\/wp\/v2\/product_cat?post=222"},{"taxonomy":"product_tag","embeddable":true,"href":"https:\/\/staegerag.ch\/baobabcollection\/wp-json\/wp\/v2\/product_tag?post=222"}],"curies":[{"name":"wp","href":"https:\/\/api.w.org\/{rel}","templated":true}]}}