{"id":281,"date":"2025-10-07T17:25:46","date_gmt":"2025-10-07T15:25:46","guid":{"rendered":"https:\/\/staegerag.ch\/baobabcollection\/?post_type=product&#038;p=281"},"modified":"2025-12-29T18:28:25","modified_gmt":"2025-12-29T17:28:25","slug":"duftkerze-riviera-leopolda","status":"publish","type":"product","link":"https:\/\/staegerag.ch\/baobabcollection\/produkt\/duftkerze-riviera-leopolda\/","title":{"rendered":"DUFTKERZE RIVIERA LEOPOLDA"},"content":{"rendered":"<div class=\"ewa-rteLine\">Das transparente Glas der Duftkerze Leopolda ist mit ovalen Formen in Rosa und Himmelblau verziert, die an schwebende Blasen erinnern. Das K\u00f6nnen der Glashandwerker kommt in dieser Alchemie zwischen Farben und Transparenz vollst\u00e4ndig zum Ausdruck.<\/div>\n<div class=\"ewa-rteLine\">\u00a0<\/div>\n<div class=\"ewa-rteLine\">Die Villa Leopolda, das symbolische Eigentum der franz\u00f6sischen Riviera, hat ihren Namen K\u00f6nig Leopold, dem II. von Belgien, zu verdanken, der sie 1902 erwarb. Sie liegt in den Anh\u00f6hen von Villefranche-sur-Mer und bietet einen au\u00dfergew\u00f6hnlichen Blick auf das Meer und die Berge.<\/div>\n\n\n<p><\/p>\n","protected":false},"excerpt":{"rendered":"<p data-path-to-node=\"1\">Die Baobab Collection <b>Riviera L\u00e9opolda<\/b> Kerze ist inspiriert von der legend\u00e4ren Villa an der C\u00f4te d&#8217;Azur und pr\u00e4sentiert sich in einem wundersch\u00f6nen, handgefertigten Glas mit farbigen Streifen, die an die architektonische Pracht erinnern, w\u00e4hrend sie einen eleganten und blumigen Duft aus <b>Tuberose<\/b>, <b>Magnolie<\/b> und <b>Vetiver<\/b> verstr\u00f6mt, der die Opulenz und Eleganz des Ortes widerspiegelt.<\/p>\n","protected":false},"featured_media":283,"template":"","meta":[],"product_brand":[19],"product_cat":[35,87],"product_tag":[82,74,88],"class_list":{"0":"post-281","1":"product","2":"type-product","3":"status-publish","4":"has-post-thumbnail","6":"product_brand-baobab","7":"product_cat-duftkerzen","8":"product_cat-riviera","9":"product_tag-meersalz","10":"product_tag-moos","11":"product_tag-tuberose","13":"first","14":"instock","15":"taxable","16":"shipping-taxable","17":"purchasable","18":"product-type-variable"},"yoast_head":"<!-- This site is optimized with the Yoast SEO Premium plugin v27.4 (Yoast SEO v27.4) - https:\/\/yoast.com\/product\/yoast-seo-premium-wordpress\/ -->\n<title>DUFTKERZE RIVIERA LEOPOLDA - Baobab Collection - Luxuriose Duftkerzen<\/title>\n<meta name=\"description\" content=\"Die Baobab Collection Riviera L\u00e9opolda Kerze ist inspiriert von der legend\u00e4ren Villa an der C\u00f4te d&#039;Azur und pr\u00e4sentiert sich in einem wundersch\u00f6nen, handgefertigten Glas mit farbigen Streifen, die an die architektonische Pracht erinnern, w\u00e4hrend sie einen eleganten und blumigen Duft aus Tuberose, Magnolie und Vetiver verstr\u00f6mt, der die Opulenz und Eleganz des Ortes widerspiegelt.\" \/>\n<meta name=\"robots\" content=\"index, follow, max-snippet:-1, max-image-preview:large, max-video-preview:-1\" \/>\n<link rel=\"canonical\" href=\"https:\/\/staegerag.ch\/baobabcollection\/produkt\/duftkerze-riviera-leopolda\/\" \/>\n<meta property=\"og:locale\" content=\"de_DE\" \/>\n<meta property=\"og:type\" content=\"article\" \/>\n<meta property=\"og:title\" content=\"DUFTKERZE RIVIERA LEOPOLDA\" \/>\n<meta property=\"og:description\" content=\"Die Baobab Collection Riviera L\u00e9opolda Kerze ist inspiriert von der legend\u00e4ren Villa an der C\u00f4te d&#039;Azur und pr\u00e4sentiert sich in einem wundersch\u00f6nen, handgefertigten Glas mit farbigen Streifen, die an die architektonische Pracht erinnern, w\u00e4hrend sie einen eleganten und blumigen Duft aus Tuberose, Magnolie und Vetiver verstr\u00f6mt, der die Opulenz und Eleganz des Ortes widerspiegelt.\" \/>\n<meta property=\"og:url\" content=\"https:\/\/staegerag.ch\/baobabcollection\/produkt\/duftkerze-riviera-leopolda\/\" \/>\n<meta property=\"og:site_name\" content=\"Baobab Collection - Luxuriose Duftkerzen\" \/>\n<meta property=\"article:publisher\" content=\"https:\/\/facebook.com\/staegerag\" \/>\n<meta property=\"article:modified_time\" content=\"2025-12-29T17:28:25+00:00\" \/>\n<meta property=\"og:image\" content=\"https:\/\/staegerag.ch\/baobabcollection\/wp-content\/uploads\/sites\/3\/2025\/10\/Riviera_Leopolda-groupshot_1100x.webp\" \/>\n\t<meta property=\"og:image:width\" content=\"1100\" \/>\n\t<meta property=\"og:image:height\" content=\"1375\" \/>\n\t<meta property=\"og:image:type\" content=\"image\/webp\" \/>\n<meta name=\"twitter:card\" content=\"summary_large_image\" \/>\n<meta name=\"twitter:label1\" content=\"Verf\u00fcgbarkeit\" \/>\n\t<meta name=\"twitter:data1\" content=\"Auf Lager\" \/>\n<script type=\"application\/ld+json\" class=\"yoast-schema-graph\">{\"@context\":\"https:\\\/\\\/schema.org\",\"@graph\":[{\"@type\":\"WebPage\",\"@id\":\"https:\\\/\\\/staegerag.ch\\\/baobabcollection\\\/produkt\\\/duftkerze-riviera-leopolda\\\/\",\"url\":\"https:\\\/\\\/staegerag.ch\\\/baobabcollection\\\/produkt\\\/duftkerze-riviera-leopolda\\\/\",\"name\":\"DUFTKERZE RIVIERA LEOPOLDA - Baobab Collection - Luxuriose Duftkerzen\",\"isPartOf\":{\"@id\":\"https:\\\/\\\/staegerag.ch\\\/baobabcollection\\\/#website\"},\"primaryImageOfPage\":{\"@id\":\"https:\\\/\\\/staegerag.ch\\\/baobabcollection\\\/produkt\\\/duftkerze-riviera-leopolda\\\/#primaryimage\"},\"image\":{\"@id\":\"https:\\\/\\\/staegerag.ch\\\/baobabcollection\\\/produkt\\\/duftkerze-riviera-leopolda\\\/#primaryimage\"},\"thumbnailUrl\":\"https:\\\/\\\/staegerag.ch\\\/baobabcollection\\\/wp-content\\\/uploads\\\/sites\\\/3\\\/2025\\\/10\\\/Riviera_Leopolda-groupshot_1100x.webp\",\"datePublished\":\"2025-10-07T15:25:46+00:00\",\"dateModified\":\"2025-12-29T17:28:25+00:00\",\"description\":\"Die Baobab Collection Riviera L\u00e9opolda Kerze ist inspiriert von der legend\u00e4ren Villa an der C\u00f4te d'Azur und pr\u00e4sentiert sich in einem wundersch\u00f6nen, handgefertigten Glas mit farbigen Streifen, die an die architektonische Pracht erinnern, w\u00e4hrend sie einen eleganten und blumigen Duft aus Tuberose, Magnolie und Vetiver verstr\u00f6mt, der die Opulenz und Eleganz des Ortes widerspiegelt.\",\"breadcrumb\":{\"@id\":\"https:\\\/\\\/staegerag.ch\\\/baobabcollection\\\/produkt\\\/duftkerze-riviera-leopolda\\\/#breadcrumb\"},\"inLanguage\":\"de\",\"potentialAction\":[{\"@type\":\"ReadAction\",\"target\":[\"https:\\\/\\\/staegerag.ch\\\/baobabcollection\\\/produkt\\\/duftkerze-riviera-leopolda\\\/\"]}]},{\"@type\":\"ImageObject\",\"inLanguage\":\"de\",\"@id\":\"https:\\\/\\\/staegerag.ch\\\/baobabcollection\\\/produkt\\\/duftkerze-riviera-leopolda\\\/#primaryimage\",\"url\":\"https:\\\/\\\/staegerag.ch\\\/baobabcollection\\\/wp-content\\\/uploads\\\/sites\\\/3\\\/2025\\\/10\\\/Riviera_Leopolda-groupshot_1100x.webp\",\"contentUrl\":\"https:\\\/\\\/staegerag.ch\\\/baobabcollection\\\/wp-content\\\/uploads\\\/sites\\\/3\\\/2025\\\/10\\\/Riviera_Leopolda-groupshot_1100x.webp\",\"width\":1100,\"height\":1375},{\"@type\":\"BreadcrumbList\",\"@id\":\"https:\\\/\\\/staegerag.ch\\\/baobabcollection\\\/produkt\\\/duftkerze-riviera-leopolda\\\/#breadcrumb\",\"itemListElement\":[{\"@type\":\"ListItem\",\"position\":1,\"name\":\"Startseite\",\"item\":\"https:\\\/\\\/staegerag.ch\\\/baobabcollection\\\/\"},{\"@type\":\"ListItem\",\"position\":2,\"name\":\"Produkte\",\"item\":\"https:\\\/\\\/staegerag.ch\\\/baobabcollection\\\/shop__trashed\\\/\"},{\"@type\":\"ListItem\",\"position\":3,\"name\":\"DUFTKERZE RIVIERA LEOPOLDA\"}]},{\"@type\":\"WebSite\",\"@id\":\"https:\\\/\\\/staegerag.ch\\\/baobabcollection\\\/#website\",\"url\":\"https:\\\/\\\/staegerag.ch\\\/baobabcollection\\\/\",\"name\":\"Baobab Collection - Luxuriose Duftkerzen\",\"description\":\"\",\"publisher\":{\"@id\":\"https:\\\/\\\/staegerag.ch\\\/baobabcollection\\\/#organization\"},\"potentialAction\":[{\"@type\":\"SearchAction\",\"target\":{\"@type\":\"EntryPoint\",\"urlTemplate\":\"https:\\\/\\\/staegerag.ch\\\/baobabcollection\\\/?s={search_term_string}\"},\"query-input\":{\"@type\":\"PropertyValueSpecification\",\"valueRequired\":true,\"valueName\":\"search_term_string\"}}],\"inLanguage\":\"de\"},{\"@type\":\"Organization\",\"@id\":\"https:\\\/\\\/staegerag.ch\\\/baobabcollection\\\/#organization\",\"name\":\"STAEGER AG Thalwil\",\"url\":\"https:\\\/\\\/staegerag.ch\\\/baobabcollection\\\/\",\"logo\":{\"@type\":\"ImageObject\",\"inLanguage\":\"de\",\"@id\":\"https:\\\/\\\/staegerag.ch\\\/baobabcollection\\\/#\\\/schema\\\/logo\\\/image\\\/\",\"url\":\"https:\\\/\\\/staegerag.ch\\\/baobabcollection\\\/wp-content\\\/uploads\\\/sites\\\/3\\\/2025\\\/10\\\/staegerag-logo-300px-1.png\",\"contentUrl\":\"https:\\\/\\\/staegerag.ch\\\/baobabcollection\\\/wp-content\\\/uploads\\\/sites\\\/3\\\/2025\\\/10\\\/staegerag-logo-300px-1.png\",\"width\":1068,\"height\":300,\"caption\":\"STAEGER AG Thalwil\"},\"image\":{\"@id\":\"https:\\\/\\\/staegerag.ch\\\/baobabcollection\\\/#\\\/schema\\\/logo\\\/image\\\/\"},\"sameAs\":[\"https:\\\/\\\/facebook.com\\\/staegerag\"]}]}<\/script>\n<meta property=\"product:brand\" content=\"Baobab\" \/>\n<meta property=\"og:availability\" content=\"instock\" \/>\n<meta property=\"product:availability\" content=\"instock\" \/>\n<meta property=\"product:condition\" content=\"new\" \/>\n<!-- \/ Yoast SEO Premium plugin. -->","yoast_head_json":{"title":"DUFTKERZE RIVIERA LEOPOLDA - Baobab Collection - Luxuriose Duftkerzen","description":"Die Baobab Collection Riviera L\u00e9opolda Kerze ist inspiriert von der legend\u00e4ren Villa an der C\u00f4te d'Azur und pr\u00e4sentiert sich in einem wundersch\u00f6nen, handgefertigten Glas mit farbigen Streifen, die an die architektonische Pracht erinnern, w\u00e4hrend sie einen eleganten und blumigen Duft aus Tuberose, Magnolie und Vetiver verstr\u00f6mt, der die Opulenz und Eleganz des Ortes widerspiegelt.","robots":{"index":"index","follow":"follow","max-snippet":"max-snippet:-1","max-image-preview":"max-image-preview:large","max-video-preview":"max-video-preview:-1"},"canonical":"https:\/\/staegerag.ch\/baobabcollection\/produkt\/duftkerze-riviera-leopolda\/","og_locale":"de_DE","og_type":"article","og_title":"DUFTKERZE RIVIERA LEOPOLDA","og_description":"Die Baobab Collection Riviera L\u00e9opolda Kerze ist inspiriert von der legend\u00e4ren Villa an der C\u00f4te d'Azur und pr\u00e4sentiert sich in einem wundersch\u00f6nen, handgefertigten Glas mit farbigen Streifen, die an die architektonische Pracht erinnern, w\u00e4hrend sie einen eleganten und blumigen Duft aus Tuberose, Magnolie und Vetiver verstr\u00f6mt, der die Opulenz und Eleganz des Ortes widerspiegelt.","og_url":"https:\/\/staegerag.ch\/baobabcollection\/produkt\/duftkerze-riviera-leopolda\/","og_site_name":"Baobab Collection - Luxuriose Duftkerzen","article_publisher":"https:\/\/facebook.com\/staegerag","article_modified_time":"2025-12-29T17:28:25+00:00","og_image":[{"width":1100,"height":1375,"url":"https:\/\/staegerag.ch\/baobabcollection\/wp-content\/uploads\/sites\/3\/2025\/10\/Riviera_Leopolda-groupshot_1100x.webp","type":"image\/webp"}],"twitter_card":"summary_large_image","twitter_misc":{"Verf\u00fcgbarkeit":"Auf Lager"},"schema":{"@context":"https:\/\/schema.org","@graph":[{"@type":"WebPage","@id":"https:\/\/staegerag.ch\/baobabcollection\/produkt\/duftkerze-riviera-leopolda\/","url":"https:\/\/staegerag.ch\/baobabcollection\/produkt\/duftkerze-riviera-leopolda\/","name":"DUFTKERZE RIVIERA LEOPOLDA - Baobab Collection - Luxuriose Duftkerzen","isPartOf":{"@id":"https:\/\/staegerag.ch\/baobabcollection\/#website"},"primaryImageOfPage":{"@id":"https:\/\/staegerag.ch\/baobabcollection\/produkt\/duftkerze-riviera-leopolda\/#primaryimage"},"image":{"@id":"https:\/\/staegerag.ch\/baobabcollection\/produkt\/duftkerze-riviera-leopolda\/#primaryimage"},"thumbnailUrl":"https:\/\/staegerag.ch\/baobabcollection\/wp-content\/uploads\/sites\/3\/2025\/10\/Riviera_Leopolda-groupshot_1100x.webp","datePublished":"2025-10-07T15:25:46+00:00","dateModified":"2025-12-29T17:28:25+00:00","description":"Die Baobab Collection Riviera L\u00e9opolda Kerze ist inspiriert von der legend\u00e4ren Villa an der C\u00f4te d'Azur und pr\u00e4sentiert sich in einem wundersch\u00f6nen, handgefertigten Glas mit farbigen Streifen, die an die architektonische Pracht erinnern, w\u00e4hrend sie einen eleganten und blumigen Duft aus Tuberose, Magnolie und Vetiver verstr\u00f6mt, der die Opulenz und Eleganz des Ortes widerspiegelt.","breadcrumb":{"@id":"https:\/\/staegerag.ch\/baobabcollection\/produkt\/duftkerze-riviera-leopolda\/#breadcrumb"},"inLanguage":"de","potentialAction":[{"@type":"ReadAction","target":["https:\/\/staegerag.ch\/baobabcollection\/produkt\/duftkerze-riviera-leopolda\/"]}]},{"@type":"ImageObject","inLanguage":"de","@id":"https:\/\/staegerag.ch\/baobabcollection\/produkt\/duftkerze-riviera-leopolda\/#primaryimage","url":"https:\/\/staegerag.ch\/baobabcollection\/wp-content\/uploads\/sites\/3\/2025\/10\/Riviera_Leopolda-groupshot_1100x.webp","contentUrl":"https:\/\/staegerag.ch\/baobabcollection\/wp-content\/uploads\/sites\/3\/2025\/10\/Riviera_Leopolda-groupshot_1100x.webp","width":1100,"height":1375},{"@type":"BreadcrumbList","@id":"https:\/\/staegerag.ch\/baobabcollection\/produkt\/duftkerze-riviera-leopolda\/#breadcrumb","itemListElement":[{"@type":"ListItem","position":1,"name":"Startseite","item":"https:\/\/staegerag.ch\/baobabcollection\/"},{"@type":"ListItem","position":2,"name":"Produkte","item":"https:\/\/staegerag.ch\/baobabcollection\/shop__trashed\/"},{"@type":"ListItem","position":3,"name":"DUFTKERZE RIVIERA LEOPOLDA"}]},{"@type":"WebSite","@id":"https:\/\/staegerag.ch\/baobabcollection\/#website","url":"https:\/\/staegerag.ch\/baobabcollection\/","name":"Baobab Collection - Luxuriose Duftkerzen","description":"","publisher":{"@id":"https:\/\/staegerag.ch\/baobabcollection\/#organization"},"potentialAction":[{"@type":"SearchAction","target":{"@type":"EntryPoint","urlTemplate":"https:\/\/staegerag.ch\/baobabcollection\/?s={search_term_string}"},"query-input":{"@type":"PropertyValueSpecification","valueRequired":true,"valueName":"search_term_string"}}],"inLanguage":"de"},{"@type":"Organization","@id":"https:\/\/staegerag.ch\/baobabcollection\/#organization","name":"STAEGER AG Thalwil","url":"https:\/\/staegerag.ch\/baobabcollection\/","logo":{"@type":"ImageObject","inLanguage":"de","@id":"https:\/\/staegerag.ch\/baobabcollection\/#\/schema\/logo\/image\/","url":"https:\/\/staegerag.ch\/baobabcollection\/wp-content\/uploads\/sites\/3\/2025\/10\/staegerag-logo-300px-1.png","contentUrl":"https:\/\/staegerag.ch\/baobabcollection\/wp-content\/uploads\/sites\/3\/2025\/10\/staegerag-logo-300px-1.png","width":1068,"height":300,"caption":"STAEGER AG Thalwil"},"image":{"@id":"https:\/\/staegerag.ch\/baobabcollection\/#\/schema\/logo\/image\/"},"sameAs":["https:\/\/facebook.com\/staegerag"]}]},"product_brand":"Baobab","og_availability":"instock","product_availability":"instock","product_condition":"new"},"jetpack_sharing_enabled":true,"_links":{"self":[{"href":"https:\/\/staegerag.ch\/baobabcollection\/wp-json\/wp\/v2\/product\/281","targetHints":{"allow":["GET"]}}],"collection":[{"href":"https:\/\/staegerag.ch\/baobabcollection\/wp-json\/wp\/v2\/product"}],"about":[{"href":"https:\/\/staegerag.ch\/baobabcollection\/wp-json\/wp\/v2\/types\/product"}],"version-history":[{"count":4,"href":"https:\/\/staegerag.ch\/baobabcollection\/wp-json\/wp\/v2\/product\/281\/revisions"}],"predecessor-version":[{"id":8342,"href":"https:\/\/staegerag.ch\/baobabcollection\/wp-json\/wp\/v2\/product\/281\/revisions\/8342"}],"wp:featuredmedia":[{"embeddable":true,"href":"https:\/\/staegerag.ch\/baobabcollection\/wp-json\/wp\/v2\/media\/283"}],"wp:attachment":[{"href":"https:\/\/staegerag.ch\/baobabcollection\/wp-json\/wp\/v2\/media?parent=281"}],"wp:term":[{"taxonomy":"product_brand","embeddable":true,"href":"https:\/\/staegerag.ch\/baobabcollection\/wp-json\/wp\/v2\/product_brand?post=281"},{"taxonomy":"product_cat","embeddable":true,"href":"https:\/\/staegerag.ch\/baobabcollection\/wp-json\/wp\/v2\/product_cat?post=281"},{"taxonomy":"product_tag","embeddable":true,"href":"https:\/\/staegerag.ch\/baobabcollection\/wp-json\/wp\/v2\/product_tag?post=281"}],"curies":[{"name":"wp","href":"https:\/\/api.w.org\/{rel}","templated":true}]}}