{"id":294,"date":"2025-10-07T17:37:08","date_gmt":"2025-10-07T15:37:08","guid":{"rendered":"https:\/\/staegerag.ch\/baobabcollection\/?post_type=product&#038;p=294"},"modified":"2025-12-29T18:26:14","modified_gmt":"2025-12-29T17:26:14","slug":"duftkerze-riviera-santo-sospir","status":"publish","type":"product","link":"https:\/\/staegerag.ch\/baobabcollection\/produkt\/duftkerze-riviera-santo-sospir\/","title":{"rendered":"DUFTKERZE RIVIERA SANTO SOSPIR"},"content":{"rendered":"<div class=\"ewa-rteLine\">Die Duftkerze Santo Sospir befindet sich in einem mundgeblasenen Glas. Durch das transparente Glas sind Ovale in spritzigen Farben zu erkennen, die an organische Formen erinnern. Gr\u00fcne und gelbe Akzente verteilen sich \u00fcber dem ganzen Glas und k\u00f6nnen je nach Blasart des Glashandwerkers intensiver werden.<\/div>\n<div class=\"ewa-rteLine\"><\/div>\n<div class=\"ewa-rteLine\">Die ber\u00fchmte Villa Santo Sospir geh\u00f6rt zum Erbe der Stadt Saint-Jean-Cap-Ferrat. Diese Villa, die nach dem Krieg als Ferienhaus gebaut wurde, hat die Besonderheit, \u00fcber Freskenmalereien von Jean Cocteau zu verf\u00fcgen.<\/div>\n","protected":false},"excerpt":{"rendered":"<p data-path-to-node=\"1\">Die Baobab Collection <b>Riviera Santo Sospir<\/b> Kerze ist eine Hommage an die legend\u00e4re Villa von Jean Cocteau an der C\u00f4te d&#8217;Azur und pr\u00e4sentiert sich in einem farbenfrohen, grafischen Glas, das die ber\u00fchmten Wandmalereien Cocteaus widerspiegelt, w\u00e4hrend ihr Duft aus <b>Jasmin<\/b>, <b>Neroli<\/b> und <b>Zitrusfr\u00fcchten<\/b> die leichte, fr\u00f6hliche und k\u00fcnstlerische Atmosph\u00e4re des Mittelmeers einf\u00e4ngt.<\/p>\n","protected":false},"featured_media":298,"template":"","meta":[],"product_brand":[19],"product_cat":[35,87],"product_tag":[89,90,91],"class_list":{"0":"post-294","1":"product","2":"type-product","3":"status-publish","4":"has-post-thumbnail","6":"product_brand-baobab","7":"product_cat-duftkerzen","8":"product_cat-riviera","9":"product_tag-bergamotte","10":"product_tag-gruener-apfel","11":"product_tag-zeder","13":"first","14":"instock","15":"taxable","16":"shipping-taxable","17":"purchasable","18":"product-type-variable"},"yoast_head":"<!-- This site is optimized with the Yoast SEO Premium plugin v27.4 (Yoast SEO v27.4) - https:\/\/yoast.com\/product\/yoast-seo-premium-wordpress\/ -->\n<title>DUFTKERZE RIVIERA SANTO SOSPIR - Baobab Collection - Luxuriose Duftkerzen<\/title>\n<meta name=\"description\" content=\"Die Baobab Collection Riviera Santo Sospir Kerze ist eine Hommage an die legend\u00e4re Villa von Jean Cocteau an der C\u00f4te d&#039;Azur und pr\u00e4sentiert sich in einem farbenfrohen, grafischen Glas, das die ber\u00fchmten Wandmalereien Cocteaus widerspiegelt, w\u00e4hrend ihr Duft aus Jasmin, Neroli und Zitrusfr\u00fcchten die leichte, fr\u00f6hliche und k\u00fcnstlerische Atmosph\u00e4re des Mittelmeers einf\u00e4ngt.\" \/>\n<meta name=\"robots\" content=\"index, follow, max-snippet:-1, max-image-preview:large, max-video-preview:-1\" \/>\n<link rel=\"canonical\" href=\"https:\/\/staegerag.ch\/baobabcollection\/produkt\/duftkerze-riviera-santo-sospir\/\" \/>\n<meta property=\"og:locale\" content=\"de_DE\" \/>\n<meta property=\"og:type\" content=\"article\" \/>\n<meta property=\"og:title\" content=\"DUFTKERZE RIVIERA SANTO SOSPIR\" \/>\n<meta property=\"og:description\" content=\"Die Baobab Collection Riviera Santo Sospir Kerze ist eine Hommage an die legend\u00e4re Villa von Jean Cocteau an der C\u00f4te d&#039;Azur und pr\u00e4sentiert sich in einem farbenfrohen, grafischen Glas, das die ber\u00fchmten Wandmalereien Cocteaus widerspiegelt, w\u00e4hrend ihr Duft aus Jasmin, Neroli und Zitrusfr\u00fcchten die leichte, fr\u00f6hliche und k\u00fcnstlerische Atmosph\u00e4re des Mittelmeers einf\u00e4ngt.\" \/>\n<meta property=\"og:url\" content=\"https:\/\/staegerag.ch\/baobabcollection\/produkt\/duftkerze-riviera-santo-sospir\/\" \/>\n<meta property=\"og:site_name\" content=\"Baobab Collection - Luxuriose Duftkerzen\" \/>\n<meta property=\"article:publisher\" content=\"https:\/\/facebook.com\/staegerag\" \/>\n<meta property=\"article:modified_time\" content=\"2025-12-29T17:26:14+00:00\" \/>\n<meta property=\"og:image\" content=\"https:\/\/staegerag.ch\/baobabcollection\/wp-content\/uploads\/sites\/3\/2025\/10\/Riviera_Santo_Sospir-groupshot_018d7411-9f9c-450a-8406-b8fb97ef27e8_1100x.webp\" \/>\n\t<meta property=\"og:image:width\" content=\"1100\" \/>\n\t<meta property=\"og:image:height\" content=\"1375\" \/>\n\t<meta property=\"og:image:type\" content=\"image\/webp\" \/>\n<meta name=\"twitter:card\" content=\"summary_large_image\" \/>\n<meta name=\"twitter:label1\" content=\"Verf\u00fcgbarkeit\" \/>\n\t<meta name=\"twitter:data1\" content=\"Auf Lager\" \/>\n<script type=\"application\/ld+json\" class=\"yoast-schema-graph\">{\"@context\":\"https:\\\/\\\/schema.org\",\"@graph\":[{\"@type\":\"WebPage\",\"@id\":\"https:\\\/\\\/staegerag.ch\\\/baobabcollection\\\/produkt\\\/duftkerze-riviera-santo-sospir\\\/\",\"url\":\"https:\\\/\\\/staegerag.ch\\\/baobabcollection\\\/produkt\\\/duftkerze-riviera-santo-sospir\\\/\",\"name\":\"DUFTKERZE RIVIERA SANTO SOSPIR - Baobab Collection - Luxuriose Duftkerzen\",\"isPartOf\":{\"@id\":\"https:\\\/\\\/staegerag.ch\\\/baobabcollection\\\/#website\"},\"primaryImageOfPage\":{\"@id\":\"https:\\\/\\\/staegerag.ch\\\/baobabcollection\\\/produkt\\\/duftkerze-riviera-santo-sospir\\\/#primaryimage\"},\"image\":{\"@id\":\"https:\\\/\\\/staegerag.ch\\\/baobabcollection\\\/produkt\\\/duftkerze-riviera-santo-sospir\\\/#primaryimage\"},\"thumbnailUrl\":\"https:\\\/\\\/staegerag.ch\\\/baobabcollection\\\/wp-content\\\/uploads\\\/sites\\\/3\\\/2025\\\/10\\\/Riviera_Santo_Sospir-groupshot_018d7411-9f9c-450a-8406-b8fb97ef27e8_1100x.webp\",\"datePublished\":\"2025-10-07T15:37:08+00:00\",\"dateModified\":\"2025-12-29T17:26:14+00:00\",\"description\":\"Die Baobab Collection Riviera Santo Sospir Kerze ist eine Hommage an die legend\u00e4re Villa von Jean Cocteau an der C\u00f4te d'Azur und pr\u00e4sentiert sich in einem farbenfrohen, grafischen Glas, das die ber\u00fchmten Wandmalereien Cocteaus widerspiegelt, w\u00e4hrend ihr Duft aus Jasmin, Neroli und Zitrusfr\u00fcchten die leichte, fr\u00f6hliche und k\u00fcnstlerische Atmosph\u00e4re des Mittelmeers einf\u00e4ngt.\",\"breadcrumb\":{\"@id\":\"https:\\\/\\\/staegerag.ch\\\/baobabcollection\\\/produkt\\\/duftkerze-riviera-santo-sospir\\\/#breadcrumb\"},\"inLanguage\":\"de\",\"potentialAction\":[{\"@type\":\"ReadAction\",\"target\":[\"https:\\\/\\\/staegerag.ch\\\/baobabcollection\\\/produkt\\\/duftkerze-riviera-santo-sospir\\\/\"]}]},{\"@type\":\"ImageObject\",\"inLanguage\":\"de\",\"@id\":\"https:\\\/\\\/staegerag.ch\\\/baobabcollection\\\/produkt\\\/duftkerze-riviera-santo-sospir\\\/#primaryimage\",\"url\":\"https:\\\/\\\/staegerag.ch\\\/baobabcollection\\\/wp-content\\\/uploads\\\/sites\\\/3\\\/2025\\\/10\\\/Riviera_Santo_Sospir-groupshot_018d7411-9f9c-450a-8406-b8fb97ef27e8_1100x.webp\",\"contentUrl\":\"https:\\\/\\\/staegerag.ch\\\/baobabcollection\\\/wp-content\\\/uploads\\\/sites\\\/3\\\/2025\\\/10\\\/Riviera_Santo_Sospir-groupshot_018d7411-9f9c-450a-8406-b8fb97ef27e8_1100x.webp\",\"width\":1100,\"height\":1375},{\"@type\":\"BreadcrumbList\",\"@id\":\"https:\\\/\\\/staegerag.ch\\\/baobabcollection\\\/produkt\\\/duftkerze-riviera-santo-sospir\\\/#breadcrumb\",\"itemListElement\":[{\"@type\":\"ListItem\",\"position\":1,\"name\":\"Startseite\",\"item\":\"https:\\\/\\\/staegerag.ch\\\/baobabcollection\\\/\"},{\"@type\":\"ListItem\",\"position\":2,\"name\":\"Produkte\",\"item\":\"https:\\\/\\\/staegerag.ch\\\/baobabcollection\\\/shop__trashed\\\/\"},{\"@type\":\"ListItem\",\"position\":3,\"name\":\"DUFTKERZE RIVIERA SANTO SOSPIR\"}]},{\"@type\":\"WebSite\",\"@id\":\"https:\\\/\\\/staegerag.ch\\\/baobabcollection\\\/#website\",\"url\":\"https:\\\/\\\/staegerag.ch\\\/baobabcollection\\\/\",\"name\":\"Baobab Collection - Luxuriose Duftkerzen\",\"description\":\"\",\"publisher\":{\"@id\":\"https:\\\/\\\/staegerag.ch\\\/baobabcollection\\\/#organization\"},\"potentialAction\":[{\"@type\":\"SearchAction\",\"target\":{\"@type\":\"EntryPoint\",\"urlTemplate\":\"https:\\\/\\\/staegerag.ch\\\/baobabcollection\\\/?s={search_term_string}\"},\"query-input\":{\"@type\":\"PropertyValueSpecification\",\"valueRequired\":true,\"valueName\":\"search_term_string\"}}],\"inLanguage\":\"de\"},{\"@type\":\"Organization\",\"@id\":\"https:\\\/\\\/staegerag.ch\\\/baobabcollection\\\/#organization\",\"name\":\"STAEGER AG Thalwil\",\"url\":\"https:\\\/\\\/staegerag.ch\\\/baobabcollection\\\/\",\"logo\":{\"@type\":\"ImageObject\",\"inLanguage\":\"de\",\"@id\":\"https:\\\/\\\/staegerag.ch\\\/baobabcollection\\\/#\\\/schema\\\/logo\\\/image\\\/\",\"url\":\"https:\\\/\\\/staegerag.ch\\\/baobabcollection\\\/wp-content\\\/uploads\\\/sites\\\/3\\\/2025\\\/10\\\/staegerag-logo-300px-1.png\",\"contentUrl\":\"https:\\\/\\\/staegerag.ch\\\/baobabcollection\\\/wp-content\\\/uploads\\\/sites\\\/3\\\/2025\\\/10\\\/staegerag-logo-300px-1.png\",\"width\":1068,\"height\":300,\"caption\":\"STAEGER AG Thalwil\"},\"image\":{\"@id\":\"https:\\\/\\\/staegerag.ch\\\/baobabcollection\\\/#\\\/schema\\\/logo\\\/image\\\/\"},\"sameAs\":[\"https:\\\/\\\/facebook.com\\\/staegerag\"]}]}<\/script>\n<meta property=\"product:brand\" content=\"Baobab\" \/>\n<meta property=\"og:availability\" content=\"instock\" \/>\n<meta property=\"product:availability\" content=\"instock\" \/>\n<meta property=\"product:condition\" content=\"new\" \/>\n<!-- \/ Yoast SEO Premium plugin. -->","yoast_head_json":{"title":"DUFTKERZE RIVIERA SANTO SOSPIR - Baobab Collection - Luxuriose Duftkerzen","description":"Die Baobab Collection Riviera Santo Sospir Kerze ist eine Hommage an die legend\u00e4re Villa von Jean Cocteau an der C\u00f4te d'Azur und pr\u00e4sentiert sich in einem farbenfrohen, grafischen Glas, das die ber\u00fchmten Wandmalereien Cocteaus widerspiegelt, w\u00e4hrend ihr Duft aus Jasmin, Neroli und Zitrusfr\u00fcchten die leichte, fr\u00f6hliche und k\u00fcnstlerische Atmosph\u00e4re des Mittelmeers einf\u00e4ngt.","robots":{"index":"index","follow":"follow","max-snippet":"max-snippet:-1","max-image-preview":"max-image-preview:large","max-video-preview":"max-video-preview:-1"},"canonical":"https:\/\/staegerag.ch\/baobabcollection\/produkt\/duftkerze-riviera-santo-sospir\/","og_locale":"de_DE","og_type":"article","og_title":"DUFTKERZE RIVIERA SANTO SOSPIR","og_description":"Die Baobab Collection Riviera Santo Sospir Kerze ist eine Hommage an die legend\u00e4re Villa von Jean Cocteau an der C\u00f4te d'Azur und pr\u00e4sentiert sich in einem farbenfrohen, grafischen Glas, das die ber\u00fchmten Wandmalereien Cocteaus widerspiegelt, w\u00e4hrend ihr Duft aus Jasmin, Neroli und Zitrusfr\u00fcchten die leichte, fr\u00f6hliche und k\u00fcnstlerische Atmosph\u00e4re des Mittelmeers einf\u00e4ngt.","og_url":"https:\/\/staegerag.ch\/baobabcollection\/produkt\/duftkerze-riviera-santo-sospir\/","og_site_name":"Baobab Collection - Luxuriose Duftkerzen","article_publisher":"https:\/\/facebook.com\/staegerag","article_modified_time":"2025-12-29T17:26:14+00:00","og_image":[{"width":1100,"height":1375,"url":"https:\/\/staegerag.ch\/baobabcollection\/wp-content\/uploads\/sites\/3\/2025\/10\/Riviera_Santo_Sospir-groupshot_018d7411-9f9c-450a-8406-b8fb97ef27e8_1100x.webp","type":"image\/webp"}],"twitter_card":"summary_large_image","twitter_misc":{"Verf\u00fcgbarkeit":"Auf Lager"},"schema":{"@context":"https:\/\/schema.org","@graph":[{"@type":"WebPage","@id":"https:\/\/staegerag.ch\/baobabcollection\/produkt\/duftkerze-riviera-santo-sospir\/","url":"https:\/\/staegerag.ch\/baobabcollection\/produkt\/duftkerze-riviera-santo-sospir\/","name":"DUFTKERZE RIVIERA SANTO SOSPIR - Baobab Collection - Luxuriose Duftkerzen","isPartOf":{"@id":"https:\/\/staegerag.ch\/baobabcollection\/#website"},"primaryImageOfPage":{"@id":"https:\/\/staegerag.ch\/baobabcollection\/produkt\/duftkerze-riviera-santo-sospir\/#primaryimage"},"image":{"@id":"https:\/\/staegerag.ch\/baobabcollection\/produkt\/duftkerze-riviera-santo-sospir\/#primaryimage"},"thumbnailUrl":"https:\/\/staegerag.ch\/baobabcollection\/wp-content\/uploads\/sites\/3\/2025\/10\/Riviera_Santo_Sospir-groupshot_018d7411-9f9c-450a-8406-b8fb97ef27e8_1100x.webp","datePublished":"2025-10-07T15:37:08+00:00","dateModified":"2025-12-29T17:26:14+00:00","description":"Die Baobab Collection Riviera Santo Sospir Kerze ist eine Hommage an die legend\u00e4re Villa von Jean Cocteau an der C\u00f4te d'Azur und pr\u00e4sentiert sich in einem farbenfrohen, grafischen Glas, das die ber\u00fchmten Wandmalereien Cocteaus widerspiegelt, w\u00e4hrend ihr Duft aus Jasmin, Neroli und Zitrusfr\u00fcchten die leichte, fr\u00f6hliche und k\u00fcnstlerische Atmosph\u00e4re des Mittelmeers einf\u00e4ngt.","breadcrumb":{"@id":"https:\/\/staegerag.ch\/baobabcollection\/produkt\/duftkerze-riviera-santo-sospir\/#breadcrumb"},"inLanguage":"de","potentialAction":[{"@type":"ReadAction","target":["https:\/\/staegerag.ch\/baobabcollection\/produkt\/duftkerze-riviera-santo-sospir\/"]}]},{"@type":"ImageObject","inLanguage":"de","@id":"https:\/\/staegerag.ch\/baobabcollection\/produkt\/duftkerze-riviera-santo-sospir\/#primaryimage","url":"https:\/\/staegerag.ch\/baobabcollection\/wp-content\/uploads\/sites\/3\/2025\/10\/Riviera_Santo_Sospir-groupshot_018d7411-9f9c-450a-8406-b8fb97ef27e8_1100x.webp","contentUrl":"https:\/\/staegerag.ch\/baobabcollection\/wp-content\/uploads\/sites\/3\/2025\/10\/Riviera_Santo_Sospir-groupshot_018d7411-9f9c-450a-8406-b8fb97ef27e8_1100x.webp","width":1100,"height":1375},{"@type":"BreadcrumbList","@id":"https:\/\/staegerag.ch\/baobabcollection\/produkt\/duftkerze-riviera-santo-sospir\/#breadcrumb","itemListElement":[{"@type":"ListItem","position":1,"name":"Startseite","item":"https:\/\/staegerag.ch\/baobabcollection\/"},{"@type":"ListItem","position":2,"name":"Produkte","item":"https:\/\/staegerag.ch\/baobabcollection\/shop__trashed\/"},{"@type":"ListItem","position":3,"name":"DUFTKERZE RIVIERA SANTO SOSPIR"}]},{"@type":"WebSite","@id":"https:\/\/staegerag.ch\/baobabcollection\/#website","url":"https:\/\/staegerag.ch\/baobabcollection\/","name":"Baobab Collection - Luxuriose Duftkerzen","description":"","publisher":{"@id":"https:\/\/staegerag.ch\/baobabcollection\/#organization"},"potentialAction":[{"@type":"SearchAction","target":{"@type":"EntryPoint","urlTemplate":"https:\/\/staegerag.ch\/baobabcollection\/?s={search_term_string}"},"query-input":{"@type":"PropertyValueSpecification","valueRequired":true,"valueName":"search_term_string"}}],"inLanguage":"de"},{"@type":"Organization","@id":"https:\/\/staegerag.ch\/baobabcollection\/#organization","name":"STAEGER AG Thalwil","url":"https:\/\/staegerag.ch\/baobabcollection\/","logo":{"@type":"ImageObject","inLanguage":"de","@id":"https:\/\/staegerag.ch\/baobabcollection\/#\/schema\/logo\/image\/","url":"https:\/\/staegerag.ch\/baobabcollection\/wp-content\/uploads\/sites\/3\/2025\/10\/staegerag-logo-300px-1.png","contentUrl":"https:\/\/staegerag.ch\/baobabcollection\/wp-content\/uploads\/sites\/3\/2025\/10\/staegerag-logo-300px-1.png","width":1068,"height":300,"caption":"STAEGER AG Thalwil"},"image":{"@id":"https:\/\/staegerag.ch\/baobabcollection\/#\/schema\/logo\/image\/"},"sameAs":["https:\/\/facebook.com\/staegerag"]}]},"product_brand":"Baobab","og_availability":"instock","product_availability":"instock","product_condition":"new"},"jetpack_sharing_enabled":true,"_links":{"self":[{"href":"https:\/\/staegerag.ch\/baobabcollection\/wp-json\/wp\/v2\/product\/294","targetHints":{"allow":["GET"]}}],"collection":[{"href":"https:\/\/staegerag.ch\/baobabcollection\/wp-json\/wp\/v2\/product"}],"about":[{"href":"https:\/\/staegerag.ch\/baobabcollection\/wp-json\/wp\/v2\/types\/product"}],"version-history":[{"count":2,"href":"https:\/\/staegerag.ch\/baobabcollection\/wp-json\/wp\/v2\/product\/294\/revisions"}],"predecessor-version":[{"id":7616,"href":"https:\/\/staegerag.ch\/baobabcollection\/wp-json\/wp\/v2\/product\/294\/revisions\/7616"}],"wp:featuredmedia":[{"embeddable":true,"href":"https:\/\/staegerag.ch\/baobabcollection\/wp-json\/wp\/v2\/media\/298"}],"wp:attachment":[{"href":"https:\/\/staegerag.ch\/baobabcollection\/wp-json\/wp\/v2\/media?parent=294"}],"wp:term":[{"taxonomy":"product_brand","embeddable":true,"href":"https:\/\/staegerag.ch\/baobabcollection\/wp-json\/wp\/v2\/product_brand?post=294"},{"taxonomy":"product_cat","embeddable":true,"href":"https:\/\/staegerag.ch\/baobabcollection\/wp-json\/wp\/v2\/product_cat?post=294"},{"taxonomy":"product_tag","embeddable":true,"href":"https:\/\/staegerag.ch\/baobabcollection\/wp-json\/wp\/v2\/product_tag?post=294"}],"curies":[{"name":"wp","href":"https:\/\/api.w.org\/{rel}","templated":true}]}}