{"id":305,"date":"2025-10-07T17:39:36","date_gmt":"2025-10-07T15:39:36","guid":{"rendered":"https:\/\/staegerag.ch\/baobabcollection\/?post_type=product&#038;p=305"},"modified":"2025-12-29T18:13:10","modified_gmt":"2025-12-29T17:13:10","slug":"kerze-sacred-trees-cocody","status":"publish","type":"product","link":"https:\/\/staegerag.ch\/baobabcollection\/produkt\/kerze-sacred-trees-cocody\/","title":{"rendered":"DUFTKERZE SACRED TREES COCODY"},"content":{"rendered":"<div class=\"ewa-rteLine\">Das Glas der Kerze Cocody ist mit gelben Baobabb\u00e4umen auf grauem Grund verziert. Diese Verzierung wurde in Italien durch Sublimation realisiert. Die Zeichnung wird mit nat\u00fcrlichen Pigmenten gedruckt und dann vorsichtig auf dem Glas platziert, wo sie dann durch Verschmelzung am Material haften bleibt. Die Zeichnung wird durch die Flamme in Szene gesetzt, die wir in einer subtilen Transparenz erkennen und die den Gegenstand zum Leben erweckt.<\/div>\n<div class=\"ewa-rteLine\"><\/div>\n<div class=\"ewa-rteLine\">Cocody ist eine Gemeinde, die etwa hundert Kilometer entfernt von Abidjan an der Elfenbeink\u00fcste liegt. In dieser w\u00e4ldlichen Region gab es die letzte Anpflanzung von Baobabb\u00e4umen im Sommer 2024.<\/div>\n","protected":false},"excerpt":{"rendered":"<p data-path-to-node=\"1\">Die Baobab Collection <b>Sacred Tree Cocodi<\/b> Kerze ist eine Hommage an die \u00fcppigen W\u00e4lder der Elfenbeink\u00fcste und pr\u00e4sentiert sich in einem bernsteinfarbenen Glas, das mit warmen grafischen Mustern verziert ist, w\u00e4hrend ihr sinnlicher Duft aus <b>Patchouli<\/b>, <b>Guajakholz<\/b> und <b>Moschus<\/b> eine holzige und mystische Atmosph\u00e4re schafft.<\/p>\n","protected":false},"featured_media":307,"template":"","meta":[],"product_brand":[19],"product_cat":[35,75],"product_tag":[76,53,77],"class_list":{"0":"post-305","1":"product","2":"type-product","3":"status-publish","4":"has-post-thumbnail","6":"product_brand-baobab","7":"product_cat-duftkerzen","8":"product_cat-sacred-trees","9":"product_tag-basilikum","10":"product_tag-jasmin","11":"product_tag-patschuli","13":"first","14":"instock","15":"taxable","16":"shipping-taxable","17":"purchasable","18":"product-type-variable"},"yoast_head":"<!-- This site is optimized with the Yoast SEO Premium plugin v27.4 (Yoast SEO v27.4) - https:\/\/yoast.com\/product\/yoast-seo-premium-wordpress\/ -->\n<title>DUFTKERZE SACRED TREES COCODY - Baobab Collection - Luxuriose Duftkerzen<\/title>\n<meta name=\"description\" content=\"Die Baobab Collection Sacred Tree Cocodi Kerze ist eine Hommage an die \u00fcppigen W\u00e4lder der Elfenbeink\u00fcste und pr\u00e4sentiert sich in einem bernsteinfarbenen Glas, das mit warmen grafischen Mustern verziert ist, w\u00e4hrend ihr sinnlicher Duft aus Patchouli, Guajakholz und Moschus eine holzige und mystische Atmosph\u00e4re schafft.\" \/>\n<meta name=\"robots\" content=\"index, follow, max-snippet:-1, max-image-preview:large, max-video-preview:-1\" \/>\n<link rel=\"canonical\" href=\"https:\/\/staegerag.ch\/baobabcollection\/produkt\/kerze-sacred-trees-cocody\/\" \/>\n<meta property=\"og:locale\" content=\"de_DE\" \/>\n<meta property=\"og:type\" content=\"article\" \/>\n<meta property=\"og:title\" content=\"DUFTKERZE SACRED TREES COCODY\" \/>\n<meta property=\"og:description\" content=\"Die Baobab Collection Sacred Tree Cocodi Kerze ist eine Hommage an die \u00fcppigen W\u00e4lder der Elfenbeink\u00fcste und pr\u00e4sentiert sich in einem bernsteinfarbenen Glas, das mit warmen grafischen Mustern verziert ist, w\u00e4hrend ihr sinnlicher Duft aus Patchouli, Guajakholz und Moschus eine holzige und mystische Atmosph\u00e4re schafft.\" \/>\n<meta property=\"og:url\" content=\"https:\/\/staegerag.ch\/baobabcollection\/produkt\/kerze-sacred-trees-cocody\/\" \/>\n<meta property=\"og:site_name\" content=\"Baobab Collection - Luxuriose Duftkerzen\" \/>\n<meta property=\"article:publisher\" content=\"https:\/\/facebook.com\/staegerag\" \/>\n<meta property=\"article:modified_time\" content=\"2025-12-29T17:13:10+00:00\" \/>\n<meta property=\"og:image\" content=\"https:\/\/staegerag.ch\/baobabcollection\/wp-content\/uploads\/sites\/3\/2025\/10\/Sacred_Trees_Summer_Cocody-groupshot_1100x.webp\" \/>\n\t<meta property=\"og:image:width\" content=\"1100\" \/>\n\t<meta property=\"og:image:height\" content=\"1375\" \/>\n\t<meta property=\"og:image:type\" content=\"image\/webp\" \/>\n<meta name=\"twitter:card\" content=\"summary_large_image\" \/>\n<meta name=\"twitter:label1\" content=\"Verf\u00fcgbarkeit\" \/>\n\t<meta name=\"twitter:data1\" content=\"Auf Lager\" \/>\n<script type=\"application\/ld+json\" class=\"yoast-schema-graph\">{\"@context\":\"https:\\\/\\\/schema.org\",\"@graph\":[{\"@type\":\"WebPage\",\"@id\":\"https:\\\/\\\/staegerag.ch\\\/baobabcollection\\\/produkt\\\/kerze-sacred-trees-cocody\\\/\",\"url\":\"https:\\\/\\\/staegerag.ch\\\/baobabcollection\\\/produkt\\\/kerze-sacred-trees-cocody\\\/\",\"name\":\"DUFTKERZE SACRED TREES COCODY - Baobab Collection - Luxuriose Duftkerzen\",\"isPartOf\":{\"@id\":\"https:\\\/\\\/staegerag.ch\\\/baobabcollection\\\/#website\"},\"primaryImageOfPage\":{\"@id\":\"https:\\\/\\\/staegerag.ch\\\/baobabcollection\\\/produkt\\\/kerze-sacred-trees-cocody\\\/#primaryimage\"},\"image\":{\"@id\":\"https:\\\/\\\/staegerag.ch\\\/baobabcollection\\\/produkt\\\/kerze-sacred-trees-cocody\\\/#primaryimage\"},\"thumbnailUrl\":\"https:\\\/\\\/staegerag.ch\\\/baobabcollection\\\/wp-content\\\/uploads\\\/sites\\\/3\\\/2025\\\/10\\\/Sacred_Trees_Summer_Cocody-groupshot_1100x.webp\",\"datePublished\":\"2025-10-07T15:39:36+00:00\",\"dateModified\":\"2025-12-29T17:13:10+00:00\",\"description\":\"Die Baobab Collection Sacred Tree Cocodi Kerze ist eine Hommage an die \u00fcppigen W\u00e4lder der Elfenbeink\u00fcste und pr\u00e4sentiert sich in einem bernsteinfarbenen Glas, das mit warmen grafischen Mustern verziert ist, w\u00e4hrend ihr sinnlicher Duft aus Patchouli, Guajakholz und Moschus eine holzige und mystische Atmosph\u00e4re schafft.\",\"breadcrumb\":{\"@id\":\"https:\\\/\\\/staegerag.ch\\\/baobabcollection\\\/produkt\\\/kerze-sacred-trees-cocody\\\/#breadcrumb\"},\"inLanguage\":\"de\",\"potentialAction\":[{\"@type\":\"ReadAction\",\"target\":[\"https:\\\/\\\/staegerag.ch\\\/baobabcollection\\\/produkt\\\/kerze-sacred-trees-cocody\\\/\"]}]},{\"@type\":\"ImageObject\",\"inLanguage\":\"de\",\"@id\":\"https:\\\/\\\/staegerag.ch\\\/baobabcollection\\\/produkt\\\/kerze-sacred-trees-cocody\\\/#primaryimage\",\"url\":\"https:\\\/\\\/staegerag.ch\\\/baobabcollection\\\/wp-content\\\/uploads\\\/sites\\\/3\\\/2025\\\/10\\\/Sacred_Trees_Summer_Cocody-groupshot_1100x.webp\",\"contentUrl\":\"https:\\\/\\\/staegerag.ch\\\/baobabcollection\\\/wp-content\\\/uploads\\\/sites\\\/3\\\/2025\\\/10\\\/Sacred_Trees_Summer_Cocody-groupshot_1100x.webp\",\"width\":1100,\"height\":1375},{\"@type\":\"BreadcrumbList\",\"@id\":\"https:\\\/\\\/staegerag.ch\\\/baobabcollection\\\/produkt\\\/kerze-sacred-trees-cocody\\\/#breadcrumb\",\"itemListElement\":[{\"@type\":\"ListItem\",\"position\":1,\"name\":\"Startseite\",\"item\":\"https:\\\/\\\/staegerag.ch\\\/baobabcollection\\\/\"},{\"@type\":\"ListItem\",\"position\":2,\"name\":\"Produkte\",\"item\":\"https:\\\/\\\/staegerag.ch\\\/baobabcollection\\\/shop__trashed\\\/\"},{\"@type\":\"ListItem\",\"position\":3,\"name\":\"DUFTKERZE SACRED TREES COCODY\"}]},{\"@type\":\"WebSite\",\"@id\":\"https:\\\/\\\/staegerag.ch\\\/baobabcollection\\\/#website\",\"url\":\"https:\\\/\\\/staegerag.ch\\\/baobabcollection\\\/\",\"name\":\"Baobab Collection - Luxuriose Duftkerzen\",\"description\":\"\",\"publisher\":{\"@id\":\"https:\\\/\\\/staegerag.ch\\\/baobabcollection\\\/#organization\"},\"potentialAction\":[{\"@type\":\"SearchAction\",\"target\":{\"@type\":\"EntryPoint\",\"urlTemplate\":\"https:\\\/\\\/staegerag.ch\\\/baobabcollection\\\/?s={search_term_string}\"},\"query-input\":{\"@type\":\"PropertyValueSpecification\",\"valueRequired\":true,\"valueName\":\"search_term_string\"}}],\"inLanguage\":\"de\"},{\"@type\":\"Organization\",\"@id\":\"https:\\\/\\\/staegerag.ch\\\/baobabcollection\\\/#organization\",\"name\":\"STAEGER AG Thalwil\",\"url\":\"https:\\\/\\\/staegerag.ch\\\/baobabcollection\\\/\",\"logo\":{\"@type\":\"ImageObject\",\"inLanguage\":\"de\",\"@id\":\"https:\\\/\\\/staegerag.ch\\\/baobabcollection\\\/#\\\/schema\\\/logo\\\/image\\\/\",\"url\":\"https:\\\/\\\/staegerag.ch\\\/baobabcollection\\\/wp-content\\\/uploads\\\/sites\\\/3\\\/2025\\\/10\\\/staegerag-logo-300px-1.png\",\"contentUrl\":\"https:\\\/\\\/staegerag.ch\\\/baobabcollection\\\/wp-content\\\/uploads\\\/sites\\\/3\\\/2025\\\/10\\\/staegerag-logo-300px-1.png\",\"width\":1068,\"height\":300,\"caption\":\"STAEGER AG Thalwil\"},\"image\":{\"@id\":\"https:\\\/\\\/staegerag.ch\\\/baobabcollection\\\/#\\\/schema\\\/logo\\\/image\\\/\"},\"sameAs\":[\"https:\\\/\\\/facebook.com\\\/staegerag\"]}]}<\/script>\n<meta property=\"product:brand\" content=\"Baobab\" \/>\n<meta property=\"og:availability\" content=\"instock\" \/>\n<meta property=\"product:availability\" content=\"instock\" \/>\n<meta property=\"product:condition\" content=\"new\" \/>\n<!-- \/ Yoast SEO Premium plugin. -->","yoast_head_json":{"title":"DUFTKERZE SACRED TREES COCODY - Baobab Collection - Luxuriose Duftkerzen","description":"Die Baobab Collection Sacred Tree Cocodi Kerze ist eine Hommage an die \u00fcppigen W\u00e4lder der Elfenbeink\u00fcste und pr\u00e4sentiert sich in einem bernsteinfarbenen Glas, das mit warmen grafischen Mustern verziert ist, w\u00e4hrend ihr sinnlicher Duft aus Patchouli, Guajakholz und Moschus eine holzige und mystische Atmosph\u00e4re schafft.","robots":{"index":"index","follow":"follow","max-snippet":"max-snippet:-1","max-image-preview":"max-image-preview:large","max-video-preview":"max-video-preview:-1"},"canonical":"https:\/\/staegerag.ch\/baobabcollection\/produkt\/kerze-sacred-trees-cocody\/","og_locale":"de_DE","og_type":"article","og_title":"DUFTKERZE SACRED TREES COCODY","og_description":"Die Baobab Collection Sacred Tree Cocodi Kerze ist eine Hommage an die \u00fcppigen W\u00e4lder der Elfenbeink\u00fcste und pr\u00e4sentiert sich in einem bernsteinfarbenen Glas, das mit warmen grafischen Mustern verziert ist, w\u00e4hrend ihr sinnlicher Duft aus Patchouli, Guajakholz und Moschus eine holzige und mystische Atmosph\u00e4re schafft.","og_url":"https:\/\/staegerag.ch\/baobabcollection\/produkt\/kerze-sacred-trees-cocody\/","og_site_name":"Baobab Collection - Luxuriose Duftkerzen","article_publisher":"https:\/\/facebook.com\/staegerag","article_modified_time":"2025-12-29T17:13:10+00:00","og_image":[{"width":1100,"height":1375,"url":"https:\/\/staegerag.ch\/baobabcollection\/wp-content\/uploads\/sites\/3\/2025\/10\/Sacred_Trees_Summer_Cocody-groupshot_1100x.webp","type":"image\/webp"}],"twitter_card":"summary_large_image","twitter_misc":{"Verf\u00fcgbarkeit":"Auf Lager"},"schema":{"@context":"https:\/\/schema.org","@graph":[{"@type":"WebPage","@id":"https:\/\/staegerag.ch\/baobabcollection\/produkt\/kerze-sacred-trees-cocody\/","url":"https:\/\/staegerag.ch\/baobabcollection\/produkt\/kerze-sacred-trees-cocody\/","name":"DUFTKERZE SACRED TREES COCODY - Baobab Collection - Luxuriose Duftkerzen","isPartOf":{"@id":"https:\/\/staegerag.ch\/baobabcollection\/#website"},"primaryImageOfPage":{"@id":"https:\/\/staegerag.ch\/baobabcollection\/produkt\/kerze-sacred-trees-cocody\/#primaryimage"},"image":{"@id":"https:\/\/staegerag.ch\/baobabcollection\/produkt\/kerze-sacred-trees-cocody\/#primaryimage"},"thumbnailUrl":"https:\/\/staegerag.ch\/baobabcollection\/wp-content\/uploads\/sites\/3\/2025\/10\/Sacred_Trees_Summer_Cocody-groupshot_1100x.webp","datePublished":"2025-10-07T15:39:36+00:00","dateModified":"2025-12-29T17:13:10+00:00","description":"Die Baobab Collection Sacred Tree Cocodi Kerze ist eine Hommage an die \u00fcppigen W\u00e4lder der Elfenbeink\u00fcste und pr\u00e4sentiert sich in einem bernsteinfarbenen Glas, das mit warmen grafischen Mustern verziert ist, w\u00e4hrend ihr sinnlicher Duft aus Patchouli, Guajakholz und Moschus eine holzige und mystische Atmosph\u00e4re schafft.","breadcrumb":{"@id":"https:\/\/staegerag.ch\/baobabcollection\/produkt\/kerze-sacred-trees-cocody\/#breadcrumb"},"inLanguage":"de","potentialAction":[{"@type":"ReadAction","target":["https:\/\/staegerag.ch\/baobabcollection\/produkt\/kerze-sacred-trees-cocody\/"]}]},{"@type":"ImageObject","inLanguage":"de","@id":"https:\/\/staegerag.ch\/baobabcollection\/produkt\/kerze-sacred-trees-cocody\/#primaryimage","url":"https:\/\/staegerag.ch\/baobabcollection\/wp-content\/uploads\/sites\/3\/2025\/10\/Sacred_Trees_Summer_Cocody-groupshot_1100x.webp","contentUrl":"https:\/\/staegerag.ch\/baobabcollection\/wp-content\/uploads\/sites\/3\/2025\/10\/Sacred_Trees_Summer_Cocody-groupshot_1100x.webp","width":1100,"height":1375},{"@type":"BreadcrumbList","@id":"https:\/\/staegerag.ch\/baobabcollection\/produkt\/kerze-sacred-trees-cocody\/#breadcrumb","itemListElement":[{"@type":"ListItem","position":1,"name":"Startseite","item":"https:\/\/staegerag.ch\/baobabcollection\/"},{"@type":"ListItem","position":2,"name":"Produkte","item":"https:\/\/staegerag.ch\/baobabcollection\/shop__trashed\/"},{"@type":"ListItem","position":3,"name":"DUFTKERZE SACRED TREES COCODY"}]},{"@type":"WebSite","@id":"https:\/\/staegerag.ch\/baobabcollection\/#website","url":"https:\/\/staegerag.ch\/baobabcollection\/","name":"Baobab Collection - Luxuriose Duftkerzen","description":"","publisher":{"@id":"https:\/\/staegerag.ch\/baobabcollection\/#organization"},"potentialAction":[{"@type":"SearchAction","target":{"@type":"EntryPoint","urlTemplate":"https:\/\/staegerag.ch\/baobabcollection\/?s={search_term_string}"},"query-input":{"@type":"PropertyValueSpecification","valueRequired":true,"valueName":"search_term_string"}}],"inLanguage":"de"},{"@type":"Organization","@id":"https:\/\/staegerag.ch\/baobabcollection\/#organization","name":"STAEGER AG Thalwil","url":"https:\/\/staegerag.ch\/baobabcollection\/","logo":{"@type":"ImageObject","inLanguage":"de","@id":"https:\/\/staegerag.ch\/baobabcollection\/#\/schema\/logo\/image\/","url":"https:\/\/staegerag.ch\/baobabcollection\/wp-content\/uploads\/sites\/3\/2025\/10\/staegerag-logo-300px-1.png","contentUrl":"https:\/\/staegerag.ch\/baobabcollection\/wp-content\/uploads\/sites\/3\/2025\/10\/staegerag-logo-300px-1.png","width":1068,"height":300,"caption":"STAEGER AG Thalwil"},"image":{"@id":"https:\/\/staegerag.ch\/baobabcollection\/#\/schema\/logo\/image\/"},"sameAs":["https:\/\/facebook.com\/staegerag"]}]},"product_brand":"Baobab","og_availability":"instock","product_availability":"instock","product_condition":"new"},"jetpack_sharing_enabled":true,"_links":{"self":[{"href":"https:\/\/staegerag.ch\/baobabcollection\/wp-json\/wp\/v2\/product\/305","targetHints":{"allow":["GET"]}}],"collection":[{"href":"https:\/\/staegerag.ch\/baobabcollection\/wp-json\/wp\/v2\/product"}],"about":[{"href":"https:\/\/staegerag.ch\/baobabcollection\/wp-json\/wp\/v2\/types\/product"}],"version-history":[{"count":2,"href":"https:\/\/staegerag.ch\/baobabcollection\/wp-json\/wp\/v2\/product\/305\/revisions"}],"predecessor-version":[{"id":7614,"href":"https:\/\/staegerag.ch\/baobabcollection\/wp-json\/wp\/v2\/product\/305\/revisions\/7614"}],"wp:featuredmedia":[{"embeddable":true,"href":"https:\/\/staegerag.ch\/baobabcollection\/wp-json\/wp\/v2\/media\/307"}],"wp:attachment":[{"href":"https:\/\/staegerag.ch\/baobabcollection\/wp-json\/wp\/v2\/media?parent=305"}],"wp:term":[{"taxonomy":"product_brand","embeddable":true,"href":"https:\/\/staegerag.ch\/baobabcollection\/wp-json\/wp\/v2\/product_brand?post=305"},{"taxonomy":"product_cat","embeddable":true,"href":"https:\/\/staegerag.ch\/baobabcollection\/wp-json\/wp\/v2\/product_cat?post=305"},{"taxonomy":"product_tag","embeddable":true,"href":"https:\/\/staegerag.ch\/baobabcollection\/wp-json\/wp\/v2\/product_tag?post=305"}],"curies":[{"name":"wp","href":"https:\/\/api.w.org\/{rel}","templated":true}]}}