{"id":366,"date":"2025-10-07T18:10:42","date_gmt":"2025-10-07T16:10:42","guid":{"rendered":"https:\/\/staegerag.ch\/baobabcollection\/?post_type=product&#038;p=366"},"modified":"2025-12-29T18:07:37","modified_gmt":"2025-12-29T17:07:37","slug":"duftkerze-white-pearls","status":"publish","type":"product","link":"https:\/\/staegerag.ch\/baobabcollection\/produkt\/duftkerze-white-pearls\/","title":{"rendered":"DUFTKERZE WHITE PEARLS"},"content":{"rendered":"<p>Schon seit Jahrhunderten gelten wei\u00dfe Perlen als Symbol f\u00fcr Reinheit und Liebe. Die Kerze White Pearls, die mit einem Muster in Zartrosa und Wei\u00df verziert ist, erinnert an die Perfektion der Perlen, die auch als \u201eTr\u00e4nen der G\u00f6tter\u201c bekannt sind.<\/p>\n\n\n<p><\/p>\n","protected":false},"excerpt":{"rendered":"<p data-path-to-node=\"1\">Die Baobab Collection White Pearls Duftkerze ist eine leuchtende und erfrischende Kreation, die in einem eleganten, mundgeblasenen Glas mit wei\u00dfen Perleneinschl\u00fcssen pr\u00e4sentiert wird und einen delikaten, floralen Duft aus <b>weissem Moschus<\/b> und <b>Jasmin<\/b> verstr\u00f6mt, der ein Gef\u00fchl von purer Reinheit und Licht vermittelt.<\/p>\n","protected":false},"featured_media":367,"template":"","meta":[],"product_brand":[19],"product_cat":[35,42],"product_tag":[44,40,43],"class_list":{"0":"post-366","1":"product","2":"type-product","3":"status-publish","4":"has-post-thumbnail","6":"product_brand-baobab","7":"product_cat-duftkerzen","8":"product_cat-pearls","9":"product_tag-freesie","10":"product_tag-moschus","11":"product_tag-orchidee","13":"first","14":"instock","15":"taxable","16":"shipping-taxable","17":"purchasable","18":"product-type-variable"},"yoast_head":"<!-- This site is optimized with the Yoast SEO Premium plugin v27.4 (Yoast SEO v27.4) - https:\/\/yoast.com\/product\/yoast-seo-premium-wordpress\/ -->\n<title>DUFTKERZE WHITE PEARLS - Baobab Collection - Luxuriose Duftkerzen<\/title>\n<meta name=\"description\" content=\"Die Baobab Collection White Pearls Duftkerze ist eine leuchtende und erfrischende Kreation, die in einem eleganten, mundgeblasenen Glas mit wei\u00dfen Perleneinschl\u00fcssen pr\u00e4sentiert wird und einen delikaten, floralen Duft aus weissem Moschus und Jasmin verstr\u00f6mt, der ein Gef\u00fchl von purer Reinheit und Licht vermittelt.\" \/>\n<meta name=\"robots\" content=\"index, follow, max-snippet:-1, max-image-preview:large, max-video-preview:-1\" \/>\n<link rel=\"canonical\" href=\"https:\/\/staegerag.ch\/baobabcollection\/produkt\/duftkerze-white-pearls\/\" \/>\n<meta property=\"og:locale\" content=\"de_DE\" \/>\n<meta property=\"og:type\" content=\"article\" \/>\n<meta property=\"og:title\" content=\"DUFTKERZE WHITE PEARLS\" \/>\n<meta property=\"og:description\" content=\"Die Baobab Collection White Pearls Duftkerze ist eine leuchtende und erfrischende Kreation, die in einem eleganten, mundgeblasenen Glas mit wei\u00dfen Perleneinschl\u00fcssen pr\u00e4sentiert wird und einen delikaten, floralen Duft aus weissem Moschus und Jasmin verstr\u00f6mt, der ein Gef\u00fchl von purer Reinheit und Licht vermittelt.\" \/>\n<meta property=\"og:url\" content=\"https:\/\/staegerag.ch\/baobabcollection\/produkt\/duftkerze-white-pearls\/\" \/>\n<meta property=\"og:site_name\" content=\"Baobab Collection - Luxuriose Duftkerzen\" \/>\n<meta property=\"article:publisher\" content=\"https:\/\/facebook.com\/staegerag\" \/>\n<meta property=\"article:modified_time\" content=\"2025-12-29T17:07:37+00:00\" \/>\n<meta property=\"og:image\" content=\"https:\/\/staegerag.ch\/baobabcollection\/wp-content\/uploads\/sites\/3\/2025\/10\/5415198110786_scentedcandles_whitepearls_grappe.webp\" \/>\n\t<meta property=\"og:image:width\" content=\"1050\" \/>\n\t<meta property=\"og:image:height\" content=\"1200\" \/>\n\t<meta property=\"og:image:type\" content=\"image\/webp\" \/>\n<meta name=\"twitter:card\" content=\"summary_large_image\" \/>\n<meta name=\"twitter:label1\" content=\"Verf\u00fcgbarkeit\" \/>\n\t<meta name=\"twitter:data1\" content=\"Auf Lager\" \/>\n<script type=\"application\/ld+json\" class=\"yoast-schema-graph\">{\"@context\":\"https:\\\/\\\/schema.org\",\"@graph\":[{\"@type\":\"WebPage\",\"@id\":\"https:\\\/\\\/staegerag.ch\\\/baobabcollection\\\/produkt\\\/duftkerze-white-pearls\\\/\",\"url\":\"https:\\\/\\\/staegerag.ch\\\/baobabcollection\\\/produkt\\\/duftkerze-white-pearls\\\/\",\"name\":\"DUFTKERZE WHITE PEARLS - Baobab Collection - Luxuriose Duftkerzen\",\"isPartOf\":{\"@id\":\"https:\\\/\\\/staegerag.ch\\\/baobabcollection\\\/#website\"},\"primaryImageOfPage\":{\"@id\":\"https:\\\/\\\/staegerag.ch\\\/baobabcollection\\\/produkt\\\/duftkerze-white-pearls\\\/#primaryimage\"},\"image\":{\"@id\":\"https:\\\/\\\/staegerag.ch\\\/baobabcollection\\\/produkt\\\/duftkerze-white-pearls\\\/#primaryimage\"},\"thumbnailUrl\":\"https:\\\/\\\/staegerag.ch\\\/baobabcollection\\\/wp-content\\\/uploads\\\/sites\\\/3\\\/2025\\\/10\\\/5415198110786_scentedcandles_whitepearls_grappe.webp\",\"datePublished\":\"2025-10-07T16:10:42+00:00\",\"dateModified\":\"2025-12-29T17:07:37+00:00\",\"description\":\"Die Baobab Collection White Pearls Duftkerze ist eine leuchtende und erfrischende Kreation, die in einem eleganten, mundgeblasenen Glas mit wei\u00dfen Perleneinschl\u00fcssen pr\u00e4sentiert wird und einen delikaten, floralen Duft aus weissem Moschus und Jasmin verstr\u00f6mt, der ein Gef\u00fchl von purer Reinheit und Licht vermittelt.\",\"breadcrumb\":{\"@id\":\"https:\\\/\\\/staegerag.ch\\\/baobabcollection\\\/produkt\\\/duftkerze-white-pearls\\\/#breadcrumb\"},\"inLanguage\":\"de\",\"potentialAction\":[{\"@type\":\"ReadAction\",\"target\":[\"https:\\\/\\\/staegerag.ch\\\/baobabcollection\\\/produkt\\\/duftkerze-white-pearls\\\/\"]}]},{\"@type\":\"ImageObject\",\"inLanguage\":\"de\",\"@id\":\"https:\\\/\\\/staegerag.ch\\\/baobabcollection\\\/produkt\\\/duftkerze-white-pearls\\\/#primaryimage\",\"url\":\"https:\\\/\\\/staegerag.ch\\\/baobabcollection\\\/wp-content\\\/uploads\\\/sites\\\/3\\\/2025\\\/10\\\/5415198110786_scentedcandles_whitepearls_grappe.webp\",\"contentUrl\":\"https:\\\/\\\/staegerag.ch\\\/baobabcollection\\\/wp-content\\\/uploads\\\/sites\\\/3\\\/2025\\\/10\\\/5415198110786_scentedcandles_whitepearls_grappe.webp\",\"width\":1050,\"height\":1200},{\"@type\":\"BreadcrumbList\",\"@id\":\"https:\\\/\\\/staegerag.ch\\\/baobabcollection\\\/produkt\\\/duftkerze-white-pearls\\\/#breadcrumb\",\"itemListElement\":[{\"@type\":\"ListItem\",\"position\":1,\"name\":\"Startseite\",\"item\":\"https:\\\/\\\/staegerag.ch\\\/baobabcollection\\\/\"},{\"@type\":\"ListItem\",\"position\":2,\"name\":\"Produkte\",\"item\":\"https:\\\/\\\/staegerag.ch\\\/baobabcollection\\\/shop__trashed\\\/\"},{\"@type\":\"ListItem\",\"position\":3,\"name\":\"DUFTKERZE WHITE PEARLS\"}]},{\"@type\":\"WebSite\",\"@id\":\"https:\\\/\\\/staegerag.ch\\\/baobabcollection\\\/#website\",\"url\":\"https:\\\/\\\/staegerag.ch\\\/baobabcollection\\\/\",\"name\":\"Baobab Collection - Luxuriose Duftkerzen\",\"description\":\"\",\"publisher\":{\"@id\":\"https:\\\/\\\/staegerag.ch\\\/baobabcollection\\\/#organization\"},\"potentialAction\":[{\"@type\":\"SearchAction\",\"target\":{\"@type\":\"EntryPoint\",\"urlTemplate\":\"https:\\\/\\\/staegerag.ch\\\/baobabcollection\\\/?s={search_term_string}\"},\"query-input\":{\"@type\":\"PropertyValueSpecification\",\"valueRequired\":true,\"valueName\":\"search_term_string\"}}],\"inLanguage\":\"de\"},{\"@type\":\"Organization\",\"@id\":\"https:\\\/\\\/staegerag.ch\\\/baobabcollection\\\/#organization\",\"name\":\"STAEGER AG Thalwil\",\"url\":\"https:\\\/\\\/staegerag.ch\\\/baobabcollection\\\/\",\"logo\":{\"@type\":\"ImageObject\",\"inLanguage\":\"de\",\"@id\":\"https:\\\/\\\/staegerag.ch\\\/baobabcollection\\\/#\\\/schema\\\/logo\\\/image\\\/\",\"url\":\"https:\\\/\\\/staegerag.ch\\\/baobabcollection\\\/wp-content\\\/uploads\\\/sites\\\/3\\\/2025\\\/10\\\/staegerag-logo-300px-1.png\",\"contentUrl\":\"https:\\\/\\\/staegerag.ch\\\/baobabcollection\\\/wp-content\\\/uploads\\\/sites\\\/3\\\/2025\\\/10\\\/staegerag-logo-300px-1.png\",\"width\":1068,\"height\":300,\"caption\":\"STAEGER AG Thalwil\"},\"image\":{\"@id\":\"https:\\\/\\\/staegerag.ch\\\/baobabcollection\\\/#\\\/schema\\\/logo\\\/image\\\/\"},\"sameAs\":[\"https:\\\/\\\/facebook.com\\\/staegerag\"]}]}<\/script>\n<meta property=\"product:brand\" content=\"Baobab\" \/>\n<meta property=\"og:availability\" content=\"instock\" \/>\n<meta property=\"product:availability\" content=\"instock\" \/>\n<meta property=\"product:condition\" content=\"new\" \/>\n<!-- \/ Yoast SEO Premium plugin. -->","yoast_head_json":{"title":"DUFTKERZE WHITE PEARLS - Baobab Collection - Luxuriose Duftkerzen","description":"Die Baobab Collection White Pearls Duftkerze ist eine leuchtende und erfrischende Kreation, die in einem eleganten, mundgeblasenen Glas mit wei\u00dfen Perleneinschl\u00fcssen pr\u00e4sentiert wird und einen delikaten, floralen Duft aus weissem Moschus und Jasmin verstr\u00f6mt, der ein Gef\u00fchl von purer Reinheit und Licht vermittelt.","robots":{"index":"index","follow":"follow","max-snippet":"max-snippet:-1","max-image-preview":"max-image-preview:large","max-video-preview":"max-video-preview:-1"},"canonical":"https:\/\/staegerag.ch\/baobabcollection\/produkt\/duftkerze-white-pearls\/","og_locale":"de_DE","og_type":"article","og_title":"DUFTKERZE WHITE PEARLS","og_description":"Die Baobab Collection White Pearls Duftkerze ist eine leuchtende und erfrischende Kreation, die in einem eleganten, mundgeblasenen Glas mit wei\u00dfen Perleneinschl\u00fcssen pr\u00e4sentiert wird und einen delikaten, floralen Duft aus weissem Moschus und Jasmin verstr\u00f6mt, der ein Gef\u00fchl von purer Reinheit und Licht vermittelt.","og_url":"https:\/\/staegerag.ch\/baobabcollection\/produkt\/duftkerze-white-pearls\/","og_site_name":"Baobab Collection - Luxuriose Duftkerzen","article_publisher":"https:\/\/facebook.com\/staegerag","article_modified_time":"2025-12-29T17:07:37+00:00","og_image":[{"width":1050,"height":1200,"url":"https:\/\/staegerag.ch\/baobabcollection\/wp-content\/uploads\/sites\/3\/2025\/10\/5415198110786_scentedcandles_whitepearls_grappe.webp","type":"image\/webp"}],"twitter_card":"summary_large_image","twitter_misc":{"Verf\u00fcgbarkeit":"Auf Lager"},"schema":{"@context":"https:\/\/schema.org","@graph":[{"@type":"WebPage","@id":"https:\/\/staegerag.ch\/baobabcollection\/produkt\/duftkerze-white-pearls\/","url":"https:\/\/staegerag.ch\/baobabcollection\/produkt\/duftkerze-white-pearls\/","name":"DUFTKERZE WHITE PEARLS - Baobab Collection - Luxuriose Duftkerzen","isPartOf":{"@id":"https:\/\/staegerag.ch\/baobabcollection\/#website"},"primaryImageOfPage":{"@id":"https:\/\/staegerag.ch\/baobabcollection\/produkt\/duftkerze-white-pearls\/#primaryimage"},"image":{"@id":"https:\/\/staegerag.ch\/baobabcollection\/produkt\/duftkerze-white-pearls\/#primaryimage"},"thumbnailUrl":"https:\/\/staegerag.ch\/baobabcollection\/wp-content\/uploads\/sites\/3\/2025\/10\/5415198110786_scentedcandles_whitepearls_grappe.webp","datePublished":"2025-10-07T16:10:42+00:00","dateModified":"2025-12-29T17:07:37+00:00","description":"Die Baobab Collection White Pearls Duftkerze ist eine leuchtende und erfrischende Kreation, die in einem eleganten, mundgeblasenen Glas mit wei\u00dfen Perleneinschl\u00fcssen pr\u00e4sentiert wird und einen delikaten, floralen Duft aus weissem Moschus und Jasmin verstr\u00f6mt, der ein Gef\u00fchl von purer Reinheit und Licht vermittelt.","breadcrumb":{"@id":"https:\/\/staegerag.ch\/baobabcollection\/produkt\/duftkerze-white-pearls\/#breadcrumb"},"inLanguage":"de","potentialAction":[{"@type":"ReadAction","target":["https:\/\/staegerag.ch\/baobabcollection\/produkt\/duftkerze-white-pearls\/"]}]},{"@type":"ImageObject","inLanguage":"de","@id":"https:\/\/staegerag.ch\/baobabcollection\/produkt\/duftkerze-white-pearls\/#primaryimage","url":"https:\/\/staegerag.ch\/baobabcollection\/wp-content\/uploads\/sites\/3\/2025\/10\/5415198110786_scentedcandles_whitepearls_grappe.webp","contentUrl":"https:\/\/staegerag.ch\/baobabcollection\/wp-content\/uploads\/sites\/3\/2025\/10\/5415198110786_scentedcandles_whitepearls_grappe.webp","width":1050,"height":1200},{"@type":"BreadcrumbList","@id":"https:\/\/staegerag.ch\/baobabcollection\/produkt\/duftkerze-white-pearls\/#breadcrumb","itemListElement":[{"@type":"ListItem","position":1,"name":"Startseite","item":"https:\/\/staegerag.ch\/baobabcollection\/"},{"@type":"ListItem","position":2,"name":"Produkte","item":"https:\/\/staegerag.ch\/baobabcollection\/shop__trashed\/"},{"@type":"ListItem","position":3,"name":"DUFTKERZE WHITE PEARLS"}]},{"@type":"WebSite","@id":"https:\/\/staegerag.ch\/baobabcollection\/#website","url":"https:\/\/staegerag.ch\/baobabcollection\/","name":"Baobab Collection - Luxuriose Duftkerzen","description":"","publisher":{"@id":"https:\/\/staegerag.ch\/baobabcollection\/#organization"},"potentialAction":[{"@type":"SearchAction","target":{"@type":"EntryPoint","urlTemplate":"https:\/\/staegerag.ch\/baobabcollection\/?s={search_term_string}"},"query-input":{"@type":"PropertyValueSpecification","valueRequired":true,"valueName":"search_term_string"}}],"inLanguage":"de"},{"@type":"Organization","@id":"https:\/\/staegerag.ch\/baobabcollection\/#organization","name":"STAEGER AG Thalwil","url":"https:\/\/staegerag.ch\/baobabcollection\/","logo":{"@type":"ImageObject","inLanguage":"de","@id":"https:\/\/staegerag.ch\/baobabcollection\/#\/schema\/logo\/image\/","url":"https:\/\/staegerag.ch\/baobabcollection\/wp-content\/uploads\/sites\/3\/2025\/10\/staegerag-logo-300px-1.png","contentUrl":"https:\/\/staegerag.ch\/baobabcollection\/wp-content\/uploads\/sites\/3\/2025\/10\/staegerag-logo-300px-1.png","width":1068,"height":300,"caption":"STAEGER AG Thalwil"},"image":{"@id":"https:\/\/staegerag.ch\/baobabcollection\/#\/schema\/logo\/image\/"},"sameAs":["https:\/\/facebook.com\/staegerag"]}]},"product_brand":"Baobab","og_availability":"instock","product_availability":"instock","product_condition":"new"},"jetpack_sharing_enabled":true,"_links":{"self":[{"href":"https:\/\/staegerag.ch\/baobabcollection\/wp-json\/wp\/v2\/product\/366","targetHints":{"allow":["GET"]}}],"collection":[{"href":"https:\/\/staegerag.ch\/baobabcollection\/wp-json\/wp\/v2\/product"}],"about":[{"href":"https:\/\/staegerag.ch\/baobabcollection\/wp-json\/wp\/v2\/types\/product"}],"version-history":[{"count":4,"href":"https:\/\/staegerag.ch\/baobabcollection\/wp-json\/wp\/v2\/product\/366\/revisions"}],"predecessor-version":[{"id":8335,"href":"https:\/\/staegerag.ch\/baobabcollection\/wp-json\/wp\/v2\/product\/366\/revisions\/8335"}],"wp:featuredmedia":[{"embeddable":true,"href":"https:\/\/staegerag.ch\/baobabcollection\/wp-json\/wp\/v2\/media\/367"}],"wp:attachment":[{"href":"https:\/\/staegerag.ch\/baobabcollection\/wp-json\/wp\/v2\/media?parent=366"}],"wp:term":[{"taxonomy":"product_brand","embeddable":true,"href":"https:\/\/staegerag.ch\/baobabcollection\/wp-json\/wp\/v2\/product_brand?post=366"},{"taxonomy":"product_cat","embeddable":true,"href":"https:\/\/staegerag.ch\/baobabcollection\/wp-json\/wp\/v2\/product_cat?post=366"},{"taxonomy":"product_tag","embeddable":true,"href":"https:\/\/staegerag.ch\/baobabcollection\/wp-json\/wp\/v2\/product_tag?post=366"}],"curies":[{"name":"wp","href":"https:\/\/api.w.org\/{rel}","templated":true}]}}