{"id":7842,"date":"2025-12-06T11:53:53","date_gmt":"2025-12-06T10:53:53","guid":{"rendered":"https:\/\/staegerag.ch\/baobabcollection\/?post_type=product&#038;p=7842"},"modified":"2025-12-29T16:46:09","modified_gmt":"2025-12-29T15:46:09","slug":"lotion-fuer-koerper-und-haende-manhattan","status":"publish","type":"product","link":"https:\/\/staegerag.ch\/baobabcollection\/produkt\/lotion-fuer-koerper-und-haende-manhattan\/","title":{"rendered":"LOTION MANHATTAN 350ML"},"content":{"rendered":"\n<p>Die duftende Hand- und K\u00f6rperlotion Manhattan ist ein wundersch\u00f6ner dekorativer Gegenstand f\u00fcr Ihr Badezimmer. Der Glasflakon ist mit einem Siebdruck der Metallarchitektur des Chrysler Building in Platin und Marineblau verziert. Die leicht gef\u00e4rbte Textur ist durch das dekorierte Glas zu erkennen. Die leichte, nicht fettige Konsistenz f\u00fchlt sich wie eine zweite Haut an und hinterl\u00e4sst einen aromatischen, feuchtigkeitsspendenden Effekt.<\/p>\n","protected":false},"excerpt":{"rendered":"<p><strong>F\u00fcr K\u00f6rper und H\u00e4nde.<\/strong><br \/>Die duftende Hand- und K\u00f6rperlotion Manhattan ist ein wundersch\u00f6ner dekorativer Gegenstand f\u00fcr Ihr Badezimmer. Der Glasflakon ist mit einem Siebdruck der Metallarchitektur des Chrysler Building in Platin und Marineblau verziert. Die leicht gef\u00e4rbte Textur ist durch das dekorierte Glas zu erkennen. Die leichte, nicht fettige Konsistenz f\u00fchlt sich wie eine zweite Haut an und hinterl\u00e4sst einen aromatischen, feuchtigkeitsspendenden Effekt.<\/p>\n","protected":false},"featured_media":7843,"template":"","meta":[],"product_brand":[19],"product_cat":[157,149],"product_tag":[150,144,151],"class_list":{"0":"post-7842","1":"product","2":"type-product","3":"status-publish","4":"has-post-thumbnail","6":"product_brand-baobab","7":"product_cat-lotion","8":"product_cat-wellness-body","9":"product_tag-lavendel","10":"product_tag-papyrus","11":"product_tag-zypresse","13":"first","14":"instock","15":"taxable","16":"shipping-taxable","17":"purchasable","18":"product-type-simple"},"yoast_head":"<!-- This site is optimized with the Yoast SEO Premium plugin v27.4 (Yoast SEO v27.4) - https:\/\/yoast.com\/product\/yoast-seo-premium-wordpress\/ -->\n<title>LOTION MANHATTAN 350ML - Baobab Collection - Luxuriose Duftkerzen<\/title>\n<meta name=\"robots\" content=\"index, follow, max-snippet:-1, max-image-preview:large, max-video-preview:-1\" \/>\n<link rel=\"canonical\" href=\"https:\/\/staegerag.ch\/baobabcollection\/produkt\/lotion-fuer-koerper-und-haende-manhattan\/\" \/>\n<meta property=\"og:locale\" content=\"de_DE\" \/>\n<meta property=\"og:type\" content=\"article\" \/>\n<meta property=\"og:title\" content=\"LOTION MANHATTAN 350ML\" \/>\n<meta property=\"og:description\" content=\"F\u00fcr K\u00f6rper und H\u00e4nde.Die duftende Hand- und K\u00f6rperlotion Manhattan ist ein wundersch\u00f6ner dekorativer Gegenstand f\u00fcr Ihr Badezimmer. Der Glasflakon ist mit einem Siebdruck der Metallarchitektur des Chrysler Building in Platin und Marineblau verziert. Die leicht gef\u00e4rbte Textur ist durch das dekorierte Glas zu erkennen. Die leichte, nicht fettige Konsistenz f\u00fchlt sich wie eine zweite Haut an und hinterl\u00e4sst einen aromatischen, feuchtigkeitsspendenden Effekt.\" \/>\n<meta property=\"og:url\" content=\"https:\/\/staegerag.ch\/baobabcollection\/produkt\/lotion-fuer-koerper-und-haende-manhattan\/\" \/>\n<meta property=\"og:site_name\" content=\"Baobab Collection - Luxuriose Duftkerzen\" \/>\n<meta property=\"article:publisher\" content=\"https:\/\/facebook.com\/staegerag\" \/>\n<meta property=\"article:modified_time\" content=\"2025-12-29T15:46:09+00:00\" \/>\n<meta property=\"og:image\" content=\"https:\/\/staegerag.ch\/baobabcollection\/wp-content\/uploads\/sites\/3\/2025\/12\/lotion_manhattan_03.webp\" \/>\n\t<meta property=\"og:image:width\" content=\"1100\" \/>\n\t<meta property=\"og:image:height\" content=\"1467\" \/>\n\t<meta property=\"og:image:type\" content=\"image\/webp\" \/>\n<meta name=\"twitter:card\" content=\"summary_large_image\" \/>\n<meta name=\"twitter:label1\" content=\"Preis\" \/>\n\t<meta name=\"twitter:data1\" content=\"&#067;&#072;&#070;&nbsp;75.00\" \/>\n\t<meta name=\"twitter:label2\" content=\"Verf\u00fcgbarkeit\" \/>\n\t<meta name=\"twitter:data2\" content=\"Auf Lager\" \/>\n<script type=\"application\/ld+json\" class=\"yoast-schema-graph\">{\"@context\":\"https:\\\/\\\/schema.org\",\"@graph\":[{\"@type\":\"WebPage\",\"@id\":\"https:\\\/\\\/staegerag.ch\\\/baobabcollection\\\/produkt\\\/lotion-fuer-koerper-und-haende-manhattan\\\/\",\"url\":\"https:\\\/\\\/staegerag.ch\\\/baobabcollection\\\/produkt\\\/lotion-fuer-koerper-und-haende-manhattan\\\/\",\"name\":\"LOTION MANHATTAN 350ML - Baobab Collection - Luxuriose Duftkerzen\",\"isPartOf\":{\"@id\":\"https:\\\/\\\/staegerag.ch\\\/baobabcollection\\\/#website\"},\"primaryImageOfPage\":{\"@id\":\"https:\\\/\\\/staegerag.ch\\\/baobabcollection\\\/produkt\\\/lotion-fuer-koerper-und-haende-manhattan\\\/#primaryimage\"},\"image\":{\"@id\":\"https:\\\/\\\/staegerag.ch\\\/baobabcollection\\\/produkt\\\/lotion-fuer-koerper-und-haende-manhattan\\\/#primaryimage\"},\"thumbnailUrl\":\"https:\\\/\\\/staegerag.ch\\\/baobabcollection\\\/wp-content\\\/uploads\\\/sites\\\/3\\\/2025\\\/12\\\/lotion_manhattan_03.webp\",\"datePublished\":\"2025-12-06T10:53:53+00:00\",\"dateModified\":\"2025-12-29T15:46:09+00:00\",\"breadcrumb\":{\"@id\":\"https:\\\/\\\/staegerag.ch\\\/baobabcollection\\\/produkt\\\/lotion-fuer-koerper-und-haende-manhattan\\\/#breadcrumb\"},\"inLanguage\":\"de\",\"potentialAction\":[{\"@type\":\"ReadAction\",\"target\":[\"https:\\\/\\\/staegerag.ch\\\/baobabcollection\\\/produkt\\\/lotion-fuer-koerper-und-haende-manhattan\\\/\"]}]},{\"@type\":\"ImageObject\",\"inLanguage\":\"de\",\"@id\":\"https:\\\/\\\/staegerag.ch\\\/baobabcollection\\\/produkt\\\/lotion-fuer-koerper-und-haende-manhattan\\\/#primaryimage\",\"url\":\"https:\\\/\\\/staegerag.ch\\\/baobabcollection\\\/wp-content\\\/uploads\\\/sites\\\/3\\\/2025\\\/12\\\/lotion_manhattan_03.webp\",\"contentUrl\":\"https:\\\/\\\/staegerag.ch\\\/baobabcollection\\\/wp-content\\\/uploads\\\/sites\\\/3\\\/2025\\\/12\\\/lotion_manhattan_03.webp\",\"width\":1100,\"height\":1467},{\"@type\":\"BreadcrumbList\",\"@id\":\"https:\\\/\\\/staegerag.ch\\\/baobabcollection\\\/produkt\\\/lotion-fuer-koerper-und-haende-manhattan\\\/#breadcrumb\",\"itemListElement\":[{\"@type\":\"ListItem\",\"position\":1,\"name\":\"Startseite\",\"item\":\"https:\\\/\\\/staegerag.ch\\\/baobabcollection\\\/\"},{\"@type\":\"ListItem\",\"position\":2,\"name\":\"Produkte\",\"item\":\"https:\\\/\\\/staegerag.ch\\\/baobabcollection\\\/shop__trashed\\\/\"},{\"@type\":\"ListItem\",\"position\":3,\"name\":\"LOTION MANHATTAN 350ML\"}]},{\"@type\":\"WebSite\",\"@id\":\"https:\\\/\\\/staegerag.ch\\\/baobabcollection\\\/#website\",\"url\":\"https:\\\/\\\/staegerag.ch\\\/baobabcollection\\\/\",\"name\":\"Baobab Collection - Luxuriose Duftkerzen\",\"description\":\"\",\"publisher\":{\"@id\":\"https:\\\/\\\/staegerag.ch\\\/baobabcollection\\\/#organization\"},\"potentialAction\":[{\"@type\":\"SearchAction\",\"target\":{\"@type\":\"EntryPoint\",\"urlTemplate\":\"https:\\\/\\\/staegerag.ch\\\/baobabcollection\\\/?s={search_term_string}\"},\"query-input\":{\"@type\":\"PropertyValueSpecification\",\"valueRequired\":true,\"valueName\":\"search_term_string\"}}],\"inLanguage\":\"de\"},{\"@type\":\"Organization\",\"@id\":\"https:\\\/\\\/staegerag.ch\\\/baobabcollection\\\/#organization\",\"name\":\"STAEGER AG Thalwil\",\"url\":\"https:\\\/\\\/staegerag.ch\\\/baobabcollection\\\/\",\"logo\":{\"@type\":\"ImageObject\",\"inLanguage\":\"de\",\"@id\":\"https:\\\/\\\/staegerag.ch\\\/baobabcollection\\\/#\\\/schema\\\/logo\\\/image\\\/\",\"url\":\"https:\\\/\\\/staegerag.ch\\\/baobabcollection\\\/wp-content\\\/uploads\\\/sites\\\/3\\\/2025\\\/10\\\/staegerag-logo-300px-1.png\",\"contentUrl\":\"https:\\\/\\\/staegerag.ch\\\/baobabcollection\\\/wp-content\\\/uploads\\\/sites\\\/3\\\/2025\\\/10\\\/staegerag-logo-300px-1.png\",\"width\":1068,\"height\":300,\"caption\":\"STAEGER AG Thalwil\"},\"image\":{\"@id\":\"https:\\\/\\\/staegerag.ch\\\/baobabcollection\\\/#\\\/schema\\\/logo\\\/image\\\/\"},\"sameAs\":[\"https:\\\/\\\/facebook.com\\\/staegerag\"]}]}<\/script>\n<meta property=\"product:brand\" content=\"Baobab\" \/>\n<meta property=\"product:price:amount\" content=\"75.00\" \/>\n<meta property=\"product:price:currency\" content=\"CHF\" \/>\n<meta property=\"og:availability\" content=\"instock\" \/>\n<meta property=\"product:availability\" content=\"instock\" \/>\n<meta property=\"product:retailer_item_id\" content=\"9727\" \/>\n<meta property=\"product:condition\" content=\"new\" \/>\n<!-- \/ Yoast SEO Premium plugin. -->","yoast_head_json":{"title":"LOTION MANHATTAN 350ML - Baobab Collection - Luxuriose Duftkerzen","robots":{"index":"index","follow":"follow","max-snippet":"max-snippet:-1","max-image-preview":"max-image-preview:large","max-video-preview":"max-video-preview:-1"},"canonical":"https:\/\/staegerag.ch\/baobabcollection\/produkt\/lotion-fuer-koerper-und-haende-manhattan\/","og_locale":"de_DE","og_type":"article","og_title":"LOTION MANHATTAN 350ML","og_description":"F\u00fcr K\u00f6rper und H\u00e4nde.Die duftende Hand- und K\u00f6rperlotion Manhattan ist ein wundersch\u00f6ner dekorativer Gegenstand f\u00fcr Ihr Badezimmer. Der Glasflakon ist mit einem Siebdruck der Metallarchitektur des Chrysler Building in Platin und Marineblau verziert. Die leicht gef\u00e4rbte Textur ist durch das dekorierte Glas zu erkennen. Die leichte, nicht fettige Konsistenz f\u00fchlt sich wie eine zweite Haut an und hinterl\u00e4sst einen aromatischen, feuchtigkeitsspendenden Effekt.","og_url":"https:\/\/staegerag.ch\/baobabcollection\/produkt\/lotion-fuer-koerper-und-haende-manhattan\/","og_site_name":"Baobab Collection - Luxuriose Duftkerzen","article_publisher":"https:\/\/facebook.com\/staegerag","article_modified_time":"2025-12-29T15:46:09+00:00","og_image":[{"width":1100,"height":1467,"url":"https:\/\/staegerag.ch\/baobabcollection\/wp-content\/uploads\/sites\/3\/2025\/12\/lotion_manhattan_03.webp","type":"image\/webp"}],"twitter_card":"summary_large_image","twitter_misc":{"Preis":"&#67;&#72;&#70;&nbsp;75.00","Verf\u00fcgbarkeit":"Auf Lager"},"schema":{"@context":"https:\/\/schema.org","@graph":[{"@type":"WebPage","@id":"https:\/\/staegerag.ch\/baobabcollection\/produkt\/lotion-fuer-koerper-und-haende-manhattan\/","url":"https:\/\/staegerag.ch\/baobabcollection\/produkt\/lotion-fuer-koerper-und-haende-manhattan\/","name":"LOTION MANHATTAN 350ML - Baobab Collection - Luxuriose Duftkerzen","isPartOf":{"@id":"https:\/\/staegerag.ch\/baobabcollection\/#website"},"primaryImageOfPage":{"@id":"https:\/\/staegerag.ch\/baobabcollection\/produkt\/lotion-fuer-koerper-und-haende-manhattan\/#primaryimage"},"image":{"@id":"https:\/\/staegerag.ch\/baobabcollection\/produkt\/lotion-fuer-koerper-und-haende-manhattan\/#primaryimage"},"thumbnailUrl":"https:\/\/staegerag.ch\/baobabcollection\/wp-content\/uploads\/sites\/3\/2025\/12\/lotion_manhattan_03.webp","datePublished":"2025-12-06T10:53:53+00:00","dateModified":"2025-12-29T15:46:09+00:00","breadcrumb":{"@id":"https:\/\/staegerag.ch\/baobabcollection\/produkt\/lotion-fuer-koerper-und-haende-manhattan\/#breadcrumb"},"inLanguage":"de","potentialAction":[{"@type":"ReadAction","target":["https:\/\/staegerag.ch\/baobabcollection\/produkt\/lotion-fuer-koerper-und-haende-manhattan\/"]}]},{"@type":"ImageObject","inLanguage":"de","@id":"https:\/\/staegerag.ch\/baobabcollection\/produkt\/lotion-fuer-koerper-und-haende-manhattan\/#primaryimage","url":"https:\/\/staegerag.ch\/baobabcollection\/wp-content\/uploads\/sites\/3\/2025\/12\/lotion_manhattan_03.webp","contentUrl":"https:\/\/staegerag.ch\/baobabcollection\/wp-content\/uploads\/sites\/3\/2025\/12\/lotion_manhattan_03.webp","width":1100,"height":1467},{"@type":"BreadcrumbList","@id":"https:\/\/staegerag.ch\/baobabcollection\/produkt\/lotion-fuer-koerper-und-haende-manhattan\/#breadcrumb","itemListElement":[{"@type":"ListItem","position":1,"name":"Startseite","item":"https:\/\/staegerag.ch\/baobabcollection\/"},{"@type":"ListItem","position":2,"name":"Produkte","item":"https:\/\/staegerag.ch\/baobabcollection\/shop__trashed\/"},{"@type":"ListItem","position":3,"name":"LOTION MANHATTAN 350ML"}]},{"@type":"WebSite","@id":"https:\/\/staegerag.ch\/baobabcollection\/#website","url":"https:\/\/staegerag.ch\/baobabcollection\/","name":"Baobab Collection - Luxuriose Duftkerzen","description":"","publisher":{"@id":"https:\/\/staegerag.ch\/baobabcollection\/#organization"},"potentialAction":[{"@type":"SearchAction","target":{"@type":"EntryPoint","urlTemplate":"https:\/\/staegerag.ch\/baobabcollection\/?s={search_term_string}"},"query-input":{"@type":"PropertyValueSpecification","valueRequired":true,"valueName":"search_term_string"}}],"inLanguage":"de"},{"@type":"Organization","@id":"https:\/\/staegerag.ch\/baobabcollection\/#organization","name":"STAEGER AG Thalwil","url":"https:\/\/staegerag.ch\/baobabcollection\/","logo":{"@type":"ImageObject","inLanguage":"de","@id":"https:\/\/staegerag.ch\/baobabcollection\/#\/schema\/logo\/image\/","url":"https:\/\/staegerag.ch\/baobabcollection\/wp-content\/uploads\/sites\/3\/2025\/10\/staegerag-logo-300px-1.png","contentUrl":"https:\/\/staegerag.ch\/baobabcollection\/wp-content\/uploads\/sites\/3\/2025\/10\/staegerag-logo-300px-1.png","width":1068,"height":300,"caption":"STAEGER AG Thalwil"},"image":{"@id":"https:\/\/staegerag.ch\/baobabcollection\/#\/schema\/logo\/image\/"},"sameAs":["https:\/\/facebook.com\/staegerag"]}]},"product_brand":"Baobab","product_price_amount":"75.00","product_price_currency":"CHF","og_availability":"instock","product_availability":"instock","product_retailer_item_id":"9727","product_condition":"new"},"jetpack_sharing_enabled":true,"_links":{"self":[{"href":"https:\/\/staegerag.ch\/baobabcollection\/wp-json\/wp\/v2\/product\/7842","targetHints":{"allow":["GET"]}}],"collection":[{"href":"https:\/\/staegerag.ch\/baobabcollection\/wp-json\/wp\/v2\/product"}],"about":[{"href":"https:\/\/staegerag.ch\/baobabcollection\/wp-json\/wp\/v2\/types\/product"}],"version-history":[{"count":4,"href":"https:\/\/staegerag.ch\/baobabcollection\/wp-json\/wp\/v2\/product\/7842\/revisions"}],"predecessor-version":[{"id":8045,"href":"https:\/\/staegerag.ch\/baobabcollection\/wp-json\/wp\/v2\/product\/7842\/revisions\/8045"}],"wp:featuredmedia":[{"embeddable":true,"href":"https:\/\/staegerag.ch\/baobabcollection\/wp-json\/wp\/v2\/media\/7843"}],"wp:attachment":[{"href":"https:\/\/staegerag.ch\/baobabcollection\/wp-json\/wp\/v2\/media?parent=7842"}],"wp:term":[{"taxonomy":"product_brand","embeddable":true,"href":"https:\/\/staegerag.ch\/baobabcollection\/wp-json\/wp\/v2\/product_brand?post=7842"},{"taxonomy":"product_cat","embeddable":true,"href":"https:\/\/staegerag.ch\/baobabcollection\/wp-json\/wp\/v2\/product_cat?post=7842"},{"taxonomy":"product_tag","embeddable":true,"href":"https:\/\/staegerag.ch\/baobabcollection\/wp-json\/wp\/v2\/product_tag?post=7842"}],"curies":[{"name":"wp","href":"https:\/\/api.w.org\/{rel}","templated":true}]}}