{"id":8122,"date":"2025-12-06T15:56:18","date_gmt":"2025-12-06T14:56:18","guid":{"rendered":"https:\/\/staegerag.ch\/baobabcollection\/?post_type=product&#038;p=8122"},"modified":"2025-12-29T16:38:45","modified_gmt":"2025-12-29T15:38:45","slug":"handcreme-saint-tropez-50ml-copy-copy","status":"publish","type":"product","link":"https:\/\/staegerag.ch\/baobabcollection\/produkt\/handcreme-saint-tropez-50ml-copy-copy\/","title":{"rendered":"HANDCREME PARIS 50ML"},"content":{"rendered":"\n<p>Die duftende Paris Handcreme befindet sich in einer 50-ml-Tube, die mit dem stilisierten Eiffelturm-Design dekoriert ist \u2013 die perfekte Erg\u00e4nzung unserer K\u00f6rperpflegekollektion. Die Textur der feuchtigkeitsspendenden Creme ist sanft und leicht. Sie hinterl\u00e4sst kein klebriges Gef\u00fchl auf den H\u00e4nden. Ein kleiner Pumpsto\u00df ist ausreichend. Der Pumpmechanismus garantiert die Nutzung der richtigen Menge und beugt Auslaufen in einer Tasche oder einem Kosmetikbeutel vor. Der blumige Duft hinterl\u00e4sst eine sanfte Spur auf den H\u00e4nden sowie ein sanftes, feuchtigkeitsspendendes, angenehmes Hautgef\u00fchl.<\/p>\n\n\n\n<p><\/p>\n","protected":false},"excerpt":{"rendered":"<p>Die duftende Paris Handcreme befindet sich in einer 50-ml-Tube, die mit dem stilisierten Eiffelturm-Design dekoriert ist \u2013 die perfekte Erg\u00e4nzung unserer K\u00f6rperpflegekollektion. Die Textur der feuchtigkeitsspendenden Creme ist sanft und leicht. Sie hinterl\u00e4sst kein klebriges Gef\u00fchl auf den H\u00e4nden. Ein kleiner Pumpsto\u00df ist ausreichend. Der Pumpmechanismus garantiert die Nutzung der richtigen Menge und beugt Auslaufen in einer Tasche oder einem Kosmetikbeutel vor. Der blumige Duft hinterl\u00e4sst eine sanfte Spur auf den H\u00e4nden sowie ein sanftes, feuchtigkeitsspendendes, angenehmes Hautgef\u00fchl.<\/p>\n","protected":false},"featured_media":8123,"template":"","meta":[],"product_brand":[19],"product_cat":[160,149],"product_tag":[164,166,165],"class_list":{"0":"post-8122","1":"product","2":"type-product","3":"status-publish","4":"has-post-thumbnail","6":"product_brand-baobab","7":"product_cat-handcreme","8":"product_cat-wellness-body","9":"product_tag-glyznie","10":"product_tag-linde","11":"product_tag-mimose","13":"first","14":"onbackorder","15":"taxable","16":"shipping-taxable","17":"purchasable","18":"product-type-simple"},"yoast_head":"<!-- This site is optimized with the Yoast SEO Premium plugin v27.4 (Yoast SEO v27.4) - https:\/\/yoast.com\/product\/yoast-seo-premium-wordpress\/ -->\n<title>HANDCREME PARIS 50ML - Baobab Collection - Luxuriose Duftkerzen<\/title>\n<meta name=\"robots\" content=\"index, follow, max-snippet:-1, max-image-preview:large, max-video-preview:-1\" \/>\n<link rel=\"canonical\" href=\"https:\/\/staegerag.ch\/baobabcollection\/produkt\/handcreme-saint-tropez-50ml-copy-copy\/\" \/>\n<meta property=\"og:locale\" content=\"de_DE\" \/>\n<meta property=\"og:type\" content=\"article\" \/>\n<meta property=\"og:title\" content=\"HANDCREME PARIS 50ML\" \/>\n<meta property=\"og:description\" content=\"Die duftende Paris Handcreme befindet sich in einer 50-ml-Tube, die mit dem stilisierten Eiffelturm-Design dekoriert ist \u2013 die perfekte Erg\u00e4nzung unserer K\u00f6rperpflegekollektion. Die Textur der feuchtigkeitsspendenden Creme ist sanft und leicht. Sie hinterl\u00e4sst kein klebriges Gef\u00fchl auf den H\u00e4nden. Ein kleiner Pumpsto\u00df ist ausreichend. Der Pumpmechanismus garantiert die Nutzung der richtigen Menge und beugt Auslaufen in einer Tasche oder einem Kosmetikbeutel vor. Der blumige Duft hinterl\u00e4sst eine sanfte Spur auf den H\u00e4nden sowie ein sanftes, feuchtigkeitsspendendes, angenehmes Hautgef\u00fchl.\" \/>\n<meta property=\"og:url\" content=\"https:\/\/staegerag.ch\/baobabcollection\/produkt\/handcreme-saint-tropez-50ml-copy-copy\/\" \/>\n<meta property=\"og:site_name\" content=\"Baobab Collection - Luxuriose Duftkerzen\" \/>\n<meta property=\"article:publisher\" content=\"https:\/\/facebook.com\/staegerag\" \/>\n<meta property=\"article:modified_time\" content=\"2025-12-29T15:38:45+00:00\" \/>\n<meta property=\"og:image\" content=\"https:\/\/staegerag.ch\/baobabcollection\/wp-content\/uploads\/sites\/3\/2025\/12\/handcreme_paris_03.webp\" \/>\n\t<meta property=\"og:image:width\" content=\"1100\" \/>\n\t<meta property=\"og:image:height\" content=\"1467\" \/>\n\t<meta property=\"og:image:type\" content=\"image\/webp\" \/>\n<meta name=\"twitter:card\" content=\"summary_large_image\" \/>\n<meta name=\"twitter:label1\" content=\"Preis\" \/>\n\t<meta name=\"twitter:data1\" content=\"&#067;&#072;&#070;&nbsp;35.00\" \/>\n\t<meta name=\"twitter:label2\" content=\"Verf\u00fcgbarkeit\" \/>\n\t<meta name=\"twitter:data2\" content=\"bei Nachbestellung\" \/>\n<script type=\"application\/ld+json\" class=\"yoast-schema-graph\">{\"@context\":\"https:\\\/\\\/schema.org\",\"@graph\":[{\"@type\":\"WebPage\",\"@id\":\"https:\\\/\\\/staegerag.ch\\\/baobabcollection\\\/produkt\\\/handcreme-saint-tropez-50ml-copy-copy\\\/\",\"url\":\"https:\\\/\\\/staegerag.ch\\\/baobabcollection\\\/produkt\\\/handcreme-saint-tropez-50ml-copy-copy\\\/\",\"name\":\"HANDCREME PARIS 50ML - Baobab Collection - Luxuriose Duftkerzen\",\"isPartOf\":{\"@id\":\"https:\\\/\\\/staegerag.ch\\\/baobabcollection\\\/#website\"},\"primaryImageOfPage\":{\"@id\":\"https:\\\/\\\/staegerag.ch\\\/baobabcollection\\\/produkt\\\/handcreme-saint-tropez-50ml-copy-copy\\\/#primaryimage\"},\"image\":{\"@id\":\"https:\\\/\\\/staegerag.ch\\\/baobabcollection\\\/produkt\\\/handcreme-saint-tropez-50ml-copy-copy\\\/#primaryimage\"},\"thumbnailUrl\":\"https:\\\/\\\/staegerag.ch\\\/baobabcollection\\\/wp-content\\\/uploads\\\/sites\\\/3\\\/2025\\\/12\\\/handcreme_paris_03.webp\",\"datePublished\":\"2025-12-06T14:56:18+00:00\",\"dateModified\":\"2025-12-29T15:38:45+00:00\",\"breadcrumb\":{\"@id\":\"https:\\\/\\\/staegerag.ch\\\/baobabcollection\\\/produkt\\\/handcreme-saint-tropez-50ml-copy-copy\\\/#breadcrumb\"},\"inLanguage\":\"de\",\"potentialAction\":[{\"@type\":\"ReadAction\",\"target\":[\"https:\\\/\\\/staegerag.ch\\\/baobabcollection\\\/produkt\\\/handcreme-saint-tropez-50ml-copy-copy\\\/\"]}]},{\"@type\":\"ImageObject\",\"inLanguage\":\"de\",\"@id\":\"https:\\\/\\\/staegerag.ch\\\/baobabcollection\\\/produkt\\\/handcreme-saint-tropez-50ml-copy-copy\\\/#primaryimage\",\"url\":\"https:\\\/\\\/staegerag.ch\\\/baobabcollection\\\/wp-content\\\/uploads\\\/sites\\\/3\\\/2025\\\/12\\\/handcreme_paris_03.webp\",\"contentUrl\":\"https:\\\/\\\/staegerag.ch\\\/baobabcollection\\\/wp-content\\\/uploads\\\/sites\\\/3\\\/2025\\\/12\\\/handcreme_paris_03.webp\",\"width\":1100,\"height\":1467},{\"@type\":\"BreadcrumbList\",\"@id\":\"https:\\\/\\\/staegerag.ch\\\/baobabcollection\\\/produkt\\\/handcreme-saint-tropez-50ml-copy-copy\\\/#breadcrumb\",\"itemListElement\":[{\"@type\":\"ListItem\",\"position\":1,\"name\":\"Startseite\",\"item\":\"https:\\\/\\\/staegerag.ch\\\/baobabcollection\\\/\"},{\"@type\":\"ListItem\",\"position\":2,\"name\":\"Produkte\",\"item\":\"https:\\\/\\\/staegerag.ch\\\/baobabcollection\\\/shop__trashed\\\/\"},{\"@type\":\"ListItem\",\"position\":3,\"name\":\"HANDCREME PARIS 50ML\"}]},{\"@type\":\"WebSite\",\"@id\":\"https:\\\/\\\/staegerag.ch\\\/baobabcollection\\\/#website\",\"url\":\"https:\\\/\\\/staegerag.ch\\\/baobabcollection\\\/\",\"name\":\"Baobab Collection - Luxuriose Duftkerzen\",\"description\":\"\",\"publisher\":{\"@id\":\"https:\\\/\\\/staegerag.ch\\\/baobabcollection\\\/#organization\"},\"potentialAction\":[{\"@type\":\"SearchAction\",\"target\":{\"@type\":\"EntryPoint\",\"urlTemplate\":\"https:\\\/\\\/staegerag.ch\\\/baobabcollection\\\/?s={search_term_string}\"},\"query-input\":{\"@type\":\"PropertyValueSpecification\",\"valueRequired\":true,\"valueName\":\"search_term_string\"}}],\"inLanguage\":\"de\"},{\"@type\":\"Organization\",\"@id\":\"https:\\\/\\\/staegerag.ch\\\/baobabcollection\\\/#organization\",\"name\":\"STAEGER AG Thalwil\",\"url\":\"https:\\\/\\\/staegerag.ch\\\/baobabcollection\\\/\",\"logo\":{\"@type\":\"ImageObject\",\"inLanguage\":\"de\",\"@id\":\"https:\\\/\\\/staegerag.ch\\\/baobabcollection\\\/#\\\/schema\\\/logo\\\/image\\\/\",\"url\":\"https:\\\/\\\/staegerag.ch\\\/baobabcollection\\\/wp-content\\\/uploads\\\/sites\\\/3\\\/2025\\\/10\\\/staegerag-logo-300px-1.png\",\"contentUrl\":\"https:\\\/\\\/staegerag.ch\\\/baobabcollection\\\/wp-content\\\/uploads\\\/sites\\\/3\\\/2025\\\/10\\\/staegerag-logo-300px-1.png\",\"width\":1068,\"height\":300,\"caption\":\"STAEGER AG Thalwil\"},\"image\":{\"@id\":\"https:\\\/\\\/staegerag.ch\\\/baobabcollection\\\/#\\\/schema\\\/logo\\\/image\\\/\"},\"sameAs\":[\"https:\\\/\\\/facebook.com\\\/staegerag\"]}]}<\/script>\n<meta property=\"product:brand\" content=\"Baobab\" \/>\n<meta property=\"product:price:amount\" content=\"35.00\" \/>\n<meta property=\"product:price:currency\" content=\"CHF\" \/>\n<meta property=\"og:availability\" content=\"backorder\" \/>\n<meta property=\"product:availability\" content=\"available for order\" \/>\n<meta property=\"product:condition\" content=\"new\" \/>\n<!-- \/ Yoast SEO Premium plugin. -->","yoast_head_json":{"title":"HANDCREME PARIS 50ML - Baobab Collection - Luxuriose Duftkerzen","robots":{"index":"index","follow":"follow","max-snippet":"max-snippet:-1","max-image-preview":"max-image-preview:large","max-video-preview":"max-video-preview:-1"},"canonical":"https:\/\/staegerag.ch\/baobabcollection\/produkt\/handcreme-saint-tropez-50ml-copy-copy\/","og_locale":"de_DE","og_type":"article","og_title":"HANDCREME PARIS 50ML","og_description":"Die duftende Paris Handcreme befindet sich in einer 50-ml-Tube, die mit dem stilisierten Eiffelturm-Design dekoriert ist \u2013 die perfekte Erg\u00e4nzung unserer K\u00f6rperpflegekollektion. Die Textur der feuchtigkeitsspendenden Creme ist sanft und leicht. Sie hinterl\u00e4sst kein klebriges Gef\u00fchl auf den H\u00e4nden. Ein kleiner Pumpsto\u00df ist ausreichend. Der Pumpmechanismus garantiert die Nutzung der richtigen Menge und beugt Auslaufen in einer Tasche oder einem Kosmetikbeutel vor. Der blumige Duft hinterl\u00e4sst eine sanfte Spur auf den H\u00e4nden sowie ein sanftes, feuchtigkeitsspendendes, angenehmes Hautgef\u00fchl.","og_url":"https:\/\/staegerag.ch\/baobabcollection\/produkt\/handcreme-saint-tropez-50ml-copy-copy\/","og_site_name":"Baobab Collection - Luxuriose Duftkerzen","article_publisher":"https:\/\/facebook.com\/staegerag","article_modified_time":"2025-12-29T15:38:45+00:00","og_image":[{"width":1100,"height":1467,"url":"https:\/\/staegerag.ch\/baobabcollection\/wp-content\/uploads\/sites\/3\/2025\/12\/handcreme_paris_03.webp","type":"image\/webp"}],"twitter_card":"summary_large_image","twitter_misc":{"Preis":"&#67;&#72;&#70;&nbsp;35.00","Verf\u00fcgbarkeit":"bei Nachbestellung"},"schema":{"@context":"https:\/\/schema.org","@graph":[{"@type":"WebPage","@id":"https:\/\/staegerag.ch\/baobabcollection\/produkt\/handcreme-saint-tropez-50ml-copy-copy\/","url":"https:\/\/staegerag.ch\/baobabcollection\/produkt\/handcreme-saint-tropez-50ml-copy-copy\/","name":"HANDCREME PARIS 50ML - Baobab Collection - Luxuriose Duftkerzen","isPartOf":{"@id":"https:\/\/staegerag.ch\/baobabcollection\/#website"},"primaryImageOfPage":{"@id":"https:\/\/staegerag.ch\/baobabcollection\/produkt\/handcreme-saint-tropez-50ml-copy-copy\/#primaryimage"},"image":{"@id":"https:\/\/staegerag.ch\/baobabcollection\/produkt\/handcreme-saint-tropez-50ml-copy-copy\/#primaryimage"},"thumbnailUrl":"https:\/\/staegerag.ch\/baobabcollection\/wp-content\/uploads\/sites\/3\/2025\/12\/handcreme_paris_03.webp","datePublished":"2025-12-06T14:56:18+00:00","dateModified":"2025-12-29T15:38:45+00:00","breadcrumb":{"@id":"https:\/\/staegerag.ch\/baobabcollection\/produkt\/handcreme-saint-tropez-50ml-copy-copy\/#breadcrumb"},"inLanguage":"de","potentialAction":[{"@type":"ReadAction","target":["https:\/\/staegerag.ch\/baobabcollection\/produkt\/handcreme-saint-tropez-50ml-copy-copy\/"]}]},{"@type":"ImageObject","inLanguage":"de","@id":"https:\/\/staegerag.ch\/baobabcollection\/produkt\/handcreme-saint-tropez-50ml-copy-copy\/#primaryimage","url":"https:\/\/staegerag.ch\/baobabcollection\/wp-content\/uploads\/sites\/3\/2025\/12\/handcreme_paris_03.webp","contentUrl":"https:\/\/staegerag.ch\/baobabcollection\/wp-content\/uploads\/sites\/3\/2025\/12\/handcreme_paris_03.webp","width":1100,"height":1467},{"@type":"BreadcrumbList","@id":"https:\/\/staegerag.ch\/baobabcollection\/produkt\/handcreme-saint-tropez-50ml-copy-copy\/#breadcrumb","itemListElement":[{"@type":"ListItem","position":1,"name":"Startseite","item":"https:\/\/staegerag.ch\/baobabcollection\/"},{"@type":"ListItem","position":2,"name":"Produkte","item":"https:\/\/staegerag.ch\/baobabcollection\/shop__trashed\/"},{"@type":"ListItem","position":3,"name":"HANDCREME PARIS 50ML"}]},{"@type":"WebSite","@id":"https:\/\/staegerag.ch\/baobabcollection\/#website","url":"https:\/\/staegerag.ch\/baobabcollection\/","name":"Baobab Collection - Luxuriose Duftkerzen","description":"","publisher":{"@id":"https:\/\/staegerag.ch\/baobabcollection\/#organization"},"potentialAction":[{"@type":"SearchAction","target":{"@type":"EntryPoint","urlTemplate":"https:\/\/staegerag.ch\/baobabcollection\/?s={search_term_string}"},"query-input":{"@type":"PropertyValueSpecification","valueRequired":true,"valueName":"search_term_string"}}],"inLanguage":"de"},{"@type":"Organization","@id":"https:\/\/staegerag.ch\/baobabcollection\/#organization","name":"STAEGER AG Thalwil","url":"https:\/\/staegerag.ch\/baobabcollection\/","logo":{"@type":"ImageObject","inLanguage":"de","@id":"https:\/\/staegerag.ch\/baobabcollection\/#\/schema\/logo\/image\/","url":"https:\/\/staegerag.ch\/baobabcollection\/wp-content\/uploads\/sites\/3\/2025\/10\/staegerag-logo-300px-1.png","contentUrl":"https:\/\/staegerag.ch\/baobabcollection\/wp-content\/uploads\/sites\/3\/2025\/10\/staegerag-logo-300px-1.png","width":1068,"height":300,"caption":"STAEGER AG Thalwil"},"image":{"@id":"https:\/\/staegerag.ch\/baobabcollection\/#\/schema\/logo\/image\/"},"sameAs":["https:\/\/facebook.com\/staegerag"]}]},"product_brand":"Baobab","product_price_amount":"35.00","product_price_currency":"CHF","og_availability":"backorder","product_availability":"available for order","product_condition":"new"},"jetpack_sharing_enabled":true,"_links":{"self":[{"href":"https:\/\/staegerag.ch\/baobabcollection\/wp-json\/wp\/v2\/product\/8122","targetHints":{"allow":["GET"]}}],"collection":[{"href":"https:\/\/staegerag.ch\/baobabcollection\/wp-json\/wp\/v2\/product"}],"about":[{"href":"https:\/\/staegerag.ch\/baobabcollection\/wp-json\/wp\/v2\/types\/product"}],"version-history":[{"count":2,"href":"https:\/\/staegerag.ch\/baobabcollection\/wp-json\/wp\/v2\/product\/8122\/revisions"}],"predecessor-version":[{"id":8127,"href":"https:\/\/staegerag.ch\/baobabcollection\/wp-json\/wp\/v2\/product\/8122\/revisions\/8127"}],"wp:featuredmedia":[{"embeddable":true,"href":"https:\/\/staegerag.ch\/baobabcollection\/wp-json\/wp\/v2\/media\/8123"}],"wp:attachment":[{"href":"https:\/\/staegerag.ch\/baobabcollection\/wp-json\/wp\/v2\/media?parent=8122"}],"wp:term":[{"taxonomy":"product_brand","embeddable":true,"href":"https:\/\/staegerag.ch\/baobabcollection\/wp-json\/wp\/v2\/product_brand?post=8122"},{"taxonomy":"product_cat","embeddable":true,"href":"https:\/\/staegerag.ch\/baobabcollection\/wp-json\/wp\/v2\/product_cat?post=8122"},{"taxonomy":"product_tag","embeddable":true,"href":"https:\/\/staegerag.ch\/baobabcollection\/wp-json\/wp\/v2\/product_tag?post=8122"}],"curies":[{"name":"wp","href":"https:\/\/api.w.org\/{rel}","templated":true}]}}