{"id":8257,"date":"2025-12-27T11:48:20","date_gmt":"2025-12-27T10:48:20","guid":{"rendered":"https:\/\/staegerag.ch\/baobabcollection\/?post_type=product&#038;p=8257"},"modified":"2025-12-29T17:53:36","modified_gmt":"2025-12-29T16:53:36","slug":"duftkerze-heritage-fontenay","status":"publish","type":"product","link":"https:\/\/staegerag.ch\/baobabcollection\/produkt\/duftkerze-heritage-fontenay\/","title":{"rendered":"DUFTKERZE HERITAGE FONTENAY"},"content":{"rendered":"\n<p><a href=\"https:\/\/eu.baobabcollection.com\/de-ch\/products\/duftkerze-heritage-fontenay?_pos=1&amp;_psq=font&amp;_ss=e&amp;_v=1.0&amp;variant=51208939438408#\"><\/a><\/p>\n\n\n\n<p>Die Duftkerze Fontenay findet ihre Inspiration in der zisterziensischen Abtei mit demselben Namen, einem architektonischen Meisterwerk mitten im Burgund. Das Glas wird in unseren Werkst\u00e4tten mit der Hand graviert. Architektonische Linien pr\u00e4sentieren sich dezent auf dem Material und lassen die Flamme durchscheinen, die das Motiv zum Leben erwachen l\u00e4sst. Der Farbton des Glases passt perfekt zu dem holzigen Duft.<br><\/p>\n\n\n\n\n","protected":false},"excerpt":{"rendered":"<p>Die Duftkerze Fontenay findet ihre Inspiration in der zisterziensischen Abtei mit demselben Namen, einem architektonischen Meisterwerk mitten im Burgund. Das Glas wird in unseren Werkst\u00e4tten mit der Hand graviert. Architektonische Linien pr\u00e4sentieren sich dezent auf dem Material und lassen die Flamme durchscheinen, die das Motiv zum Leben erwachen l\u00e4sst. Der Farbton des Glases passt perfekt zu dem holzigen Duft.<\/p>\n","protected":false},"featured_media":8258,"template":"","meta":[],"product_brand":[19],"product_cat":[35,181],"product_tag":[65,71,176],"class_list":{"0":"post-8257","1":"product","2":"type-product","3":"status-publish","4":"has-post-thumbnail","6":"product_brand-baobab","7":"product_cat-duftkerzen","8":"product_cat-limited-editions","9":"product_tag-leder","10":"product_tag-weihrauch","11":"product_tag-zedernholz","13":"first","14":"instock","15":"taxable","16":"shipping-taxable","17":"purchasable","18":"product-type-variable"},"yoast_head":"<!-- This site is optimized with the Yoast SEO Premium plugin v27.4 (Yoast SEO v27.4) - https:\/\/yoast.com\/product\/yoast-seo-premium-wordpress\/ -->\n<title>DUFTKERZE HERITAGE FONTENAY - Baobab Collection - Luxuriose Duftkerzen<\/title>\n<meta name=\"description\" content=\"Die Duftkerze Fontenay findet ihre Inspiration in der zisterziensischen Abtei mit demselben Namen, einem architektonischen Meisterwerk mitten im Burgund. Das Glas wird in unseren Werkst\u00e4tten mit der Hand graviert. Architektonische Linien pr\u00e4sentieren sich dezent auf dem Material und lassen die Flamme durchscheinen, die das Motiv zum Leben erwachen l\u00e4sst. Der Farbton des Glases passt perfekt zu dem holzigen Duft.\" \/>\n<meta name=\"robots\" content=\"index, follow, max-snippet:-1, max-image-preview:large, max-video-preview:-1\" \/>\n<link rel=\"canonical\" href=\"https:\/\/staegerag.ch\/baobabcollection\/produkt\/duftkerze-heritage-fontenay\/\" \/>\n<meta property=\"og:locale\" content=\"de_DE\" \/>\n<meta property=\"og:type\" content=\"article\" \/>\n<meta property=\"og:title\" content=\"DUFTKERZE HERITAGE FONTENAY\" \/>\n<meta property=\"og:description\" content=\"Die Duftkerze Fontenay findet ihre Inspiration in der zisterziensischen Abtei mit demselben Namen, einem architektonischen Meisterwerk mitten im Burgund. Das Glas wird in unseren Werkst\u00e4tten mit der Hand graviert. Architektonische Linien pr\u00e4sentieren sich dezent auf dem Material und lassen die Flamme durchscheinen, die das Motiv zum Leben erwachen l\u00e4sst. Der Farbton des Glases passt perfekt zu dem holzigen Duft.\" \/>\n<meta property=\"og:url\" content=\"https:\/\/staegerag.ch\/baobabcollection\/produkt\/duftkerze-heritage-fontenay\/\" \/>\n<meta property=\"og:site_name\" content=\"Baobab Collection - Luxuriose Duftkerzen\" \/>\n<meta property=\"article:publisher\" content=\"https:\/\/facebook.com\/staegerag\" \/>\n<meta property=\"article:modified_time\" content=\"2025-12-29T16:53:36+00:00\" \/>\n<meta property=\"og:image\" content=\"https:\/\/staegerag.ch\/baobabcollection\/wp-content\/uploads\/sites\/3\/2025\/12\/Heritage_Fontenay-groupshot_1100x.webp\" \/>\n\t<meta property=\"og:image:width\" content=\"1100\" \/>\n\t<meta property=\"og:image:height\" content=\"1375\" \/>\n\t<meta property=\"og:image:type\" content=\"image\/webp\" \/>\n<meta name=\"twitter:card\" content=\"summary_large_image\" \/>\n<meta name=\"twitter:label1\" content=\"Verf\u00fcgbarkeit\" \/>\n\t<meta name=\"twitter:data1\" content=\"Auf Lager\" \/>\n<script type=\"application\/ld+json\" class=\"yoast-schema-graph\">{\"@context\":\"https:\\\/\\\/schema.org\",\"@graph\":[{\"@type\":\"WebPage\",\"@id\":\"https:\\\/\\\/staegerag.ch\\\/baobabcollection\\\/produkt\\\/duftkerze-heritage-fontenay\\\/\",\"url\":\"https:\\\/\\\/staegerag.ch\\\/baobabcollection\\\/produkt\\\/duftkerze-heritage-fontenay\\\/\",\"name\":\"DUFTKERZE HERITAGE FONTENAY - Baobab Collection - Luxuriose Duftkerzen\",\"isPartOf\":{\"@id\":\"https:\\\/\\\/staegerag.ch\\\/baobabcollection\\\/#website\"},\"primaryImageOfPage\":{\"@id\":\"https:\\\/\\\/staegerag.ch\\\/baobabcollection\\\/produkt\\\/duftkerze-heritage-fontenay\\\/#primaryimage\"},\"image\":{\"@id\":\"https:\\\/\\\/staegerag.ch\\\/baobabcollection\\\/produkt\\\/duftkerze-heritage-fontenay\\\/#primaryimage\"},\"thumbnailUrl\":\"https:\\\/\\\/staegerag.ch\\\/baobabcollection\\\/wp-content\\\/uploads\\\/sites\\\/3\\\/2025\\\/12\\\/Heritage_Fontenay-groupshot_1100x.webp\",\"datePublished\":\"2025-12-27T10:48:20+00:00\",\"dateModified\":\"2025-12-29T16:53:36+00:00\",\"description\":\"Die Duftkerze Fontenay findet ihre Inspiration in der zisterziensischen Abtei mit demselben Namen, einem architektonischen Meisterwerk mitten im Burgund. Das Glas wird in unseren Werkst\u00e4tten mit der Hand graviert. Architektonische Linien pr\u00e4sentieren sich dezent auf dem Material und lassen die Flamme durchscheinen, die das Motiv zum Leben erwachen l\u00e4sst. Der Farbton des Glases passt perfekt zu dem holzigen Duft.\",\"breadcrumb\":{\"@id\":\"https:\\\/\\\/staegerag.ch\\\/baobabcollection\\\/produkt\\\/duftkerze-heritage-fontenay\\\/#breadcrumb\"},\"inLanguage\":\"de\",\"potentialAction\":[{\"@type\":\"ReadAction\",\"target\":[\"https:\\\/\\\/staegerag.ch\\\/baobabcollection\\\/produkt\\\/duftkerze-heritage-fontenay\\\/\"]}]},{\"@type\":\"ImageObject\",\"inLanguage\":\"de\",\"@id\":\"https:\\\/\\\/staegerag.ch\\\/baobabcollection\\\/produkt\\\/duftkerze-heritage-fontenay\\\/#primaryimage\",\"url\":\"https:\\\/\\\/staegerag.ch\\\/baobabcollection\\\/wp-content\\\/uploads\\\/sites\\\/3\\\/2025\\\/12\\\/Heritage_Fontenay-groupshot_1100x.webp\",\"contentUrl\":\"https:\\\/\\\/staegerag.ch\\\/baobabcollection\\\/wp-content\\\/uploads\\\/sites\\\/3\\\/2025\\\/12\\\/Heritage_Fontenay-groupshot_1100x.webp\",\"width\":1100,\"height\":1375},{\"@type\":\"BreadcrumbList\",\"@id\":\"https:\\\/\\\/staegerag.ch\\\/baobabcollection\\\/produkt\\\/duftkerze-heritage-fontenay\\\/#breadcrumb\",\"itemListElement\":[{\"@type\":\"ListItem\",\"position\":1,\"name\":\"Startseite\",\"item\":\"https:\\\/\\\/staegerag.ch\\\/baobabcollection\\\/\"},{\"@type\":\"ListItem\",\"position\":2,\"name\":\"Produkte\",\"item\":\"https:\\\/\\\/staegerag.ch\\\/baobabcollection\\\/shop__trashed\\\/\"},{\"@type\":\"ListItem\",\"position\":3,\"name\":\"DUFTKERZE HERITAGE FONTENAY\"}]},{\"@type\":\"WebSite\",\"@id\":\"https:\\\/\\\/staegerag.ch\\\/baobabcollection\\\/#website\",\"url\":\"https:\\\/\\\/staegerag.ch\\\/baobabcollection\\\/\",\"name\":\"Baobab Collection - Luxuriose Duftkerzen\",\"description\":\"\",\"publisher\":{\"@id\":\"https:\\\/\\\/staegerag.ch\\\/baobabcollection\\\/#organization\"},\"potentialAction\":[{\"@type\":\"SearchAction\",\"target\":{\"@type\":\"EntryPoint\",\"urlTemplate\":\"https:\\\/\\\/staegerag.ch\\\/baobabcollection\\\/?s={search_term_string}\"},\"query-input\":{\"@type\":\"PropertyValueSpecification\",\"valueRequired\":true,\"valueName\":\"search_term_string\"}}],\"inLanguage\":\"de\"},{\"@type\":\"Organization\",\"@id\":\"https:\\\/\\\/staegerag.ch\\\/baobabcollection\\\/#organization\",\"name\":\"STAEGER AG Thalwil\",\"url\":\"https:\\\/\\\/staegerag.ch\\\/baobabcollection\\\/\",\"logo\":{\"@type\":\"ImageObject\",\"inLanguage\":\"de\",\"@id\":\"https:\\\/\\\/staegerag.ch\\\/baobabcollection\\\/#\\\/schema\\\/logo\\\/image\\\/\",\"url\":\"https:\\\/\\\/staegerag.ch\\\/baobabcollection\\\/wp-content\\\/uploads\\\/sites\\\/3\\\/2025\\\/10\\\/staegerag-logo-300px-1.png\",\"contentUrl\":\"https:\\\/\\\/staegerag.ch\\\/baobabcollection\\\/wp-content\\\/uploads\\\/sites\\\/3\\\/2025\\\/10\\\/staegerag-logo-300px-1.png\",\"width\":1068,\"height\":300,\"caption\":\"STAEGER AG Thalwil\"},\"image\":{\"@id\":\"https:\\\/\\\/staegerag.ch\\\/baobabcollection\\\/#\\\/schema\\\/logo\\\/image\\\/\"},\"sameAs\":[\"https:\\\/\\\/facebook.com\\\/staegerag\"]}]}<\/script>\n<meta property=\"product:brand\" content=\"Baobab\" \/>\n<meta property=\"og:availability\" content=\"instock\" \/>\n<meta property=\"product:availability\" content=\"instock\" \/>\n<meta property=\"product:condition\" content=\"new\" \/>\n<!-- \/ Yoast SEO Premium plugin. -->","yoast_head_json":{"title":"DUFTKERZE HERITAGE FONTENAY - Baobab Collection - Luxuriose Duftkerzen","description":"Die Duftkerze Fontenay findet ihre Inspiration in der zisterziensischen Abtei mit demselben Namen, einem architektonischen Meisterwerk mitten im Burgund. Das Glas wird in unseren Werkst\u00e4tten mit der Hand graviert. Architektonische Linien pr\u00e4sentieren sich dezent auf dem Material und lassen die Flamme durchscheinen, die das Motiv zum Leben erwachen l\u00e4sst. Der Farbton des Glases passt perfekt zu dem holzigen Duft.","robots":{"index":"index","follow":"follow","max-snippet":"max-snippet:-1","max-image-preview":"max-image-preview:large","max-video-preview":"max-video-preview:-1"},"canonical":"https:\/\/staegerag.ch\/baobabcollection\/produkt\/duftkerze-heritage-fontenay\/","og_locale":"de_DE","og_type":"article","og_title":"DUFTKERZE HERITAGE FONTENAY","og_description":"Die Duftkerze Fontenay findet ihre Inspiration in der zisterziensischen Abtei mit demselben Namen, einem architektonischen Meisterwerk mitten im Burgund. Das Glas wird in unseren Werkst\u00e4tten mit der Hand graviert. Architektonische Linien pr\u00e4sentieren sich dezent auf dem Material und lassen die Flamme durchscheinen, die das Motiv zum Leben erwachen l\u00e4sst. Der Farbton des Glases passt perfekt zu dem holzigen Duft.","og_url":"https:\/\/staegerag.ch\/baobabcollection\/produkt\/duftkerze-heritage-fontenay\/","og_site_name":"Baobab Collection - Luxuriose Duftkerzen","article_publisher":"https:\/\/facebook.com\/staegerag","article_modified_time":"2025-12-29T16:53:36+00:00","og_image":[{"width":1100,"height":1375,"url":"https:\/\/staegerag.ch\/baobabcollection\/wp-content\/uploads\/sites\/3\/2025\/12\/Heritage_Fontenay-groupshot_1100x.webp","type":"image\/webp"}],"twitter_card":"summary_large_image","twitter_misc":{"Verf\u00fcgbarkeit":"Auf Lager"},"schema":{"@context":"https:\/\/schema.org","@graph":[{"@type":"WebPage","@id":"https:\/\/staegerag.ch\/baobabcollection\/produkt\/duftkerze-heritage-fontenay\/","url":"https:\/\/staegerag.ch\/baobabcollection\/produkt\/duftkerze-heritage-fontenay\/","name":"DUFTKERZE HERITAGE FONTENAY - Baobab Collection - Luxuriose Duftkerzen","isPartOf":{"@id":"https:\/\/staegerag.ch\/baobabcollection\/#website"},"primaryImageOfPage":{"@id":"https:\/\/staegerag.ch\/baobabcollection\/produkt\/duftkerze-heritage-fontenay\/#primaryimage"},"image":{"@id":"https:\/\/staegerag.ch\/baobabcollection\/produkt\/duftkerze-heritage-fontenay\/#primaryimage"},"thumbnailUrl":"https:\/\/staegerag.ch\/baobabcollection\/wp-content\/uploads\/sites\/3\/2025\/12\/Heritage_Fontenay-groupshot_1100x.webp","datePublished":"2025-12-27T10:48:20+00:00","dateModified":"2025-12-29T16:53:36+00:00","description":"Die Duftkerze Fontenay findet ihre Inspiration in der zisterziensischen Abtei mit demselben Namen, einem architektonischen Meisterwerk mitten im Burgund. Das Glas wird in unseren Werkst\u00e4tten mit der Hand graviert. Architektonische Linien pr\u00e4sentieren sich dezent auf dem Material und lassen die Flamme durchscheinen, die das Motiv zum Leben erwachen l\u00e4sst. Der Farbton des Glases passt perfekt zu dem holzigen Duft.","breadcrumb":{"@id":"https:\/\/staegerag.ch\/baobabcollection\/produkt\/duftkerze-heritage-fontenay\/#breadcrumb"},"inLanguage":"de","potentialAction":[{"@type":"ReadAction","target":["https:\/\/staegerag.ch\/baobabcollection\/produkt\/duftkerze-heritage-fontenay\/"]}]},{"@type":"ImageObject","inLanguage":"de","@id":"https:\/\/staegerag.ch\/baobabcollection\/produkt\/duftkerze-heritage-fontenay\/#primaryimage","url":"https:\/\/staegerag.ch\/baobabcollection\/wp-content\/uploads\/sites\/3\/2025\/12\/Heritage_Fontenay-groupshot_1100x.webp","contentUrl":"https:\/\/staegerag.ch\/baobabcollection\/wp-content\/uploads\/sites\/3\/2025\/12\/Heritage_Fontenay-groupshot_1100x.webp","width":1100,"height":1375},{"@type":"BreadcrumbList","@id":"https:\/\/staegerag.ch\/baobabcollection\/produkt\/duftkerze-heritage-fontenay\/#breadcrumb","itemListElement":[{"@type":"ListItem","position":1,"name":"Startseite","item":"https:\/\/staegerag.ch\/baobabcollection\/"},{"@type":"ListItem","position":2,"name":"Produkte","item":"https:\/\/staegerag.ch\/baobabcollection\/shop__trashed\/"},{"@type":"ListItem","position":3,"name":"DUFTKERZE HERITAGE FONTENAY"}]},{"@type":"WebSite","@id":"https:\/\/staegerag.ch\/baobabcollection\/#website","url":"https:\/\/staegerag.ch\/baobabcollection\/","name":"Baobab Collection - Luxuriose Duftkerzen","description":"","publisher":{"@id":"https:\/\/staegerag.ch\/baobabcollection\/#organization"},"potentialAction":[{"@type":"SearchAction","target":{"@type":"EntryPoint","urlTemplate":"https:\/\/staegerag.ch\/baobabcollection\/?s={search_term_string}"},"query-input":{"@type":"PropertyValueSpecification","valueRequired":true,"valueName":"search_term_string"}}],"inLanguage":"de"},{"@type":"Organization","@id":"https:\/\/staegerag.ch\/baobabcollection\/#organization","name":"STAEGER AG Thalwil","url":"https:\/\/staegerag.ch\/baobabcollection\/","logo":{"@type":"ImageObject","inLanguage":"de","@id":"https:\/\/staegerag.ch\/baobabcollection\/#\/schema\/logo\/image\/","url":"https:\/\/staegerag.ch\/baobabcollection\/wp-content\/uploads\/sites\/3\/2025\/10\/staegerag-logo-300px-1.png","contentUrl":"https:\/\/staegerag.ch\/baobabcollection\/wp-content\/uploads\/sites\/3\/2025\/10\/staegerag-logo-300px-1.png","width":1068,"height":300,"caption":"STAEGER AG Thalwil"},"image":{"@id":"https:\/\/staegerag.ch\/baobabcollection\/#\/schema\/logo\/image\/"},"sameAs":["https:\/\/facebook.com\/staegerag"]}]},"product_brand":"Baobab","og_availability":"instock","product_availability":"instock","product_condition":"new"},"jetpack_sharing_enabled":true,"_links":{"self":[{"href":"https:\/\/staegerag.ch\/baobabcollection\/wp-json\/wp\/v2\/product\/8257","targetHints":{"allow":["GET"]}}],"collection":[{"href":"https:\/\/staegerag.ch\/baobabcollection\/wp-json\/wp\/v2\/product"}],"about":[{"href":"https:\/\/staegerag.ch\/baobabcollection\/wp-json\/wp\/v2\/types\/product"}],"version-history":[{"count":4,"href":"https:\/\/staegerag.ch\/baobabcollection\/wp-json\/wp\/v2\/product\/8257\/revisions"}],"predecessor-version":[{"id":8323,"href":"https:\/\/staegerag.ch\/baobabcollection\/wp-json\/wp\/v2\/product\/8257\/revisions\/8323"}],"wp:featuredmedia":[{"embeddable":true,"href":"https:\/\/staegerag.ch\/baobabcollection\/wp-json\/wp\/v2\/media\/8258"}],"wp:attachment":[{"href":"https:\/\/staegerag.ch\/baobabcollection\/wp-json\/wp\/v2\/media?parent=8257"}],"wp:term":[{"taxonomy":"product_brand","embeddable":true,"href":"https:\/\/staegerag.ch\/baobabcollection\/wp-json\/wp\/v2\/product_brand?post=8257"},{"taxonomy":"product_cat","embeddable":true,"href":"https:\/\/staegerag.ch\/baobabcollection\/wp-json\/wp\/v2\/product_cat?post=8257"},{"taxonomy":"product_tag","embeddable":true,"href":"https:\/\/staegerag.ch\/baobabcollection\/wp-json\/wp\/v2\/product_tag?post=8257"}],"curies":[{"name":"wp","href":"https:\/\/api.w.org\/{rel}","templated":true}]}}